{"id":972,"date":"2021-01-15T13:52:45","date_gmt":"2021-01-15T12:52:45","guid":{"rendered":"https:\/\/garobulles.com\/?post_type=product&#038;p=972"},"modified":"2025-11-19T18:02:37","modified_gmt":"2025-11-19T17:02:37","slug":"luffa-vegetale","status":"publish","type":"product","link":"https:\/\/garobulles.com\/index.php\/produit\/luffa-vegetale\/","title":{"rendered":"Luffa v\u00e9g\u00e9tale"},"content":{"rendered":"<p>\u00e9ponge luffa exfoliante en fibre v\u00e9g\u00e9tale, pour un gommage corporel. Dimension environ 11 cm<\/p>\n<p>Conseil d&rsquo;utilisation: A utiliser une fois par semaine environ pour \u00e9liminer les peaux mortes.<\/p>\n<p>De pr\u00e9f\u00e9rence bien mouillez\u00a0 votre \u00e9ponge avant de l&rsquo;utiliser.<\/p>\n<div class=\"cc-m-hgrid-column\">\n<div id=\"cc-matrix-2335234384\">\n<div id=\"cc-m-9266270284\" class=\"j-module n j-text \">\n<ul>\n<li>Stimulent la circulation sanguine<\/li>\n<li>Agissent en pr\u00e9vention de la cellulite<\/li>\n<li>R\u00e9duisent les points noirs<\/li>\n<li>Agissent en pr\u00e9vention des poils incarn\u00e9s<\/li>\n<li>\u00c9liminent les peaux mortes<\/li>\n<li>Sont tr\u00e8s respectueuses de votre peau<\/li>\n<\/ul>\n<p>&nbsp;<\/p>\n<\/div>\n<\/div>\n<\/div>\n<div class=\"cc-m-hgrid-separator\" data-display=\"cms-only\">\n<div><\/div>\n<\/div>\n<div class=\"cc-m-hgrid-column last\">\n<div id=\"cc-matrix-2335234484\">\n<div id=\"cc-m-9266270384\" class=\"j-module n j-text \">\n<ul>\n<li>Sont 100 % naturelles<\/li>\n<li>100 % biod\u00e9gradables<\/li>\n<li>Sont r\u00e9sistantes dans le temps<\/li>\n<li>Sont id\u00e9ales pour une utilisation avec\u00a0 du savon<\/li>\n<li>Sont un excellent exfoliant aussi bien \u00e0 sec que sur peau humide<\/li>\n<\/ul>\n<\/div>\n<\/div>\n<\/div>\n","protected":false},"excerpt":{"rendered":"<p>\u00e9ponge v\u00e9g\u00e9tale exfoliante pour un gommage corporel<\/p>\n","protected":false},"featured_media":2103,"template":"","meta":[],"product_brand":[],"product_cat":[26],"product_tag":[],"class_list":{"0":"post-972","1":"product","2":"type-product","3":"status-publish","4":"has-post-thumbnail","6":"product_cat-accessoires","8":"entry","9":"has-media","11":"first","12":"instock","13":"taxable","14":"shipping-taxable","15":"purchasable","16":"product-type-simple","17":"has-product-nav","18":"col","19":"span_1_of_3","20":"owp-content-center","21":"owp-thumbs-layout-horizontal","22":"owp-btn-normal","23":"owp-tabs-layout-horizontal","24":"has-no-thumbnails"},"yoast_head":"<!-- This site is optimized with the Yoast SEO plugin v27.4 - https:\/\/yoast.com\/product\/yoast-seo-wordpress\/ -->\n<title>Luffa v\u00e9g\u00e9tale - Savonnerie garobulles<\/title>\n<meta name=\"description\" content=\"\u00e9ponge luffa exfoliante en fibre v\u00e9g\u00e9tale pour un gommage corporel. Peux aussi s&#039;utiliser en porte savon elle permettra alors de bien s\u00e9cher votre savon.\" \/>\n<meta name=\"robots\" content=\"index, follow, max-snippet:-1, max-image-preview:large, max-video-preview:-1\" \/>\n<link rel=\"canonical\" href=\"https:\/\/garobulles.com\/index.php\/produit\/luffa-vegetale\/\" \/>\n<meta property=\"og:locale\" content=\"fr_FR\" \/>\n<meta property=\"og:type\" content=\"article\" \/>\n<meta property=\"og:title\" content=\"Luffa v\u00e9g\u00e9tale - Savonnerie garobulles\" \/>\n<meta property=\"og:description\" content=\"\u00e9ponge luffa exfoliante en fibre v\u00e9g\u00e9tale pour un gommage corporel. Peux aussi s&#039;utiliser en porte savon elle permettra alors de bien s\u00e9cher votre savon.\" \/>\n<meta property=\"og:url\" content=\"https:\/\/garobulles.com\/index.php\/produit\/luffa-vegetale\/\" \/>\n<meta property=\"og:site_name\" content=\"Savonnerie garobulles\" \/>\n<meta property=\"article:modified_time\" content=\"2025-11-19T17:02:37+00:00\" \/>\n<meta property=\"og:image\" content=\"https:\/\/garobulles.com\/wp-content\/uploads\/2022\/07\/DSC_7471-scaled.jpg\" \/>\n\t<meta property=\"og:image:width\" content=\"1709\" \/>\n\t<meta property=\"og:image:height\" content=\"2560\" \/>\n\t<meta property=\"og:image:type\" content=\"image\/jpeg\" \/>\n<meta name=\"twitter:card\" content=\"summary_large_image\" \/>\n<meta name=\"twitter:label1\" content=\"Dur\u00e9e de lecture estim\u00e9e\" \/>\n\t<meta name=\"twitter:data1\" content=\"1 minute\" \/>\n<script type=\"application\/ld+json\" class=\"yoast-schema-graph\">{\"@context\":\"https:\\\/\\\/schema.org\",\"@graph\":[{\"@type\":\"WebPage\",\"@id\":\"https:\\\/\\\/garobulles.com\\\/index.php\\\/produit\\\/luffa-vegetale\\\/\",\"url\":\"https:\\\/\\\/garobulles.com\\\/index.php\\\/produit\\\/luffa-vegetale\\\/\",\"name\":\"Luffa v\u00e9g\u00e9tale - Savonnerie garobulles\",\"isPartOf\":{\"@id\":\"https:\\\/\\\/garobulles.com\\\/#website\"},\"primaryImageOfPage\":{\"@id\":\"https:\\\/\\\/garobulles.com\\\/index.php\\\/produit\\\/luffa-vegetale\\\/#primaryimage\"},\"image\":{\"@id\":\"https:\\\/\\\/garobulles.com\\\/index.php\\\/produit\\\/luffa-vegetale\\\/#primaryimage\"},\"thumbnailUrl\":\"https:\\\/\\\/i0.wp.com\\\/garobulles.com\\\/wp-content\\\/uploads\\\/2022\\\/07\\\/DSC_7471-scaled.jpg?fit=1709%2C2560&ssl=1\",\"datePublished\":\"2021-01-15T12:52:45+00:00\",\"dateModified\":\"2025-11-19T17:02:37+00:00\",\"description\":\"\u00e9ponge luffa exfoliante en fibre v\u00e9g\u00e9tale pour un gommage corporel. Peux aussi s'utiliser en porte savon elle permettra alors de bien s\u00e9cher votre savon.\",\"breadcrumb\":{\"@id\":\"https:\\\/\\\/garobulles.com\\\/index.php\\\/produit\\\/luffa-vegetale\\\/#breadcrumb\"},\"inLanguage\":\"fr-FR\",\"potentialAction\":[{\"@type\":\"ReadAction\",\"target\":[\"https:\\\/\\\/garobulles.com\\\/index.php\\\/produit\\\/luffa-vegetale\\\/\"]}]},{\"@type\":\"ImageObject\",\"inLanguage\":\"fr-FR\",\"@id\":\"https:\\\/\\\/garobulles.com\\\/index.php\\\/produit\\\/luffa-vegetale\\\/#primaryimage\",\"url\":\"https:\\\/\\\/i0.wp.com\\\/garobulles.com\\\/wp-content\\\/uploads\\\/2022\\\/07\\\/DSC_7471-scaled.jpg?fit=1709%2C2560&ssl=1\",\"contentUrl\":\"https:\\\/\\\/i0.wp.com\\\/garobulles.com\\\/wp-content\\\/uploads\\\/2022\\\/07\\\/DSC_7471-scaled.jpg?fit=1709%2C2560&ssl=1\",\"width\":1709,\"height\":2560,\"caption\":\"Luffa\"},{\"@type\":\"BreadcrumbList\",\"@id\":\"https:\\\/\\\/garobulles.com\\\/index.php\\\/produit\\\/luffa-vegetale\\\/#breadcrumb\",\"itemListElement\":[{\"@type\":\"ListItem\",\"position\":1,\"name\":\"Accueil\",\"item\":\"https:\\\/\\\/garobulles.com\\\/\"},{\"@type\":\"ListItem\",\"position\":2,\"name\":\"Boutique\",\"item\":\"https:\\\/\\\/garobulles.com\\\/index.php\\\/boutique-garobulles\\\/\"},{\"@type\":\"ListItem\",\"position\":3,\"name\":\"Luffa v\u00e9g\u00e9tale\"}]},{\"@type\":\"WebSite\",\"@id\":\"https:\\\/\\\/garobulles.com\\\/#website\",\"url\":\"https:\\\/\\\/garobulles.com\\\/\",\"name\":\"Savonnerie garobulles\",\"description\":\"&quot;Une exp\u00e9rience sensorielle, un moment de bien \u00eatre.\",\"publisher\":{\"@id\":\"https:\\\/\\\/garobulles.com\\\/#organization\"},\"potentialAction\":[{\"@type\":\"SearchAction\",\"target\":{\"@type\":\"EntryPoint\",\"urlTemplate\":\"https:\\\/\\\/garobulles.com\\\/?s={search_term_string}\"},\"query-input\":{\"@type\":\"PropertyValueSpecification\",\"valueRequired\":true,\"valueName\":\"search_term_string\"}}],\"inLanguage\":\"fr-FR\"},{\"@type\":\"Organization\",\"@id\":\"https:\\\/\\\/garobulles.com\\\/#organization\",\"name\":\"Savonnerie garobulles\",\"url\":\"https:\\\/\\\/garobulles.com\\\/\",\"logo\":{\"@type\":\"ImageObject\",\"inLanguage\":\"fr-FR\",\"@id\":\"https:\\\/\\\/garobulles.com\\\/#\\\/schema\\\/logo\\\/image\\\/\",\"url\":\"https:\\\/\\\/i0.wp.com\\\/garobulles.com\\\/wp-content\\\/uploads\\\/2020\\\/10\\\/cropped-garobulle-blanc-4.png?fit=582%2C524&ssl=1\",\"contentUrl\":\"https:\\\/\\\/i0.wp.com\\\/garobulles.com\\\/wp-content\\\/uploads\\\/2020\\\/10\\\/cropped-garobulle-blanc-4.png?fit=582%2C524&ssl=1\",\"width\":582,\"height\":524,\"caption\":\"Savonnerie garobulles\"},\"image\":{\"@id\":\"https:\\\/\\\/garobulles.com\\\/#\\\/schema\\\/logo\\\/image\\\/\"}}]}<\/script>\n<!-- \/ Yoast SEO plugin. -->","yoast_head_json":{"title":"Luffa v\u00e9g\u00e9tale - Savonnerie garobulles","description":"\u00e9ponge luffa exfoliante en fibre v\u00e9g\u00e9tale pour un gommage corporel. Peux aussi s'utiliser en porte savon elle permettra alors de bien s\u00e9cher votre savon.","robots":{"index":"index","follow":"follow","max-snippet":"max-snippet:-1","max-image-preview":"max-image-preview:large","max-video-preview":"max-video-preview:-1"},"canonical":"https:\/\/garobulles.com\/index.php\/produit\/luffa-vegetale\/","og_locale":"fr_FR","og_type":"article","og_title":"Luffa v\u00e9g\u00e9tale - Savonnerie garobulles","og_description":"\u00e9ponge luffa exfoliante en fibre v\u00e9g\u00e9tale pour un gommage corporel. Peux aussi s'utiliser en porte savon elle permettra alors de bien s\u00e9cher votre savon.","og_url":"https:\/\/garobulles.com\/index.php\/produit\/luffa-vegetale\/","og_site_name":"Savonnerie garobulles","article_modified_time":"2025-11-19T17:02:37+00:00","og_image":[{"width":1709,"height":2560,"url":"https:\/\/garobulles.com\/wp-content\/uploads\/2022\/07\/DSC_7471-scaled.jpg","type":"image\/jpeg"}],"twitter_card":"summary_large_image","twitter_misc":{"Dur\u00e9e de lecture estim\u00e9e":"1 minute"},"schema":{"@context":"https:\/\/schema.org","@graph":[{"@type":"WebPage","@id":"https:\/\/garobulles.com\/index.php\/produit\/luffa-vegetale\/","url":"https:\/\/garobulles.com\/index.php\/produit\/luffa-vegetale\/","name":"Luffa v\u00e9g\u00e9tale - Savonnerie garobulles","isPartOf":{"@id":"https:\/\/garobulles.com\/#website"},"primaryImageOfPage":{"@id":"https:\/\/garobulles.com\/index.php\/produit\/luffa-vegetale\/#primaryimage"},"image":{"@id":"https:\/\/garobulles.com\/index.php\/produit\/luffa-vegetale\/#primaryimage"},"thumbnailUrl":"https:\/\/i0.wp.com\/garobulles.com\/wp-content\/uploads\/2022\/07\/DSC_7471-scaled.jpg?fit=1709%2C2560&ssl=1","datePublished":"2021-01-15T12:52:45+00:00","dateModified":"2025-11-19T17:02:37+00:00","description":"\u00e9ponge luffa exfoliante en fibre v\u00e9g\u00e9tale pour un gommage corporel. Peux aussi s'utiliser en porte savon elle permettra alors de bien s\u00e9cher votre savon.","breadcrumb":{"@id":"https:\/\/garobulles.com\/index.php\/produit\/luffa-vegetale\/#breadcrumb"},"inLanguage":"fr-FR","potentialAction":[{"@type":"ReadAction","target":["https:\/\/garobulles.com\/index.php\/produit\/luffa-vegetale\/"]}]},{"@type":"ImageObject","inLanguage":"fr-FR","@id":"https:\/\/garobulles.com\/index.php\/produit\/luffa-vegetale\/#primaryimage","url":"https:\/\/i0.wp.com\/garobulles.com\/wp-content\/uploads\/2022\/07\/DSC_7471-scaled.jpg?fit=1709%2C2560&ssl=1","contentUrl":"https:\/\/i0.wp.com\/garobulles.com\/wp-content\/uploads\/2022\/07\/DSC_7471-scaled.jpg?fit=1709%2C2560&ssl=1","width":1709,"height":2560,"caption":"Luffa"},{"@type":"BreadcrumbList","@id":"https:\/\/garobulles.com\/index.php\/produit\/luffa-vegetale\/#breadcrumb","itemListElement":[{"@type":"ListItem","position":1,"name":"Accueil","item":"https:\/\/garobulles.com\/"},{"@type":"ListItem","position":2,"name":"Boutique","item":"https:\/\/garobulles.com\/index.php\/boutique-garobulles\/"},{"@type":"ListItem","position":3,"name":"Luffa v\u00e9g\u00e9tale"}]},{"@type":"WebSite","@id":"https:\/\/garobulles.com\/#website","url":"https:\/\/garobulles.com\/","name":"Savonnerie garobulles","description":"&quot;Une exp\u00e9rience sensorielle, un moment de bien \u00eatre.","publisher":{"@id":"https:\/\/garobulles.com\/#organization"},"potentialAction":[{"@type":"SearchAction","target":{"@type":"EntryPoint","urlTemplate":"https:\/\/garobulles.com\/?s={search_term_string}"},"query-input":{"@type":"PropertyValueSpecification","valueRequired":true,"valueName":"search_term_string"}}],"inLanguage":"fr-FR"},{"@type":"Organization","@id":"https:\/\/garobulles.com\/#organization","name":"Savonnerie garobulles","url":"https:\/\/garobulles.com\/","logo":{"@type":"ImageObject","inLanguage":"fr-FR","@id":"https:\/\/garobulles.com\/#\/schema\/logo\/image\/","url":"https:\/\/i0.wp.com\/garobulles.com\/wp-content\/uploads\/2020\/10\/cropped-garobulle-blanc-4.png?fit=582%2C524&ssl=1","contentUrl":"https:\/\/i0.wp.com\/garobulles.com\/wp-content\/uploads\/2020\/10\/cropped-garobulle-blanc-4.png?fit=582%2C524&ssl=1","width":582,"height":524,"caption":"Savonnerie garobulles"},"image":{"@id":"https:\/\/garobulles.com\/#\/schema\/logo\/image\/"}}]}},"jetpack_sharing_enabled":true,"_links":{"self":[{"href":"https:\/\/garobulles.com\/index.php\/wp-json\/wp\/v2\/product\/972","targetHints":{"allow":["GET"]}}],"collection":[{"href":"https:\/\/garobulles.com\/index.php\/wp-json\/wp\/v2\/product"}],"about":[{"href":"https:\/\/garobulles.com\/index.php\/wp-json\/wp\/v2\/types\/product"}],"wp:featuredmedia":[{"embeddable":true,"href":"https:\/\/garobulles.com\/index.php\/wp-json\/wp\/v2\/media\/2103"}],"wp:attachment":[{"href":"https:\/\/garobulles.com\/index.php\/wp-json\/wp\/v2\/media?parent=972"}],"wp:term":[{"taxonomy":"product_brand","embeddable":true,"href":"https:\/\/garobulles.com\/index.php\/wp-json\/wp\/v2\/product_brand?post=972"},{"taxonomy":"product_cat","embeddable":true,"href":"https:\/\/garobulles.com\/index.php\/wp-json\/wp\/v2\/product_cat?post=972"},{"taxonomy":"product_tag","embeddable":true,"href":"https:\/\/garobulles.com\/index.php\/wp-json\/wp\/v2\/product_tag?post=972"}],"curies":[{"name":"wp","href":"https:\/\/api.w.org\/{rel}","templated":true}]}}