{"id":2970,"date":"2021-01-13T18:15:05","date_gmt":"2021-01-13T17:15:05","guid":{"rendered":"https:\/\/garobulles.com\/?post_type=product&#038;p=2970"},"modified":"2025-02-04T17:50:18","modified_gmt":"2025-02-04T16:50:18","slug":"coffret-soin-beaute","status":"publish","type":"product","link":"https:\/\/garobulles.com\/index.php\/produit\/coffret-soin-beaute\/","title":{"rendered":"Coffret Soin Beaut\u00e9"},"content":{"rendered":"<p>Coffret comprenant:<\/p>\n<p>Un bandeau en tissu coton et \u00e9ponge bambou qui permet de d\u00e9gager les cheveux du visage lors de l&rsquo;application d&rsquo;un masque, maquillage, d\u00e9maquillage, massage\u2026Il est r\u00e9glable et se ferme gr\u00e2ce \u00e0 un scratch.<\/p>\n<p>Une pierre visage: Pierre avec un grain tr\u00e8s fin, elle s\u2019utilise comme un applicateur sur le visage, cou, d\u00e9collet\u00e9). Elle facilite l\u2019\u00e9vacuation de l\u2019exc\u00e8s de s\u00e9bum tout en faisant un soin de la peau. D\u00e9posez un peu d\u2019huile v\u00e9g\u00e9tale de votre choix sur la pierre et appliquez directement sur la peau avec des petits mouvements circulaires .Une face exfoliante, une face massante.<\/p>\n<p>Entretien: laisser quelques minutes dans l\u2019eau bouillante, brosser, rincer sous l\u2019eau, puis laisser s\u00e9cher.<\/p>\n<p>le savon surgras 50gr Solena<\/p>\n<p>4 lingettes en tissus coton et \u00e9ponge bambou<\/p>\n","protected":false},"excerpt":{"rendered":"<p>Coffret comprenant 1 bandeau de soin,4 lingettes lavables, 1 savon surgras Solena 50g et une pierre visage<\/p>\n","protected":false},"featured_media":3361,"template":"","meta":[],"product_brand":[],"product_cat":[25],"product_tag":[],"class_list":{"0":"post-2970","1":"product","2":"type-product","3":"status-publish","4":"has-post-thumbnail","6":"product_cat-coffrets-cadeaux","8":"entry","9":"has-media","11":"first","12":"instock","13":"taxable","14":"shipping-taxable","15":"purchasable","16":"product-type-simple","17":"has-product-nav","18":"col","19":"span_1_of_3","20":"owp-content-center","21":"owp-thumbs-layout-horizontal","22":"owp-btn-normal","23":"owp-tabs-layout-horizontal","24":"has-no-thumbnails"},"yoast_head":"<!-- This site is optimized with the Yoast SEO plugin v27.5 - https:\/\/yoast.com\/product\/yoast-seo-wordpress\/ -->\n<title>Coffret Soin Beaut\u00e9 - Savonnerie garobulles<\/title>\n<meta name=\"description\" content=\"Votre pierre visage pour appliquer vos cr\u00e8mes ,vous masser en douceur ,vos lingettes d\u00e9maquillantes ,votre bandeau d\u00e9maquillant et votre savon.\" \/>\n<meta name=\"robots\" content=\"index, follow, max-snippet:-1, max-image-preview:large, max-video-preview:-1\" \/>\n<link rel=\"canonical\" href=\"https:\/\/garobulles.com\/index.php\/produit\/coffret-soin-beaute\/\" \/>\n<meta property=\"og:locale\" content=\"fr_FR\" \/>\n<meta property=\"og:type\" content=\"article\" \/>\n<meta property=\"og:title\" content=\"Coffret Soin Beaut\u00e9 - Savonnerie garobulles\" \/>\n<meta property=\"og:description\" content=\"Votre pierre visage pour appliquer vos cr\u00e8mes ,vous masser en douceur ,vos lingettes d\u00e9maquillantes ,votre bandeau d\u00e9maquillant et votre savon.\" \/>\n<meta property=\"og:url\" content=\"https:\/\/garobulles.com\/index.php\/produit\/coffret-soin-beaute\/\" \/>\n<meta property=\"og:site_name\" content=\"Savonnerie garobulles\" \/>\n<meta property=\"article:modified_time\" content=\"2025-02-04T16:50:18+00:00\" \/>\n<meta property=\"og:image\" content=\"https:\/\/garobulles.com\/wp-content\/uploads\/2021\/01\/IMG_20250204_105534-2-scaled-e1738687800710.jpg\" \/>\n\t<meta property=\"og:image:width\" content=\"1668\" \/>\n\t<meta property=\"og:image:height\" content=\"1595\" \/>\n\t<meta property=\"og:image:type\" content=\"image\/jpeg\" \/>\n<meta name=\"twitter:card\" content=\"summary_large_image\" \/>\n<meta name=\"twitter:label1\" content=\"Dur\u00e9e de lecture estim\u00e9e\" \/>\n\t<meta name=\"twitter:data1\" content=\"1 minute\" \/>\n<script type=\"application\/ld+json\" class=\"yoast-schema-graph\">{\"@context\":\"https:\\\/\\\/schema.org\",\"@graph\":[{\"@type\":\"WebPage\",\"@id\":\"https:\\\/\\\/garobulles.com\\\/index.php\\\/produit\\\/coffret-soin-beaute\\\/\",\"url\":\"https:\\\/\\\/garobulles.com\\\/index.php\\\/produit\\\/coffret-soin-beaute\\\/\",\"name\":\"Coffret Soin Beaut\u00e9 - Savonnerie garobulles\",\"isPartOf\":{\"@id\":\"https:\\\/\\\/garobulles.com\\\/#website\"},\"primaryImageOfPage\":{\"@id\":\"https:\\\/\\\/garobulles.com\\\/index.php\\\/produit\\\/coffret-soin-beaute\\\/#primaryimage\"},\"image\":{\"@id\":\"https:\\\/\\\/garobulles.com\\\/index.php\\\/produit\\\/coffret-soin-beaute\\\/#primaryimage\"},\"thumbnailUrl\":\"https:\\\/\\\/i0.wp.com\\\/garobulles.com\\\/wp-content\\\/uploads\\\/2021\\\/01\\\/IMG_20250204_105534-2-scaled-e1738687800710.jpg?fit=1668%2C1595&ssl=1\",\"datePublished\":\"2021-01-13T17:15:05+00:00\",\"dateModified\":\"2025-02-04T16:50:18+00:00\",\"description\":\"Votre pierre visage pour appliquer vos cr\u00e8mes ,vous masser en douceur ,vos lingettes d\u00e9maquillantes ,votre bandeau d\u00e9maquillant et votre savon.\",\"breadcrumb\":{\"@id\":\"https:\\\/\\\/garobulles.com\\\/index.php\\\/produit\\\/coffret-soin-beaute\\\/#breadcrumb\"},\"inLanguage\":\"fr-FR\",\"potentialAction\":[{\"@type\":\"ReadAction\",\"target\":[\"https:\\\/\\\/garobulles.com\\\/index.php\\\/produit\\\/coffret-soin-beaute\\\/\"]}]},{\"@type\":\"ImageObject\",\"inLanguage\":\"fr-FR\",\"@id\":\"https:\\\/\\\/garobulles.com\\\/index.php\\\/produit\\\/coffret-soin-beaute\\\/#primaryimage\",\"url\":\"https:\\\/\\\/i0.wp.com\\\/garobulles.com\\\/wp-content\\\/uploads\\\/2021\\\/01\\\/IMG_20250204_105534-2-scaled-e1738687800710.jpg?fit=1668%2C1595&ssl=1\",\"contentUrl\":\"https:\\\/\\\/i0.wp.com\\\/garobulles.com\\\/wp-content\\\/uploads\\\/2021\\\/01\\\/IMG_20250204_105534-2-scaled-e1738687800710.jpg?fit=1668%2C1595&ssl=1\",\"width\":1668,\"height\":1595},{\"@type\":\"BreadcrumbList\",\"@id\":\"https:\\\/\\\/garobulles.com\\\/index.php\\\/produit\\\/coffret-soin-beaute\\\/#breadcrumb\",\"itemListElement\":[{\"@type\":\"ListItem\",\"position\":1,\"name\":\"Accueil\",\"item\":\"https:\\\/\\\/garobulles.com\\\/\"},{\"@type\":\"ListItem\",\"position\":2,\"name\":\"Boutique\",\"item\":\"https:\\\/\\\/garobulles.com\\\/index.php\\\/boutique-garobulles\\\/\"},{\"@type\":\"ListItem\",\"position\":3,\"name\":\"Coffret Soin Beaut\u00e9\"}]},{\"@type\":\"WebSite\",\"@id\":\"https:\\\/\\\/garobulles.com\\\/#website\",\"url\":\"https:\\\/\\\/garobulles.com\\\/\",\"name\":\"Savonnerie garobulles\",\"description\":\"&quot;Une exp\u00e9rience sensorielle, un moment de bien \u00eatre.\",\"publisher\":{\"@id\":\"https:\\\/\\\/garobulles.com\\\/#organization\"},\"potentialAction\":[{\"@type\":\"SearchAction\",\"target\":{\"@type\":\"EntryPoint\",\"urlTemplate\":\"https:\\\/\\\/garobulles.com\\\/?s={search_term_string}\"},\"query-input\":{\"@type\":\"PropertyValueSpecification\",\"valueRequired\":true,\"valueName\":\"search_term_string\"}}],\"inLanguage\":\"fr-FR\"},{\"@type\":\"Organization\",\"@id\":\"https:\\\/\\\/garobulles.com\\\/#organization\",\"name\":\"Savonnerie garobulles\",\"url\":\"https:\\\/\\\/garobulles.com\\\/\",\"logo\":{\"@type\":\"ImageObject\",\"inLanguage\":\"fr-FR\",\"@id\":\"https:\\\/\\\/garobulles.com\\\/#\\\/schema\\\/logo\\\/image\\\/\",\"url\":\"https:\\\/\\\/i0.wp.com\\\/garobulles.com\\\/wp-content\\\/uploads\\\/2020\\\/10\\\/cropped-garobulle-blanc-4.png?fit=582%2C524&ssl=1\",\"contentUrl\":\"https:\\\/\\\/i0.wp.com\\\/garobulles.com\\\/wp-content\\\/uploads\\\/2020\\\/10\\\/cropped-garobulle-blanc-4.png?fit=582%2C524&ssl=1\",\"width\":582,\"height\":524,\"caption\":\"Savonnerie garobulles\"},\"image\":{\"@id\":\"https:\\\/\\\/garobulles.com\\\/#\\\/schema\\\/logo\\\/image\\\/\"}}]}<\/script>\n<!-- \/ Yoast SEO plugin. -->","yoast_head_json":{"title":"Coffret Soin Beaut\u00e9 - Savonnerie garobulles","description":"Votre pierre visage pour appliquer vos cr\u00e8mes ,vous masser en douceur ,vos lingettes d\u00e9maquillantes ,votre bandeau d\u00e9maquillant et votre savon.","robots":{"index":"index","follow":"follow","max-snippet":"max-snippet:-1","max-image-preview":"max-image-preview:large","max-video-preview":"max-video-preview:-1"},"canonical":"https:\/\/garobulles.com\/index.php\/produit\/coffret-soin-beaute\/","og_locale":"fr_FR","og_type":"article","og_title":"Coffret Soin Beaut\u00e9 - Savonnerie garobulles","og_description":"Votre pierre visage pour appliquer vos cr\u00e8mes ,vous masser en douceur ,vos lingettes d\u00e9maquillantes ,votre bandeau d\u00e9maquillant et votre savon.","og_url":"https:\/\/garobulles.com\/index.php\/produit\/coffret-soin-beaute\/","og_site_name":"Savonnerie garobulles","article_modified_time":"2025-02-04T16:50:18+00:00","og_image":[{"width":1668,"height":1595,"url":"https:\/\/garobulles.com\/wp-content\/uploads\/2021\/01\/IMG_20250204_105534-2-scaled-e1738687800710.jpg","type":"image\/jpeg"}],"twitter_card":"summary_large_image","twitter_misc":{"Dur\u00e9e de lecture estim\u00e9e":"1 minute"},"schema":{"@context":"https:\/\/schema.org","@graph":[{"@type":"WebPage","@id":"https:\/\/garobulles.com\/index.php\/produit\/coffret-soin-beaute\/","url":"https:\/\/garobulles.com\/index.php\/produit\/coffret-soin-beaute\/","name":"Coffret Soin Beaut\u00e9 - Savonnerie garobulles","isPartOf":{"@id":"https:\/\/garobulles.com\/#website"},"primaryImageOfPage":{"@id":"https:\/\/garobulles.com\/index.php\/produit\/coffret-soin-beaute\/#primaryimage"},"image":{"@id":"https:\/\/garobulles.com\/index.php\/produit\/coffret-soin-beaute\/#primaryimage"},"thumbnailUrl":"https:\/\/i0.wp.com\/garobulles.com\/wp-content\/uploads\/2021\/01\/IMG_20250204_105534-2-scaled-e1738687800710.jpg?fit=1668%2C1595&ssl=1","datePublished":"2021-01-13T17:15:05+00:00","dateModified":"2025-02-04T16:50:18+00:00","description":"Votre pierre visage pour appliquer vos cr\u00e8mes ,vous masser en douceur ,vos lingettes d\u00e9maquillantes ,votre bandeau d\u00e9maquillant et votre savon.","breadcrumb":{"@id":"https:\/\/garobulles.com\/index.php\/produit\/coffret-soin-beaute\/#breadcrumb"},"inLanguage":"fr-FR","potentialAction":[{"@type":"ReadAction","target":["https:\/\/garobulles.com\/index.php\/produit\/coffret-soin-beaute\/"]}]},{"@type":"ImageObject","inLanguage":"fr-FR","@id":"https:\/\/garobulles.com\/index.php\/produit\/coffret-soin-beaute\/#primaryimage","url":"https:\/\/i0.wp.com\/garobulles.com\/wp-content\/uploads\/2021\/01\/IMG_20250204_105534-2-scaled-e1738687800710.jpg?fit=1668%2C1595&ssl=1","contentUrl":"https:\/\/i0.wp.com\/garobulles.com\/wp-content\/uploads\/2021\/01\/IMG_20250204_105534-2-scaled-e1738687800710.jpg?fit=1668%2C1595&ssl=1","width":1668,"height":1595},{"@type":"BreadcrumbList","@id":"https:\/\/garobulles.com\/index.php\/produit\/coffret-soin-beaute\/#breadcrumb","itemListElement":[{"@type":"ListItem","position":1,"name":"Accueil","item":"https:\/\/garobulles.com\/"},{"@type":"ListItem","position":2,"name":"Boutique","item":"https:\/\/garobulles.com\/index.php\/boutique-garobulles\/"},{"@type":"ListItem","position":3,"name":"Coffret Soin Beaut\u00e9"}]},{"@type":"WebSite","@id":"https:\/\/garobulles.com\/#website","url":"https:\/\/garobulles.com\/","name":"Savonnerie garobulles","description":"&quot;Une exp\u00e9rience sensorielle, un moment de bien \u00eatre.","publisher":{"@id":"https:\/\/garobulles.com\/#organization"},"potentialAction":[{"@type":"SearchAction","target":{"@type":"EntryPoint","urlTemplate":"https:\/\/garobulles.com\/?s={search_term_string}"},"query-input":{"@type":"PropertyValueSpecification","valueRequired":true,"valueName":"search_term_string"}}],"inLanguage":"fr-FR"},{"@type":"Organization","@id":"https:\/\/garobulles.com\/#organization","name":"Savonnerie garobulles","url":"https:\/\/garobulles.com\/","logo":{"@type":"ImageObject","inLanguage":"fr-FR","@id":"https:\/\/garobulles.com\/#\/schema\/logo\/image\/","url":"https:\/\/i0.wp.com\/garobulles.com\/wp-content\/uploads\/2020\/10\/cropped-garobulle-blanc-4.png?fit=582%2C524&ssl=1","contentUrl":"https:\/\/i0.wp.com\/garobulles.com\/wp-content\/uploads\/2020\/10\/cropped-garobulle-blanc-4.png?fit=582%2C524&ssl=1","width":582,"height":524,"caption":"Savonnerie garobulles"},"image":{"@id":"https:\/\/garobulles.com\/#\/schema\/logo\/image\/"}}]}},"jetpack_sharing_enabled":true,"_links":{"self":[{"href":"https:\/\/garobulles.com\/index.php\/wp-json\/wp\/v2\/product\/2970","targetHints":{"allow":["GET"]}}],"collection":[{"href":"https:\/\/garobulles.com\/index.php\/wp-json\/wp\/v2\/product"}],"about":[{"href":"https:\/\/garobulles.com\/index.php\/wp-json\/wp\/v2\/types\/product"}],"wp:featuredmedia":[{"embeddable":true,"href":"https:\/\/garobulles.com\/index.php\/wp-json\/wp\/v2\/media\/3361"}],"wp:attachment":[{"href":"https:\/\/garobulles.com\/index.php\/wp-json\/wp\/v2\/media?parent=2970"}],"wp:term":[{"taxonomy":"product_brand","embeddable":true,"href":"https:\/\/garobulles.com\/index.php\/wp-json\/wp\/v2\/product_brand?post=2970"},{"taxonomy":"product_cat","embeddable":true,"href":"https:\/\/garobulles.com\/index.php\/wp-json\/wp\/v2\/product_cat?post=2970"},{"taxonomy":"product_tag","embeddable":true,"href":"https:\/\/garobulles.com\/index.php\/wp-json\/wp\/v2\/product_tag?post=2970"}],"curies":[{"name":"wp","href":"https:\/\/api.w.org\/{rel}","templated":true}]}}