{"id":245,"date":"2021-01-15T14:00:45","date_gmt":"2021-01-15T13:00:45","guid":{"rendered":"http:\/\/garobulles.com\/?post_type=product&#038;p=245"},"modified":"2026-03-25T18:59:46","modified_gmt":"2026-03-25T17:59:46","slug":"shampoing-solide-garotif","status":"publish","type":"product","link":"https:\/\/garobulles.com\/index.php\/produit\/shampoing-solide-garotif\/","title":{"rendered":"Shampoing Solide Garo&rsquo;Tif n\u00b05 pour Cheveux Normaux"},"content":{"rendered":"<p>Ce shampoing solide et artisanal pour cheveux normaux est votre alli\u00e9 z\u00e9ro d\u00e9chet !<\/p>\n<p>Destin\u00e9 aux cheveux normaux, il lave et prend soin de vos cheveux sans les agresser.<\/p>\n<p>Ce shampoing solide est formul\u00e9 \u00e0 base d&rsquo;argile verte et d&rsquo;ortie piquante, connues pour leurs propri\u00e9t\u00e9s purifiantes et fortifiantes.<\/p>\n<p>Enrichi au beurre de karit\u00e9 et \u00e0 l&rsquo;huile de coco, il assouplit et hydrate la fibre capillaire en profondeur.<\/p>\n<p>Sa touche de verveine exotique laissera votre crini\u00e8re subtilement parfum\u00e9e.<\/p>\n<p>Composition:sodium cocoyl isethionate(tensio actif doux issu de la noix de coco),argile verte,acide st\u00e9arique,eau,ortie piquante * ,beurre de karit\u00e9*,huile de coco*,huile essentielle de verveine exotique*,Citral**,Citronellol**,Geraniol**,Limonene**,Linalool**<\/p>\n<p>Ingredients:sodium cocoyl isethionate,st\u00e9aric acid,Illite,Aqua,Urtica dioica leaf powder*,Kaolin,Butyrosperrmum Parkii Butter*,Cocos nucifera oil*,Montmorillonite,Litsea cubeba fruit oil*,Citral**,Citronellol**,Geraniol**,Limonene**,Linalool**<\/p>\n<p>*issu de l&rsquo;agriculture biologique\u00a0 **Naturellement pr\u00e9sent<\/p>\n<p><span class=\"h2\">NOS CONSEILS D&rsquo;UTILISATION<\/span><\/p>\n<p>Frottez le shampoing solide sur vos cheveux mouill\u00e9s ou dans vos mains jusqu&rsquo;\u00e0 le faire mousser.<\/p>\n<p>Massez les cheveux et le cuir chevelu, puis rincez \u00e0 l&rsquo;eau claire.<\/p>\n<p>&nbsp;<\/p>\n","protected":false},"excerpt":{"rendered":"<p><span data-contrast=\"auto\">Shampoing solide\u00a0 pour cheveux normaux.Il respecte le ph du cheveu.<\/span><\/p>\n<p><span data-contrast=\"auto\">\u00a0 <\/span><\/p>\n","protected":false},"featured_media":2435,"template":"","meta":[],"product_brand":[],"product_cat":[24],"product_tag":[],"class_list":{"0":"post-245","1":"product","2":"type-product","3":"status-publish","4":"has-post-thumbnail","6":"product_cat-shampoing","8":"entry","9":"has-media","11":"first","12":"instock","13":"taxable","14":"shipping-taxable","15":"purchasable","16":"product-type-simple","17":"has-rating","18":"has-product-nav","19":"col","20":"span_1_of_3","21":"owp-content-center","22":"owp-thumbs-layout-horizontal","23":"owp-btn-normal","24":"owp-tabs-layout-horizontal","25":"has-no-thumbnails"},"yoast_head":"<!-- This site is optimized with the Yoast SEO plugin v27.3 - https:\/\/yoast.com\/product\/yoast-seo-wordpress\/ -->\n<title>Shampoing Solide Garo&#039;Tif n\u00b05 pour Cheveux Normaux -<\/title>\n<meta name=\"description\" content=\"shampoing solide garo&#039;tif cheveux normaux \u00e0 base d&#039;argile verte, d&#039;ortie piquante et parfum\u00e9 \u00e0 la verveine exotique 65 g z\u00e9ro d\u00e9chet.\" \/>\n<meta name=\"robots\" content=\"index, follow, max-snippet:-1, max-image-preview:large, max-video-preview:-1\" \/>\n<link rel=\"canonical\" href=\"https:\/\/garobulles.com\/index.php\/produit\/shampoing-solide-garotif\/\" \/>\n<meta property=\"og:locale\" content=\"fr_FR\" \/>\n<meta property=\"og:type\" content=\"article\" \/>\n<meta property=\"og:title\" content=\"Shampoing Solide Garo&#039;Tif n\u00b05 pour Cheveux Normaux -\" \/>\n<meta property=\"og:description\" content=\"shampoing solide garo&#039;tif cheveux normaux \u00e0 base d&#039;argile verte, d&#039;ortie piquante et parfum\u00e9 \u00e0 la verveine exotique 65 g z\u00e9ro d\u00e9chet.\" \/>\n<meta property=\"og:url\" content=\"https:\/\/garobulles.com\/index.php\/produit\/shampoing-solide-garotif\/\" \/>\n<meta property=\"og:site_name\" content=\"Savonnerie garobulles\" \/>\n<meta property=\"article:modified_time\" content=\"2026-03-25T17:59:46+00:00\" \/>\n<meta property=\"og:image\" content=\"https:\/\/garobulles.com\/wp-content\/uploads\/2021\/01\/Sans-titre-3-1024x819.png\" \/>\n\t<meta property=\"og:image:width\" content=\"1024\" \/>\n\t<meta property=\"og:image:height\" content=\"819\" \/>\n\t<meta property=\"og:image:type\" content=\"image\/png\" \/>\n<meta name=\"twitter:card\" content=\"summary_large_image\" \/>\n<meta name=\"twitter:label1\" content=\"Dur\u00e9e de lecture estim\u00e9e\" \/>\n\t<meta name=\"twitter:data1\" content=\"1 minute\" \/>\n<script type=\"application\/ld+json\" class=\"yoast-schema-graph\">{\"@context\":\"https:\\\/\\\/schema.org\",\"@graph\":[{\"@type\":\"WebPage\",\"@id\":\"https:\\\/\\\/garobulles.com\\\/index.php\\\/produit\\\/shampoing-solide-garotif\\\/\",\"url\":\"https:\\\/\\\/garobulles.com\\\/index.php\\\/produit\\\/shampoing-solide-garotif\\\/\",\"name\":\"Shampoing Solide Garo'Tif n\u00b05 pour Cheveux Normaux -\",\"isPartOf\":{\"@id\":\"https:\\\/\\\/garobulles.com\\\/#website\"},\"primaryImageOfPage\":{\"@id\":\"https:\\\/\\\/garobulles.com\\\/index.php\\\/produit\\\/shampoing-solide-garotif\\\/#primaryimage\"},\"image\":{\"@id\":\"https:\\\/\\\/garobulles.com\\\/index.php\\\/produit\\\/shampoing-solide-garotif\\\/#primaryimage\"},\"thumbnailUrl\":\"https:\\\/\\\/i0.wp.com\\\/garobulles.com\\\/wp-content\\\/uploads\\\/2021\\\/01\\\/Sans-titre-3.png?fit=2000%2C1600&ssl=1\",\"datePublished\":\"2021-01-15T13:00:45+00:00\",\"dateModified\":\"2026-03-25T17:59:46+00:00\",\"description\":\"shampoing solide garo'tif cheveux normaux \u00e0 base d'argile verte, d'ortie piquante et parfum\u00e9 \u00e0 la verveine exotique 65 g z\u00e9ro d\u00e9chet.\",\"breadcrumb\":{\"@id\":\"https:\\\/\\\/garobulles.com\\\/index.php\\\/produit\\\/shampoing-solide-garotif\\\/#breadcrumb\"},\"inLanguage\":\"fr-FR\",\"potentialAction\":[{\"@type\":\"ReadAction\",\"target\":[\"https:\\\/\\\/garobulles.com\\\/index.php\\\/produit\\\/shampoing-solide-garotif\\\/\"]}]},{\"@type\":\"ImageObject\",\"inLanguage\":\"fr-FR\",\"@id\":\"https:\\\/\\\/garobulles.com\\\/index.php\\\/produit\\\/shampoing-solide-garotif\\\/#primaryimage\",\"url\":\"https:\\\/\\\/i0.wp.com\\\/garobulles.com\\\/wp-content\\\/uploads\\\/2021\\\/01\\\/Sans-titre-3.png?fit=2000%2C1600&ssl=1\",\"contentUrl\":\"https:\\\/\\\/i0.wp.com\\\/garobulles.com\\\/wp-content\\\/uploads\\\/2021\\\/01\\\/Sans-titre-3.png?fit=2000%2C1600&ssl=1\",\"width\":2000,\"height\":1600,\"caption\":\"shampoing garobulles\"},{\"@type\":\"BreadcrumbList\",\"@id\":\"https:\\\/\\\/garobulles.com\\\/index.php\\\/produit\\\/shampoing-solide-garotif\\\/#breadcrumb\",\"itemListElement\":[{\"@type\":\"ListItem\",\"position\":1,\"name\":\"Accueil\",\"item\":\"https:\\\/\\\/garobulles.com\\\/\"},{\"@type\":\"ListItem\",\"position\":2,\"name\":\"Boutique\",\"item\":\"https:\\\/\\\/garobulles.com\\\/index.php\\\/boutique-garobulles\\\/\"},{\"@type\":\"ListItem\",\"position\":3,\"name\":\"Shampoing Solide Garo&rsquo;Tif n\u00b05 pour Cheveux Normaux\"}]},{\"@type\":\"WebSite\",\"@id\":\"https:\\\/\\\/garobulles.com\\\/#website\",\"url\":\"https:\\\/\\\/garobulles.com\\\/\",\"name\":\"Savonnerie garobulles\",\"description\":\"&quot;Une exp\u00e9rience sensorielle, un moment de bien \u00eatre.\",\"publisher\":{\"@id\":\"https:\\\/\\\/garobulles.com\\\/#organization\"},\"potentialAction\":[{\"@type\":\"SearchAction\",\"target\":{\"@type\":\"EntryPoint\",\"urlTemplate\":\"https:\\\/\\\/garobulles.com\\\/?s={search_term_string}\"},\"query-input\":{\"@type\":\"PropertyValueSpecification\",\"valueRequired\":true,\"valueName\":\"search_term_string\"}}],\"inLanguage\":\"fr-FR\"},{\"@type\":\"Organization\",\"@id\":\"https:\\\/\\\/garobulles.com\\\/#organization\",\"name\":\"Savonnerie garobulles\",\"url\":\"https:\\\/\\\/garobulles.com\\\/\",\"logo\":{\"@type\":\"ImageObject\",\"inLanguage\":\"fr-FR\",\"@id\":\"https:\\\/\\\/garobulles.com\\\/#\\\/schema\\\/logo\\\/image\\\/\",\"url\":\"https:\\\/\\\/i0.wp.com\\\/garobulles.com\\\/wp-content\\\/uploads\\\/2020\\\/10\\\/cropped-garobulle-blanc-4.png?fit=582%2C524&ssl=1\",\"contentUrl\":\"https:\\\/\\\/i0.wp.com\\\/garobulles.com\\\/wp-content\\\/uploads\\\/2020\\\/10\\\/cropped-garobulle-blanc-4.png?fit=582%2C524&ssl=1\",\"width\":582,\"height\":524,\"caption\":\"Savonnerie garobulles\"},\"image\":{\"@id\":\"https:\\\/\\\/garobulles.com\\\/#\\\/schema\\\/logo\\\/image\\\/\"}}]}<\/script>\n<!-- \/ Yoast SEO plugin. -->","yoast_head_json":{"title":"Shampoing Solide Garo'Tif n\u00b05 pour Cheveux Normaux -","description":"shampoing solide garo'tif cheveux normaux \u00e0 base d'argile verte, d'ortie piquante et parfum\u00e9 \u00e0 la verveine exotique 65 g z\u00e9ro d\u00e9chet.","robots":{"index":"index","follow":"follow","max-snippet":"max-snippet:-1","max-image-preview":"max-image-preview:large","max-video-preview":"max-video-preview:-1"},"canonical":"https:\/\/garobulles.com\/index.php\/produit\/shampoing-solide-garotif\/","og_locale":"fr_FR","og_type":"article","og_title":"Shampoing Solide Garo'Tif n\u00b05 pour Cheveux Normaux -","og_description":"shampoing solide garo'tif cheveux normaux \u00e0 base d'argile verte, d'ortie piquante et parfum\u00e9 \u00e0 la verveine exotique 65 g z\u00e9ro d\u00e9chet.","og_url":"https:\/\/garobulles.com\/index.php\/produit\/shampoing-solide-garotif\/","og_site_name":"Savonnerie garobulles","article_modified_time":"2026-03-25T17:59:46+00:00","og_image":[{"width":1024,"height":819,"url":"https:\/\/garobulles.com\/wp-content\/uploads\/2021\/01\/Sans-titre-3-1024x819.png","type":"image\/png"}],"twitter_card":"summary_large_image","twitter_misc":{"Dur\u00e9e de lecture estim\u00e9e":"1 minute"},"schema":{"@context":"https:\/\/schema.org","@graph":[{"@type":"WebPage","@id":"https:\/\/garobulles.com\/index.php\/produit\/shampoing-solide-garotif\/","url":"https:\/\/garobulles.com\/index.php\/produit\/shampoing-solide-garotif\/","name":"Shampoing Solide Garo'Tif n\u00b05 pour Cheveux Normaux -","isPartOf":{"@id":"https:\/\/garobulles.com\/#website"},"primaryImageOfPage":{"@id":"https:\/\/garobulles.com\/index.php\/produit\/shampoing-solide-garotif\/#primaryimage"},"image":{"@id":"https:\/\/garobulles.com\/index.php\/produit\/shampoing-solide-garotif\/#primaryimage"},"thumbnailUrl":"https:\/\/i0.wp.com\/garobulles.com\/wp-content\/uploads\/2021\/01\/Sans-titre-3.png?fit=2000%2C1600&ssl=1","datePublished":"2021-01-15T13:00:45+00:00","dateModified":"2026-03-25T17:59:46+00:00","description":"shampoing solide garo'tif cheveux normaux \u00e0 base d'argile verte, d'ortie piquante et parfum\u00e9 \u00e0 la verveine exotique 65 g z\u00e9ro d\u00e9chet.","breadcrumb":{"@id":"https:\/\/garobulles.com\/index.php\/produit\/shampoing-solide-garotif\/#breadcrumb"},"inLanguage":"fr-FR","potentialAction":[{"@type":"ReadAction","target":["https:\/\/garobulles.com\/index.php\/produit\/shampoing-solide-garotif\/"]}]},{"@type":"ImageObject","inLanguage":"fr-FR","@id":"https:\/\/garobulles.com\/index.php\/produit\/shampoing-solide-garotif\/#primaryimage","url":"https:\/\/i0.wp.com\/garobulles.com\/wp-content\/uploads\/2021\/01\/Sans-titre-3.png?fit=2000%2C1600&ssl=1","contentUrl":"https:\/\/i0.wp.com\/garobulles.com\/wp-content\/uploads\/2021\/01\/Sans-titre-3.png?fit=2000%2C1600&ssl=1","width":2000,"height":1600,"caption":"shampoing garobulles"},{"@type":"BreadcrumbList","@id":"https:\/\/garobulles.com\/index.php\/produit\/shampoing-solide-garotif\/#breadcrumb","itemListElement":[{"@type":"ListItem","position":1,"name":"Accueil","item":"https:\/\/garobulles.com\/"},{"@type":"ListItem","position":2,"name":"Boutique","item":"https:\/\/garobulles.com\/index.php\/boutique-garobulles\/"},{"@type":"ListItem","position":3,"name":"Shampoing Solide Garo&rsquo;Tif n\u00b05 pour Cheveux Normaux"}]},{"@type":"WebSite","@id":"https:\/\/garobulles.com\/#website","url":"https:\/\/garobulles.com\/","name":"Savonnerie garobulles","description":"&quot;Une exp\u00e9rience sensorielle, un moment de bien \u00eatre.","publisher":{"@id":"https:\/\/garobulles.com\/#organization"},"potentialAction":[{"@type":"SearchAction","target":{"@type":"EntryPoint","urlTemplate":"https:\/\/garobulles.com\/?s={search_term_string}"},"query-input":{"@type":"PropertyValueSpecification","valueRequired":true,"valueName":"search_term_string"}}],"inLanguage":"fr-FR"},{"@type":"Organization","@id":"https:\/\/garobulles.com\/#organization","name":"Savonnerie garobulles","url":"https:\/\/garobulles.com\/","logo":{"@type":"ImageObject","inLanguage":"fr-FR","@id":"https:\/\/garobulles.com\/#\/schema\/logo\/image\/","url":"https:\/\/i0.wp.com\/garobulles.com\/wp-content\/uploads\/2020\/10\/cropped-garobulle-blanc-4.png?fit=582%2C524&ssl=1","contentUrl":"https:\/\/i0.wp.com\/garobulles.com\/wp-content\/uploads\/2020\/10\/cropped-garobulle-blanc-4.png?fit=582%2C524&ssl=1","width":582,"height":524,"caption":"Savonnerie garobulles"},"image":{"@id":"https:\/\/garobulles.com\/#\/schema\/logo\/image\/"}}]}},"jetpack_sharing_enabled":true,"_links":{"self":[{"href":"https:\/\/garobulles.com\/index.php\/wp-json\/wp\/v2\/product\/245","targetHints":{"allow":["GET"]}}],"collection":[{"href":"https:\/\/garobulles.com\/index.php\/wp-json\/wp\/v2\/product"}],"about":[{"href":"https:\/\/garobulles.com\/index.php\/wp-json\/wp\/v2\/types\/product"}],"wp:featuredmedia":[{"embeddable":true,"href":"https:\/\/garobulles.com\/index.php\/wp-json\/wp\/v2\/media\/2435"}],"wp:attachment":[{"href":"https:\/\/garobulles.com\/index.php\/wp-json\/wp\/v2\/media?parent=245"}],"wp:term":[{"taxonomy":"product_brand","embeddable":true,"href":"https:\/\/garobulles.com\/index.php\/wp-json\/wp\/v2\/product_brand?post=245"},{"taxonomy":"product_cat","embeddable":true,"href":"https:\/\/garobulles.com\/index.php\/wp-json\/wp\/v2\/product_cat?post=245"},{"taxonomy":"product_tag","embeddable":true,"href":"https:\/\/garobulles.com\/index.php\/wp-json\/wp\/v2\/product_tag?post=245"}],"curies":[{"name":"wp","href":"https:\/\/api.w.org\/{rel}","templated":true}]}}