{"id":2430,"date":"2021-01-13T18:16:13","date_gmt":"2021-01-13T17:16:13","guid":{"rendered":"https:\/\/garobulles.com\/?post_type=product&#038;p=2430"},"modified":"2025-02-04T18:00:02","modified_gmt":"2025-02-04T17:00:02","slug":"coffret-saint-valentin","status":"publish","type":"product","link":"https:\/\/garobulles.com\/index.php\/produit\/coffret-saint-valentin\/","title":{"rendered":"Coffret saint Valentin"},"content":{"rendered":"<p>Un savon Solena aux fleurs de lavande et aux feuilles de menthe 100g<br \/>\nUn baume r\u00e9parateur Calendula Mono\u00ef 30 ml hydratant et nourrissant efficace contre les ger\u00e7ures et les irritations.<br \/>\nUn coeur en argile \u00e9maill\u00e9 \u00e0 parfumer.<br \/>\n(retrouver la composition sur les pages des produits)<\/p>\n","protected":false},"excerpt":{"rendered":"<p>Coffret cadeau comprenant un savon solide, un baume R\u00e9parateur Fleur de calendula Mono\u00ef et un coeur \u00e9maill\u00e9 a parfumer!<\/p>\n","protected":false},"featured_media":3349,"template":"","meta":[],"product_brand":[],"product_cat":[25],"product_tag":[],"class_list":{"0":"post-2430","1":"product","2":"type-product","3":"status-publish","4":"has-post-thumbnail","6":"product_cat-coffrets-cadeaux","8":"entry","9":"has-media","11":"first","12":"instock","13":"taxable","14":"shipping-taxable","15":"purchasable","16":"product-type-simple","17":"has-product-nav","18":"col","19":"span_1_of_3","20":"owp-content-center","21":"owp-thumbs-layout-horizontal","22":"owp-btn-normal","23":"owp-tabs-layout-horizontal","24":"has-no-thumbnails"},"yoast_head":"<!-- This site is optimized with the Yoast SEO plugin v27.4 - https:\/\/yoast.com\/product\/yoast-seo-wordpress\/ -->\n<title>Coffret saint Valentin - Savonnerie garobulles<\/title>\n<meta name=\"description\" content=\"Coffret comprenant un savon solide saponifi\u00e9 \u00e0 froid 100g, un baume r\u00e9parateur Fleur de Calendula Mono\u00ef et un c\u0153ur en argile \u00e9maill\u00e9 \u00e0 parfumer !\" \/>\n<meta name=\"robots\" content=\"index, follow, max-snippet:-1, max-image-preview:large, max-video-preview:-1\" \/>\n<link rel=\"canonical\" href=\"https:\/\/garobulles.com\/index.php\/produit\/coffret-saint-valentin\/\" \/>\n<meta property=\"og:locale\" content=\"fr_FR\" \/>\n<meta property=\"og:type\" content=\"article\" \/>\n<meta property=\"og:title\" content=\"Coffret saint Valentin - Savonnerie garobulles\" \/>\n<meta property=\"og:description\" content=\"Coffret comprenant un savon solide saponifi\u00e9 \u00e0 froid 100g, un baume r\u00e9parateur Fleur de Calendula Mono\u00ef et un c\u0153ur en argile \u00e9maill\u00e9 \u00e0 parfumer !\" \/>\n<meta property=\"og:url\" content=\"https:\/\/garobulles.com\/index.php\/produit\/coffret-saint-valentin\/\" \/>\n<meta property=\"og:site_name\" content=\"Savonnerie garobulles\" \/>\n<meta property=\"article:modified_time\" content=\"2025-02-04T17:00:02+00:00\" \/>\n<meta property=\"og:image\" content=\"https:\/\/garobulles.com\/wp-content\/uploads\/2021\/01\/IMG20250131110544-1-scaled-e1738323068411.jpg\" \/>\n\t<meta property=\"og:image:width\" content=\"1676\" \/>\n\t<meta property=\"og:image:height\" content=\"1620\" \/>\n\t<meta property=\"og:image:type\" content=\"image\/jpeg\" \/>\n<meta name=\"twitter:card\" content=\"summary_large_image\" \/>\n<meta name=\"twitter:label1\" content=\"Dur\u00e9e de lecture estim\u00e9e\" \/>\n\t<meta name=\"twitter:data1\" content=\"1 minute\" \/>\n<script type=\"application\/ld+json\" class=\"yoast-schema-graph\">{\"@context\":\"https:\\\/\\\/schema.org\",\"@graph\":[{\"@type\":\"WebPage\",\"@id\":\"https:\\\/\\\/garobulles.com\\\/index.php\\\/produit\\\/coffret-saint-valentin\\\/\",\"url\":\"https:\\\/\\\/garobulles.com\\\/index.php\\\/produit\\\/coffret-saint-valentin\\\/\",\"name\":\"Coffret saint Valentin - Savonnerie garobulles\",\"isPartOf\":{\"@id\":\"https:\\\/\\\/garobulles.com\\\/#website\"},\"primaryImageOfPage\":{\"@id\":\"https:\\\/\\\/garobulles.com\\\/index.php\\\/produit\\\/coffret-saint-valentin\\\/#primaryimage\"},\"image\":{\"@id\":\"https:\\\/\\\/garobulles.com\\\/index.php\\\/produit\\\/coffret-saint-valentin\\\/#primaryimage\"},\"thumbnailUrl\":\"https:\\\/\\\/i0.wp.com\\\/garobulles.com\\\/wp-content\\\/uploads\\\/2021\\\/01\\\/IMG20250131110544-1-scaled-e1738323068411.jpg?fit=1676%2C1620&ssl=1\",\"datePublished\":\"2021-01-13T17:16:13+00:00\",\"dateModified\":\"2025-02-04T17:00:02+00:00\",\"description\":\"Coffret comprenant un savon solide saponifi\u00e9 \u00e0 froid 100g, un baume r\u00e9parateur Fleur de Calendula Mono\u00ef et un c\u0153ur en argile \u00e9maill\u00e9 \u00e0 parfumer !\",\"breadcrumb\":{\"@id\":\"https:\\\/\\\/garobulles.com\\\/index.php\\\/produit\\\/coffret-saint-valentin\\\/#breadcrumb\"},\"inLanguage\":\"fr-FR\",\"potentialAction\":[{\"@type\":\"ReadAction\",\"target\":[\"https:\\\/\\\/garobulles.com\\\/index.php\\\/produit\\\/coffret-saint-valentin\\\/\"]}]},{\"@type\":\"ImageObject\",\"inLanguage\":\"fr-FR\",\"@id\":\"https:\\\/\\\/garobulles.com\\\/index.php\\\/produit\\\/coffret-saint-valentin\\\/#primaryimage\",\"url\":\"https:\\\/\\\/i0.wp.com\\\/garobulles.com\\\/wp-content\\\/uploads\\\/2021\\\/01\\\/IMG20250131110544-1-scaled-e1738323068411.jpg?fit=1676%2C1620&ssl=1\",\"contentUrl\":\"https:\\\/\\\/i0.wp.com\\\/garobulles.com\\\/wp-content\\\/uploads\\\/2021\\\/01\\\/IMG20250131110544-1-scaled-e1738323068411.jpg?fit=1676%2C1620&ssl=1\",\"width\":1676,\"height\":1620,\"caption\":\"coffret tentation\"},{\"@type\":\"BreadcrumbList\",\"@id\":\"https:\\\/\\\/garobulles.com\\\/index.php\\\/produit\\\/coffret-saint-valentin\\\/#breadcrumb\",\"itemListElement\":[{\"@type\":\"ListItem\",\"position\":1,\"name\":\"Accueil\",\"item\":\"https:\\\/\\\/garobulles.com\\\/\"},{\"@type\":\"ListItem\",\"position\":2,\"name\":\"Boutique\",\"item\":\"https:\\\/\\\/garobulles.com\\\/index.php\\\/boutique-garobulles\\\/\"},{\"@type\":\"ListItem\",\"position\":3,\"name\":\"Coffret saint Valentin\"}]},{\"@type\":\"WebSite\",\"@id\":\"https:\\\/\\\/garobulles.com\\\/#website\",\"url\":\"https:\\\/\\\/garobulles.com\\\/\",\"name\":\"Savonnerie garobulles\",\"description\":\"&quot;Une exp\u00e9rience sensorielle, un moment de bien \u00eatre.\",\"publisher\":{\"@id\":\"https:\\\/\\\/garobulles.com\\\/#organization\"},\"potentialAction\":[{\"@type\":\"SearchAction\",\"target\":{\"@type\":\"EntryPoint\",\"urlTemplate\":\"https:\\\/\\\/garobulles.com\\\/?s={search_term_string}\"},\"query-input\":{\"@type\":\"PropertyValueSpecification\",\"valueRequired\":true,\"valueName\":\"search_term_string\"}}],\"inLanguage\":\"fr-FR\"},{\"@type\":\"Organization\",\"@id\":\"https:\\\/\\\/garobulles.com\\\/#organization\",\"name\":\"Savonnerie garobulles\",\"url\":\"https:\\\/\\\/garobulles.com\\\/\",\"logo\":{\"@type\":\"ImageObject\",\"inLanguage\":\"fr-FR\",\"@id\":\"https:\\\/\\\/garobulles.com\\\/#\\\/schema\\\/logo\\\/image\\\/\",\"url\":\"https:\\\/\\\/i0.wp.com\\\/garobulles.com\\\/wp-content\\\/uploads\\\/2020\\\/10\\\/cropped-garobulle-blanc-4.png?fit=582%2C524&ssl=1\",\"contentUrl\":\"https:\\\/\\\/i0.wp.com\\\/garobulles.com\\\/wp-content\\\/uploads\\\/2020\\\/10\\\/cropped-garobulle-blanc-4.png?fit=582%2C524&ssl=1\",\"width\":582,\"height\":524,\"caption\":\"Savonnerie garobulles\"},\"image\":{\"@id\":\"https:\\\/\\\/garobulles.com\\\/#\\\/schema\\\/logo\\\/image\\\/\"}}]}<\/script>\n<!-- \/ Yoast SEO plugin. -->","yoast_head_json":{"title":"Coffret saint Valentin - Savonnerie garobulles","description":"Coffret comprenant un savon solide saponifi\u00e9 \u00e0 froid 100g, un baume r\u00e9parateur Fleur de Calendula Mono\u00ef et un c\u0153ur en argile \u00e9maill\u00e9 \u00e0 parfumer !","robots":{"index":"index","follow":"follow","max-snippet":"max-snippet:-1","max-image-preview":"max-image-preview:large","max-video-preview":"max-video-preview:-1"},"canonical":"https:\/\/garobulles.com\/index.php\/produit\/coffret-saint-valentin\/","og_locale":"fr_FR","og_type":"article","og_title":"Coffret saint Valentin - Savonnerie garobulles","og_description":"Coffret comprenant un savon solide saponifi\u00e9 \u00e0 froid 100g, un baume r\u00e9parateur Fleur de Calendula Mono\u00ef et un c\u0153ur en argile \u00e9maill\u00e9 \u00e0 parfumer !","og_url":"https:\/\/garobulles.com\/index.php\/produit\/coffret-saint-valentin\/","og_site_name":"Savonnerie garobulles","article_modified_time":"2025-02-04T17:00:02+00:00","og_image":[{"width":1676,"height":1620,"url":"https:\/\/garobulles.com\/wp-content\/uploads\/2021\/01\/IMG20250131110544-1-scaled-e1738323068411.jpg","type":"image\/jpeg"}],"twitter_card":"summary_large_image","twitter_misc":{"Dur\u00e9e de lecture estim\u00e9e":"1 minute"},"schema":{"@context":"https:\/\/schema.org","@graph":[{"@type":"WebPage","@id":"https:\/\/garobulles.com\/index.php\/produit\/coffret-saint-valentin\/","url":"https:\/\/garobulles.com\/index.php\/produit\/coffret-saint-valentin\/","name":"Coffret saint Valentin - Savonnerie garobulles","isPartOf":{"@id":"https:\/\/garobulles.com\/#website"},"primaryImageOfPage":{"@id":"https:\/\/garobulles.com\/index.php\/produit\/coffret-saint-valentin\/#primaryimage"},"image":{"@id":"https:\/\/garobulles.com\/index.php\/produit\/coffret-saint-valentin\/#primaryimage"},"thumbnailUrl":"https:\/\/i0.wp.com\/garobulles.com\/wp-content\/uploads\/2021\/01\/IMG20250131110544-1-scaled-e1738323068411.jpg?fit=1676%2C1620&ssl=1","datePublished":"2021-01-13T17:16:13+00:00","dateModified":"2025-02-04T17:00:02+00:00","description":"Coffret comprenant un savon solide saponifi\u00e9 \u00e0 froid 100g, un baume r\u00e9parateur Fleur de Calendula Mono\u00ef et un c\u0153ur en argile \u00e9maill\u00e9 \u00e0 parfumer !","breadcrumb":{"@id":"https:\/\/garobulles.com\/index.php\/produit\/coffret-saint-valentin\/#breadcrumb"},"inLanguage":"fr-FR","potentialAction":[{"@type":"ReadAction","target":["https:\/\/garobulles.com\/index.php\/produit\/coffret-saint-valentin\/"]}]},{"@type":"ImageObject","inLanguage":"fr-FR","@id":"https:\/\/garobulles.com\/index.php\/produit\/coffret-saint-valentin\/#primaryimage","url":"https:\/\/i0.wp.com\/garobulles.com\/wp-content\/uploads\/2021\/01\/IMG20250131110544-1-scaled-e1738323068411.jpg?fit=1676%2C1620&ssl=1","contentUrl":"https:\/\/i0.wp.com\/garobulles.com\/wp-content\/uploads\/2021\/01\/IMG20250131110544-1-scaled-e1738323068411.jpg?fit=1676%2C1620&ssl=1","width":1676,"height":1620,"caption":"coffret tentation"},{"@type":"BreadcrumbList","@id":"https:\/\/garobulles.com\/index.php\/produit\/coffret-saint-valentin\/#breadcrumb","itemListElement":[{"@type":"ListItem","position":1,"name":"Accueil","item":"https:\/\/garobulles.com\/"},{"@type":"ListItem","position":2,"name":"Boutique","item":"https:\/\/garobulles.com\/index.php\/boutique-garobulles\/"},{"@type":"ListItem","position":3,"name":"Coffret saint Valentin"}]},{"@type":"WebSite","@id":"https:\/\/garobulles.com\/#website","url":"https:\/\/garobulles.com\/","name":"Savonnerie garobulles","description":"&quot;Une exp\u00e9rience sensorielle, un moment de bien \u00eatre.","publisher":{"@id":"https:\/\/garobulles.com\/#organization"},"potentialAction":[{"@type":"SearchAction","target":{"@type":"EntryPoint","urlTemplate":"https:\/\/garobulles.com\/?s={search_term_string}"},"query-input":{"@type":"PropertyValueSpecification","valueRequired":true,"valueName":"search_term_string"}}],"inLanguage":"fr-FR"},{"@type":"Organization","@id":"https:\/\/garobulles.com\/#organization","name":"Savonnerie garobulles","url":"https:\/\/garobulles.com\/","logo":{"@type":"ImageObject","inLanguage":"fr-FR","@id":"https:\/\/garobulles.com\/#\/schema\/logo\/image\/","url":"https:\/\/i0.wp.com\/garobulles.com\/wp-content\/uploads\/2020\/10\/cropped-garobulle-blanc-4.png?fit=582%2C524&ssl=1","contentUrl":"https:\/\/i0.wp.com\/garobulles.com\/wp-content\/uploads\/2020\/10\/cropped-garobulle-blanc-4.png?fit=582%2C524&ssl=1","width":582,"height":524,"caption":"Savonnerie garobulles"},"image":{"@id":"https:\/\/garobulles.com\/#\/schema\/logo\/image\/"}}]}},"jetpack_sharing_enabled":true,"_links":{"self":[{"href":"https:\/\/garobulles.com\/index.php\/wp-json\/wp\/v2\/product\/2430","targetHints":{"allow":["GET"]}}],"collection":[{"href":"https:\/\/garobulles.com\/index.php\/wp-json\/wp\/v2\/product"}],"about":[{"href":"https:\/\/garobulles.com\/index.php\/wp-json\/wp\/v2\/types\/product"}],"wp:featuredmedia":[{"embeddable":true,"href":"https:\/\/garobulles.com\/index.php\/wp-json\/wp\/v2\/media\/3349"}],"wp:attachment":[{"href":"https:\/\/garobulles.com\/index.php\/wp-json\/wp\/v2\/media?parent=2430"}],"wp:term":[{"taxonomy":"product_brand","embeddable":true,"href":"https:\/\/garobulles.com\/index.php\/wp-json\/wp\/v2\/product_brand?post=2430"},{"taxonomy":"product_cat","embeddable":true,"href":"https:\/\/garobulles.com\/index.php\/wp-json\/wp\/v2\/product_cat?post=2430"},{"taxonomy":"product_tag","embeddable":true,"href":"https:\/\/garobulles.com\/index.php\/wp-json\/wp\/v2\/product_tag?post=2430"}],"curies":[{"name":"wp","href":"https:\/\/api.w.org\/{rel}","templated":true}]}}