{"id":225,"date":"2021-01-15T14:10:37","date_gmt":"2021-01-15T13:10:37","guid":{"rendered":"http:\/\/garobulles.com\/?post_type=product&#038;p=225"},"modified":"2026-03-15T15:40:24","modified_gmt":"2026-03-15T14:40:24","slug":"savon-liquide-pti-antoine-verveine-exotique","status":"publish","type":"product","link":"https:\/\/garobulles.com\/index.php\/produit\/savon-liquide-pti-antoine-verveine-exotique\/","title":{"rendered":"Savon Liquide P&rsquo;ti Antoine Verveine Exotique 500ml 2L 5L et 10L"},"content":{"rendered":"<div class=\"col-1\">\n<p>P&rsquo;ti Antoine est un savon liquide formul\u00e9 \u00e0 base d&rsquo;huiles v\u00e9g\u00e9tales saponifi\u00e9es.<\/p>\n<p>Sa touche d&rsquo;huile essentielle de verveine exotique vous procurera un pur moment de plaisir sous la douche !<\/p>\n<p>Riche en glyc\u00e9rine, ce savon liquide est particuli\u00e8rement doux et hydratant.<\/p>\n<p>P&rsquo;ti Antoine est saponifi\u00e9 \u00e0 chaud, \u00e0 la main, dans mon atelier. Son emballage made in France est compostable en centre de tri.<\/p>\n<\/div>\n<div><\/div>\n<div class=\"col-1\"><span class=\"h2\">NOS CONSEILS D&rsquo;UTILISATION<\/span><\/div>\n<div><\/div>\n<div class=\"col-1\">\n<p>Pr\u00e9levez une petite quantit\u00e9 de savon dans votre main gr\u00e2ce \u00e0 la pompe du flacon et faites mousser sur peau mouill\u00e9e.<\/p>\n<p>Rincez soigneusement \u00e0 l&rsquo;eau claire.<\/p>\n<p>Grace \u00e0 sa pompe doseuse \u00e9conomique, ce savon durera plus longtemps !<\/p>\n<\/div>\n<div class=\"col-2\">\n<div class=\"videos mobileNone\"><\/div>\n<\/div>\n<p>Composition\u00a0:Eau,huile de colza*saponifi\u00e9e,Glyc\u00e9rine*,huile de coco*saponifi\u00e9e,huile de ricin*saponifi\u00e9e,huile essentielle de verveine exotique*,acide citrique,gomme de guar*,citral**,citronellol**,limonene**,linalool**<\/p>\n<p>Ingr\u00e9dients : Aqua, Potassium Rapeseedate*, Glycerin*, Potassium Cocoate*, Potassium Castorate*, Litsea Cubeba Fruit Oil*, Citric Acid, Cyamopsis Tetragonoloba Gum*, Citral**, Citronellol**, Geraniol**, Limonene**, Linalool**<\/p>\n<p>*issu de l\u2019agriculture biologique\u00a0\u00a0 **naturellement pr\u00e9sent<\/p>\n<p><span data-contrast=\"auto\">Contient des Huiles Essentielles ;<\/span><span data-contrast=\"none\">\u00a0ne convient pas aux femmes enceintes et allaitantes ainsi qu\u2019aux enfants de moins de 3 ans.<\/span><span data-ccp-props=\"{&quot;201341983&quot;:0,&quot;335551550&quot;:1,&quot;335551620&quot;:1,&quot;335559739&quot;:160,&quot;335559740&quot;:259}\">\u00a0<\/span><\/p>\n<p>&nbsp;<\/p>\n","protected":false},"excerpt":{"rendered":"<h3>P&rsquo;ti Antoine, le savon liquide bio pour le corps, saponifi\u00e9 par cuisson au chaudron, et d\u00e9licatement parfum\u00e9 \u00e0 la verveine exotique !<\/h3>\n<h3>\u00c9lu \u00a0\u00bb Meilleur Produit BIO\u00a0\u00bb de l&rsquo;ann\u00e9e 2020 et Meilleur ECO produit par un jury de 100 consommateurs. Le P&rsquo;ti Antoine est depuis devenu une r\u00e9f\u00e9rence .<\/h3>\n<p><img decoding=\"async\" class=\"alignnone wp-image-115\" src=\"https:\/\/garobulles.com\/wp-content\/uploads\/2020\/10\/label-MPBIO2020-min-225x300.jpg\" alt=\"meilleur produit bio\" width=\"117\" height=\"156\" \/>\u00a0 \u00a0 <img decoding=\"async\" class=\"alignnone wp-image-116\" src=\"https:\/\/garobulles.com\/wp-content\/uploads\/2020\/10\/label-MPECO2020-min-225x300.jpg\" alt=\"meilleur eco produit\" width=\"117\" height=\"156\" srcset=\"https:\/\/i0.wp.com\/garobulles.com\/wp-content\/uploads\/2020\/10\/label-MPECO2020-min.jpg?resize=225%2C300&amp;ssl=1 225w, https:\/\/i0.wp.com\/garobulles.com\/wp-content\/uploads\/2020\/10\/label-MPECO2020-min.jpg?w=340&amp;ssl=1 340w\" sizes=\"(max-width: 117px) 100vw, 117px\" \/><\/p>\n<p>&nbsp;<\/p>\n","protected":false},"featured_media":3352,"template":"","meta":[],"product_brand":[],"product_cat":[23],"product_tag":[],"class_list":{"0":"post-225","1":"product","2":"type-product","3":"status-publish","4":"has-post-thumbnail","6":"product_cat-savons-liquides","8":"entry","9":"has-media","11":"first","12":"instock","13":"taxable","14":"shipping-taxable","15":"purchasable","16":"product-type-variable","17":"has-rating","18":"has-product-nav","19":"col","20":"span_1_of_3","21":"owp-content-center","22":"owp-thumbs-layout-horizontal","23":"owp-btn-normal","24":"owp-tabs-layout-horizontal","25":"has-no-thumbnails"},"yoast_head":"<!-- This site is optimized with the Yoast SEO plugin v27.4 - https:\/\/yoast.com\/product\/yoast-seo-wordpress\/ -->\n<title>Savon Liquide P&#039;ti Antoine Verveine Exotique 500ml 2L 5L et 10L -<\/title>\n<meta name=\"description\" content=\"savon liquide \u00e0 la verveine exotique a \u00e9t\u00e9 \u00e9lu meilleur produit bio de l&#039;ann\u00e9e 2020 . Il est riche en glyc\u00e9rine doux et hydratant.\" \/>\n<meta name=\"robots\" content=\"index, follow, max-snippet:-1, max-image-preview:large, max-video-preview:-1\" \/>\n<link rel=\"canonical\" href=\"https:\/\/garobulles.com\/index.php\/produit\/savon-liquide-pti-antoine-verveine-exotique\/\" \/>\n<meta property=\"og:locale\" content=\"fr_FR\" \/>\n<meta property=\"og:type\" content=\"article\" \/>\n<meta property=\"og:title\" content=\"Savon Liquide P&#039;ti Antoine Verveine Exotique 500ml 2L 5L et 10L -\" \/>\n<meta property=\"og:description\" content=\"savon liquide \u00e0 la verveine exotique a \u00e9t\u00e9 \u00e9lu meilleur produit bio de l&#039;ann\u00e9e 2020 . Il est riche en glyc\u00e9rine doux et hydratant.\" \/>\n<meta property=\"og:url\" content=\"https:\/\/garobulles.com\/index.php\/produit\/savon-liquide-pti-antoine-verveine-exotique\/\" \/>\n<meta property=\"og:site_name\" content=\"Savonnerie garobulles\" \/>\n<meta property=\"article:modified_time\" content=\"2026-03-15T14:40:24+00:00\" \/>\n<meta property=\"og:image\" content=\"https:\/\/garobulles.com\/wp-content\/uploads\/2021\/01\/IMG20250131111609-1-scaled-e1738322307864.jpg\" \/>\n\t<meta property=\"og:image:width\" content=\"1403\" \/>\n\t<meta property=\"og:image:height\" content=\"2560\" \/>\n\t<meta property=\"og:image:type\" content=\"image\/jpeg\" \/>\n<meta name=\"twitter:card\" content=\"summary_large_image\" \/>\n<meta name=\"twitter:label1\" content=\"Dur\u00e9e de lecture estim\u00e9e\" \/>\n\t<meta name=\"twitter:data1\" content=\"2 minutes\" \/>\n<script type=\"application\/ld+json\" class=\"yoast-schema-graph\">{\"@context\":\"https:\\\/\\\/schema.org\",\"@graph\":[{\"@type\":\"WebPage\",\"@id\":\"https:\\\/\\\/garobulles.com\\\/index.php\\\/produit\\\/savon-liquide-pti-antoine-verveine-exotique\\\/\",\"url\":\"https:\\\/\\\/garobulles.com\\\/index.php\\\/produit\\\/savon-liquide-pti-antoine-verveine-exotique\\\/\",\"name\":\"Savon Liquide P'ti Antoine Verveine Exotique 500ml 2L 5L et 10L -\",\"isPartOf\":{\"@id\":\"https:\\\/\\\/garobulles.com\\\/#website\"},\"primaryImageOfPage\":{\"@id\":\"https:\\\/\\\/garobulles.com\\\/index.php\\\/produit\\\/savon-liquide-pti-antoine-verveine-exotique\\\/#primaryimage\"},\"image\":{\"@id\":\"https:\\\/\\\/garobulles.com\\\/index.php\\\/produit\\\/savon-liquide-pti-antoine-verveine-exotique\\\/#primaryimage\"},\"thumbnailUrl\":\"https:\\\/\\\/i0.wp.com\\\/garobulles.com\\\/wp-content\\\/uploads\\\/2021\\\/01\\\/IMG20250131111609-1-scaled-e1738322307864.jpg?fit=1403%2C2560&ssl=1\",\"datePublished\":\"2021-01-15T13:10:37+00:00\",\"dateModified\":\"2026-03-15T14:40:24+00:00\",\"description\":\"savon liquide \u00e0 la verveine exotique a \u00e9t\u00e9 \u00e9lu meilleur produit bio de l'ann\u00e9e 2020 . Il est riche en glyc\u00e9rine doux et hydratant.\",\"breadcrumb\":{\"@id\":\"https:\\\/\\\/garobulles.com\\\/index.php\\\/produit\\\/savon-liquide-pti-antoine-verveine-exotique\\\/#breadcrumb\"},\"inLanguage\":\"fr-FR\",\"potentialAction\":[{\"@type\":\"ReadAction\",\"target\":[\"https:\\\/\\\/garobulles.com\\\/index.php\\\/produit\\\/savon-liquide-pti-antoine-verveine-exotique\\\/\"]}]},{\"@type\":\"ImageObject\",\"inLanguage\":\"fr-FR\",\"@id\":\"https:\\\/\\\/garobulles.com\\\/index.php\\\/produit\\\/savon-liquide-pti-antoine-verveine-exotique\\\/#primaryimage\",\"url\":\"https:\\\/\\\/i0.wp.com\\\/garobulles.com\\\/wp-content\\\/uploads\\\/2021\\\/01\\\/IMG20250131111609-1-scaled-e1738322307864.jpg?fit=1403%2C2560&ssl=1\",\"contentUrl\":\"https:\\\/\\\/i0.wp.com\\\/garobulles.com\\\/wp-content\\\/uploads\\\/2021\\\/01\\\/IMG20250131111609-1-scaled-e1738322307864.jpg?fit=1403%2C2560&ssl=1\",\"width\":1403,\"height\":2560,\"caption\":\"savon liquide p'ti antoine verveine exotique\"},{\"@type\":\"BreadcrumbList\",\"@id\":\"https:\\\/\\\/garobulles.com\\\/index.php\\\/produit\\\/savon-liquide-pti-antoine-verveine-exotique\\\/#breadcrumb\",\"itemListElement\":[{\"@type\":\"ListItem\",\"position\":1,\"name\":\"Accueil\",\"item\":\"https:\\\/\\\/garobulles.com\\\/\"},{\"@type\":\"ListItem\",\"position\":2,\"name\":\"Boutique\",\"item\":\"https:\\\/\\\/garobulles.com\\\/index.php\\\/boutique-garobulles\\\/\"},{\"@type\":\"ListItem\",\"position\":3,\"name\":\"Savon Liquide P&rsquo;ti Antoine Verveine Exotique 500ml 2L 5L et 10L\"}]},{\"@type\":\"WebSite\",\"@id\":\"https:\\\/\\\/garobulles.com\\\/#website\",\"url\":\"https:\\\/\\\/garobulles.com\\\/\",\"name\":\"Savonnerie garobulles\",\"description\":\"&quot;Une exp\u00e9rience sensorielle, un moment de bien \u00eatre.\",\"publisher\":{\"@id\":\"https:\\\/\\\/garobulles.com\\\/#organization\"},\"potentialAction\":[{\"@type\":\"SearchAction\",\"target\":{\"@type\":\"EntryPoint\",\"urlTemplate\":\"https:\\\/\\\/garobulles.com\\\/?s={search_term_string}\"},\"query-input\":{\"@type\":\"PropertyValueSpecification\",\"valueRequired\":true,\"valueName\":\"search_term_string\"}}],\"inLanguage\":\"fr-FR\"},{\"@type\":\"Organization\",\"@id\":\"https:\\\/\\\/garobulles.com\\\/#organization\",\"name\":\"Savonnerie garobulles\",\"url\":\"https:\\\/\\\/garobulles.com\\\/\",\"logo\":{\"@type\":\"ImageObject\",\"inLanguage\":\"fr-FR\",\"@id\":\"https:\\\/\\\/garobulles.com\\\/#\\\/schema\\\/logo\\\/image\\\/\",\"url\":\"https:\\\/\\\/i0.wp.com\\\/garobulles.com\\\/wp-content\\\/uploads\\\/2020\\\/10\\\/cropped-garobulle-blanc-4.png?fit=582%2C524&ssl=1\",\"contentUrl\":\"https:\\\/\\\/i0.wp.com\\\/garobulles.com\\\/wp-content\\\/uploads\\\/2020\\\/10\\\/cropped-garobulle-blanc-4.png?fit=582%2C524&ssl=1\",\"width\":582,\"height\":524,\"caption\":\"Savonnerie garobulles\"},\"image\":{\"@id\":\"https:\\\/\\\/garobulles.com\\\/#\\\/schema\\\/logo\\\/image\\\/\"}}]}<\/script>\n<!-- \/ Yoast SEO plugin. -->","yoast_head_json":{"title":"Savon Liquide P'ti Antoine Verveine Exotique 500ml 2L 5L et 10L -","description":"savon liquide \u00e0 la verveine exotique a \u00e9t\u00e9 \u00e9lu meilleur produit bio de l'ann\u00e9e 2020 . Il est riche en glyc\u00e9rine doux et hydratant.","robots":{"index":"index","follow":"follow","max-snippet":"max-snippet:-1","max-image-preview":"max-image-preview:large","max-video-preview":"max-video-preview:-1"},"canonical":"https:\/\/garobulles.com\/index.php\/produit\/savon-liquide-pti-antoine-verveine-exotique\/","og_locale":"fr_FR","og_type":"article","og_title":"Savon Liquide P'ti Antoine Verveine Exotique 500ml 2L 5L et 10L -","og_description":"savon liquide \u00e0 la verveine exotique a \u00e9t\u00e9 \u00e9lu meilleur produit bio de l'ann\u00e9e 2020 . Il est riche en glyc\u00e9rine doux et hydratant.","og_url":"https:\/\/garobulles.com\/index.php\/produit\/savon-liquide-pti-antoine-verveine-exotique\/","og_site_name":"Savonnerie garobulles","article_modified_time":"2026-03-15T14:40:24+00:00","og_image":[{"width":1403,"height":2560,"url":"https:\/\/garobulles.com\/wp-content\/uploads\/2021\/01\/IMG20250131111609-1-scaled-e1738322307864.jpg","type":"image\/jpeg"}],"twitter_card":"summary_large_image","twitter_misc":{"Dur\u00e9e de lecture estim\u00e9e":"2 minutes"},"schema":{"@context":"https:\/\/schema.org","@graph":[{"@type":"WebPage","@id":"https:\/\/garobulles.com\/index.php\/produit\/savon-liquide-pti-antoine-verveine-exotique\/","url":"https:\/\/garobulles.com\/index.php\/produit\/savon-liquide-pti-antoine-verveine-exotique\/","name":"Savon Liquide P'ti Antoine Verveine Exotique 500ml 2L 5L et 10L -","isPartOf":{"@id":"https:\/\/garobulles.com\/#website"},"primaryImageOfPage":{"@id":"https:\/\/garobulles.com\/index.php\/produit\/savon-liquide-pti-antoine-verveine-exotique\/#primaryimage"},"image":{"@id":"https:\/\/garobulles.com\/index.php\/produit\/savon-liquide-pti-antoine-verveine-exotique\/#primaryimage"},"thumbnailUrl":"https:\/\/i0.wp.com\/garobulles.com\/wp-content\/uploads\/2021\/01\/IMG20250131111609-1-scaled-e1738322307864.jpg?fit=1403%2C2560&ssl=1","datePublished":"2021-01-15T13:10:37+00:00","dateModified":"2026-03-15T14:40:24+00:00","description":"savon liquide \u00e0 la verveine exotique a \u00e9t\u00e9 \u00e9lu meilleur produit bio de l'ann\u00e9e 2020 . Il est riche en glyc\u00e9rine doux et hydratant.","breadcrumb":{"@id":"https:\/\/garobulles.com\/index.php\/produit\/savon-liquide-pti-antoine-verveine-exotique\/#breadcrumb"},"inLanguage":"fr-FR","potentialAction":[{"@type":"ReadAction","target":["https:\/\/garobulles.com\/index.php\/produit\/savon-liquide-pti-antoine-verveine-exotique\/"]}]},{"@type":"ImageObject","inLanguage":"fr-FR","@id":"https:\/\/garobulles.com\/index.php\/produit\/savon-liquide-pti-antoine-verveine-exotique\/#primaryimage","url":"https:\/\/i0.wp.com\/garobulles.com\/wp-content\/uploads\/2021\/01\/IMG20250131111609-1-scaled-e1738322307864.jpg?fit=1403%2C2560&ssl=1","contentUrl":"https:\/\/i0.wp.com\/garobulles.com\/wp-content\/uploads\/2021\/01\/IMG20250131111609-1-scaled-e1738322307864.jpg?fit=1403%2C2560&ssl=1","width":1403,"height":2560,"caption":"savon liquide p'ti antoine verveine exotique"},{"@type":"BreadcrumbList","@id":"https:\/\/garobulles.com\/index.php\/produit\/savon-liquide-pti-antoine-verveine-exotique\/#breadcrumb","itemListElement":[{"@type":"ListItem","position":1,"name":"Accueil","item":"https:\/\/garobulles.com\/"},{"@type":"ListItem","position":2,"name":"Boutique","item":"https:\/\/garobulles.com\/index.php\/boutique-garobulles\/"},{"@type":"ListItem","position":3,"name":"Savon Liquide P&rsquo;ti Antoine Verveine Exotique 500ml 2L 5L et 10L"}]},{"@type":"WebSite","@id":"https:\/\/garobulles.com\/#website","url":"https:\/\/garobulles.com\/","name":"Savonnerie garobulles","description":"&quot;Une exp\u00e9rience sensorielle, un moment de bien \u00eatre.","publisher":{"@id":"https:\/\/garobulles.com\/#organization"},"potentialAction":[{"@type":"SearchAction","target":{"@type":"EntryPoint","urlTemplate":"https:\/\/garobulles.com\/?s={search_term_string}"},"query-input":{"@type":"PropertyValueSpecification","valueRequired":true,"valueName":"search_term_string"}}],"inLanguage":"fr-FR"},{"@type":"Organization","@id":"https:\/\/garobulles.com\/#organization","name":"Savonnerie garobulles","url":"https:\/\/garobulles.com\/","logo":{"@type":"ImageObject","inLanguage":"fr-FR","@id":"https:\/\/garobulles.com\/#\/schema\/logo\/image\/","url":"https:\/\/i0.wp.com\/garobulles.com\/wp-content\/uploads\/2020\/10\/cropped-garobulle-blanc-4.png?fit=582%2C524&ssl=1","contentUrl":"https:\/\/i0.wp.com\/garobulles.com\/wp-content\/uploads\/2020\/10\/cropped-garobulle-blanc-4.png?fit=582%2C524&ssl=1","width":582,"height":524,"caption":"Savonnerie garobulles"},"image":{"@id":"https:\/\/garobulles.com\/#\/schema\/logo\/image\/"}}]}},"jetpack_sharing_enabled":true,"_links":{"self":[{"href":"https:\/\/garobulles.com\/index.php\/wp-json\/wp\/v2\/product\/225","targetHints":{"allow":["GET"]}}],"collection":[{"href":"https:\/\/garobulles.com\/index.php\/wp-json\/wp\/v2\/product"}],"about":[{"href":"https:\/\/garobulles.com\/index.php\/wp-json\/wp\/v2\/types\/product"}],"wp:featuredmedia":[{"embeddable":true,"href":"https:\/\/garobulles.com\/index.php\/wp-json\/wp\/v2\/media\/3352"}],"wp:attachment":[{"href":"https:\/\/garobulles.com\/index.php\/wp-json\/wp\/v2\/media?parent=225"}],"wp:term":[{"taxonomy":"product_brand","embeddable":true,"href":"https:\/\/garobulles.com\/index.php\/wp-json\/wp\/v2\/product_brand?post=225"},{"taxonomy":"product_cat","embeddable":true,"href":"https:\/\/garobulles.com\/index.php\/wp-json\/wp\/v2\/product_cat?post=225"},{"taxonomy":"product_tag","embeddable":true,"href":"https:\/\/garobulles.com\/index.php\/wp-json\/wp\/v2\/product_tag?post=225"}],"curies":[{"name":"wp","href":"https:\/\/api.w.org\/{rel}","templated":true}]}}