{"id":2160,"date":"2021-01-13T18:20:56","date_gmt":"2021-01-13T17:20:56","guid":{"rendered":"https:\/\/garobulles.com\/?post_type=product&#038;p=2160"},"modified":"2026-03-26T14:45:32","modified_gmt":"2026-03-26T13:45:32","slug":"coffret-baume-et-ses-savons","status":"publish","type":"product","link":"https:\/\/garobulles.com\/index.php\/produit\/coffret-baume-et-ses-savons\/","title":{"rendered":"Coffret Baume et ses Savons"},"content":{"rendered":"<p><b>Compos\u00e9 de mac\u00e9r\u00e2t de fleurs de calendula\u00a0 et de Mono\u00ef ce baume hydrate et nourrit la peau .<\/b>Il soulage aussi des petits maux du quotidien. Son parfum doux et d\u00e9licat ne vous laissera pas insensible !<\/p>\n<p>Le mac\u00e9rat de Calendula est id\u00e9al pour apaiser les zones sensibles et d\u00e9licates de la peau.\u00a0Riche en antioxydants, il prot\u00e8ge la peau et limite l\u2019apparition des signes du vieillissement cutan\u00e9. Adoucissant\u00a0et assouplissant, il apporte douceur et \u00e9lasticit\u00e9 \u00e0 la peau.<\/p>\n<p><strong>Le mac\u00e9rat de Mono\u00ef Nourrit<\/strong>,<strong>\u00a0adoucit\u00a0<\/strong>et<strong>\u00a0apaise<\/strong>\u00a0la peau.\u00a0Prot\u00e8ge la peau des agressions ext\u00e9rieures. Aide \u00e0 maintenir l\u2019hydratation de la peau. Rend la peau plus lisse et plus \u00e9lastique et am\u00e9liore la fermet\u00e9 de la peau.<\/p>\n<p>Note YUKA: 100%<\/p>\n<p>Indications:<\/p>\n<p>Ger\u00e7ures, feu du rasoir ,Peaux \u00e0 tendance atopique ,Coups de soleil ,Peaux sujettes \u00e0 d\u00e9mangeaisons ,Piq\u00fbres d\u2019insectes ,Peaux fragiles et d\u00e9licates .<\/p>\n<p>Nous avons conditionn\u00e9 ce baume dans un pot en m\u00e9tal approuv\u00e9 pour le contact alimentaire. Il se recycle \u00e0 l\u2019infini et est moins \u00e9nergivore a transformer que le verre et plus l\u00e9ger \u00e0 transporter.<\/p>\n<p>Ingr\u00e9dients: Helianthus Annuus Seed Oil*, Cocos Nucifera Oil, Cera Alba*, Gardenia Taitensis Flower Extract, Zea Mays Starch*, Calendula Officinalis Flower Extract*, Tocopherol*<\/p>\n<p>*issu de l\u2019agriculture biologique<\/p>\n<div class=\"col-1\">\n<p>Savon surgras \u00e0 l\u2019huile d\u2019olive. Riche en glyc\u00e9rine, il est particuli\u00e8rement doux et hydratant.<\/p>\n<p>Sa mousse g\u00e9n\u00e9reuse vous procurera un pur moment de plaisir sous la douche.<\/p>\n<p>Ce n\u2019est pas tout ! La cordelette vous permet de suspendre le savon dans la douche pour qu\u2019il s\u00e8che facilement.<\/p>\n<p>SweetSunset est fabriqu\u00e9 \u00e0 la main, dans mon atelier. Chaque savon Garobulles est unique !<\/p>\n<\/div>\n<div><\/div>\n<div class=\"col-1\"><span class=\"h2\">NOS CONSEILS D\u2019UTILISATION<\/span><\/div>\n<div class=\"col-1\">\n<p>Humidifiez la peau et le savon, faites mousser, lavez le corps et le visage, puis rincez abondamment \u00e0 l\u2019eau claire<\/p>\n<p>Le savon peut \u00eatre utilis\u00e9 pour l\u2019hygi\u00e8ne des mains, du corps et du visage.<\/p>\n<p>Grace \u00e0 sa cordelette, vous pouvez le suspendre entre chaque douche afin qu\u2019il s\u00e8che rapidement.<\/p>\n<p>Convient pour un usage quotidien.<\/p>\n<\/div>\n<p>Savon sweetsunset<\/p>\n<p>Composition : huile de coco*saponifi\u00e9e, huile d\u2019olive*saponifi\u00e9e, huile de tournesol* saponifi\u00e9, eau, beurre de karit\u00e9*saponifi\u00e9, glyc\u00e9rine, huile d\u2019olive*, argile blanche, urucum*, huile essentielle d\u2019orange douce*, huile essentielle de petitgrain bigaradier*, citral**,geraniol**,limonene**,linalool**.<\/p>\n<p>* Transform\u00e9 \u00e0 partir d\u2019un ingr\u00e9dient issu de l\u2019agriculture biologique ou issu de l\u2019agriculture biologique\u00a0 **pr\u00e9sent naturellement<\/p>\n<p>&nbsp;<\/p>\n<p>Ingredients\u00a0: Sodium Cocoate*, Sodium Olivate*, Sodium Sunflowerseedate*, Aqua, Sodium Shea Butterate*, Glycerin, Olea Europaea Fruit Oil*, Citrus Sinensis Peel Oil Expressed*, Kaolin, Bixa Orellana Seed Powder*, Citrus Aurantium Amara Leaf\/Twig Oil*, Citral**, Geraniol**, Limonene**, Linalool**<\/p>\n<p>Savon D\u00e9lice de siam<\/p>\n<p>Composition\u00a0: huile de coco*saponifi\u00e9e, huile d\u2019olive* saponifi\u00e9e, huile de tournesol* saponifi\u00e9e, beurre de karit\u00e9*saponifi\u00e9, eau, glyc\u00e9rine, huile d\u2019olive*, curcuma*, huile essentielle d\u2019orange douce*, argile blanche, huile essentielle de c\u00e8dre de l\u2019atlas*, limonene**, linalool**<\/p>\n<p>&nbsp;<\/p>\n<p>Ingredients\u00a0: Sodium Cocoate*, Sodium Olivate*, Sodium Sunflowerseedate*, Sodium Shea Butterate*, Aqua, Glycerin, Olea Europaea Fruit Oil*, Curcuma Longa Root Powder*, Citrus Sinensis Peel Oil Expressed*, Kaolin, Cedrus Atlantica Bark Oil*, Limonene**, Linalool**<\/p>\n<p>* Transform\u00e9 \u00e0 partir d\u2019un ingr\u00e9dient issu de l\u2019agriculture biologique ou issu de l\u2019agriculture biologique\u00a0 **pr\u00e9sent naturellement<\/p>\n","protected":false},"excerpt":{"rendered":"<p>Coffret compos\u00e9 d&rsquo;un baume r\u00e9parateur 30ml au mac\u00e9rat de calendula\u00a0 et mono\u00ef et 2 savons sweetsunset et d\u00e9lice de siam de 50g.<\/p>\n","protected":false},"featured_media":3319,"template":"","meta":[],"product_brand":[],"product_cat":[25],"product_tag":[],"class_list":{"0":"post-2160","1":"product","2":"type-product","3":"status-publish","4":"has-post-thumbnail","6":"product_cat-coffrets-cadeaux","8":"entry","9":"has-media","11":"first","12":"instock","13":"taxable","14":"shipping-taxable","15":"purchasable","16":"product-type-simple","17":"has-product-nav","18":"col","19":"span_1_of_3","20":"owp-content-center","21":"owp-thumbs-layout-horizontal","22":"owp-btn-normal","23":"owp-tabs-layout-horizontal","24":"has-no-thumbnails"},"yoast_head":"<!-- This site is optimized with the Yoast SEO plugin v27.4 - https:\/\/yoast.com\/product\/yoast-seo-wordpress\/ -->\n<title>Coffret Baume et ses Savons - Savonnerie garobulles<\/title>\n<meta name=\"description\" content=\"Coffret compos\u00e9 d&#039;un baume r\u00e9parateur au mac\u00e9rat de calendula et mono\u00ef 30 ml et 2 savons de 50g d\u00e9lice de siam et sweetsunset .\" \/>\n<meta name=\"robots\" content=\"index, follow, max-snippet:-1, max-image-preview:large, max-video-preview:-1\" \/>\n<link rel=\"canonical\" href=\"https:\/\/garobulles.com\/index.php\/produit\/coffret-baume-et-ses-savons\/\" \/>\n<meta property=\"og:locale\" content=\"fr_FR\" \/>\n<meta property=\"og:type\" content=\"article\" \/>\n<meta property=\"og:title\" content=\"Coffret Baume et ses Savons - Savonnerie garobulles\" \/>\n<meta property=\"og:description\" content=\"Coffret compos\u00e9 d&#039;un baume r\u00e9parateur au mac\u00e9rat de calendula et mono\u00ef 30 ml et 2 savons de 50g d\u00e9lice de siam et sweetsunset .\" \/>\n<meta property=\"og:url\" content=\"https:\/\/garobulles.com\/index.php\/produit\/coffret-baume-et-ses-savons\/\" \/>\n<meta property=\"og:site_name\" content=\"Savonnerie garobulles\" \/>\n<meta property=\"article:modified_time\" content=\"2026-03-26T13:45:32+00:00\" \/>\n<meta property=\"og:image\" content=\"https:\/\/garobulles.com\/wp-content\/uploads\/2021\/01\/IMG20250118133840-scaled-e1737281607579.jpg\" \/>\n\t<meta property=\"og:image:width\" content=\"1920\" \/>\n\t<meta property=\"og:image:height\" content=\"1659\" \/>\n\t<meta property=\"og:image:type\" content=\"image\/jpeg\" \/>\n<meta name=\"twitter:card\" content=\"summary_large_image\" \/>\n<meta name=\"twitter:label1\" content=\"Dur\u00e9e de lecture estim\u00e9e\" \/>\n\t<meta name=\"twitter:data1\" content=\"3 minutes\" \/>\n<script type=\"application\/ld+json\" class=\"yoast-schema-graph\">{\"@context\":\"https:\\\/\\\/schema.org\",\"@graph\":[{\"@type\":\"WebPage\",\"@id\":\"https:\\\/\\\/garobulles.com\\\/index.php\\\/produit\\\/coffret-baume-et-ses-savons\\\/\",\"url\":\"https:\\\/\\\/garobulles.com\\\/index.php\\\/produit\\\/coffret-baume-et-ses-savons\\\/\",\"name\":\"Coffret Baume et ses Savons - Savonnerie garobulles\",\"isPartOf\":{\"@id\":\"https:\\\/\\\/garobulles.com\\\/#website\"},\"primaryImageOfPage\":{\"@id\":\"https:\\\/\\\/garobulles.com\\\/index.php\\\/produit\\\/coffret-baume-et-ses-savons\\\/#primaryimage\"},\"image\":{\"@id\":\"https:\\\/\\\/garobulles.com\\\/index.php\\\/produit\\\/coffret-baume-et-ses-savons\\\/#primaryimage\"},\"thumbnailUrl\":\"https:\\\/\\\/i0.wp.com\\\/garobulles.com\\\/wp-content\\\/uploads\\\/2021\\\/01\\\/IMG20250118133840-scaled-e1737281607579.jpg?fit=1920%2C1659&ssl=1\",\"datePublished\":\"2021-01-13T17:20:56+00:00\",\"dateModified\":\"2026-03-26T13:45:32+00:00\",\"description\":\"Coffret compos\u00e9 d'un baume r\u00e9parateur au mac\u00e9rat de calendula et mono\u00ef 30 ml et 2 savons de 50g d\u00e9lice de siam et sweetsunset .\",\"breadcrumb\":{\"@id\":\"https:\\\/\\\/garobulles.com\\\/index.php\\\/produit\\\/coffret-baume-et-ses-savons\\\/#breadcrumb\"},\"inLanguage\":\"fr-FR\",\"potentialAction\":[{\"@type\":\"ReadAction\",\"target\":[\"https:\\\/\\\/garobulles.com\\\/index.php\\\/produit\\\/coffret-baume-et-ses-savons\\\/\"]}]},{\"@type\":\"ImageObject\",\"inLanguage\":\"fr-FR\",\"@id\":\"https:\\\/\\\/garobulles.com\\\/index.php\\\/produit\\\/coffret-baume-et-ses-savons\\\/#primaryimage\",\"url\":\"https:\\\/\\\/i0.wp.com\\\/garobulles.com\\\/wp-content\\\/uploads\\\/2021\\\/01\\\/IMG20250118133840-scaled-e1737281607579.jpg?fit=1920%2C1659&ssl=1\",\"contentUrl\":\"https:\\\/\\\/i0.wp.com\\\/garobulles.com\\\/wp-content\\\/uploads\\\/2021\\\/01\\\/IMG20250118133840-scaled-e1737281607579.jpg?fit=1920%2C1659&ssl=1\",\"width\":1920,\"height\":1659,\"caption\":\"coffret duo de savons et son baume\"},{\"@type\":\"BreadcrumbList\",\"@id\":\"https:\\\/\\\/garobulles.com\\\/index.php\\\/produit\\\/coffret-baume-et-ses-savons\\\/#breadcrumb\",\"itemListElement\":[{\"@type\":\"ListItem\",\"position\":1,\"name\":\"Accueil\",\"item\":\"https:\\\/\\\/garobulles.com\\\/\"},{\"@type\":\"ListItem\",\"position\":2,\"name\":\"Boutique\",\"item\":\"https:\\\/\\\/garobulles.com\\\/index.php\\\/boutique-garobulles\\\/\"},{\"@type\":\"ListItem\",\"position\":3,\"name\":\"Coffret Baume et ses Savons\"}]},{\"@type\":\"WebSite\",\"@id\":\"https:\\\/\\\/garobulles.com\\\/#website\",\"url\":\"https:\\\/\\\/garobulles.com\\\/\",\"name\":\"Savonnerie garobulles\",\"description\":\"&quot;Une exp\u00e9rience sensorielle, un moment de bien \u00eatre.\",\"publisher\":{\"@id\":\"https:\\\/\\\/garobulles.com\\\/#organization\"},\"potentialAction\":[{\"@type\":\"SearchAction\",\"target\":{\"@type\":\"EntryPoint\",\"urlTemplate\":\"https:\\\/\\\/garobulles.com\\\/?s={search_term_string}\"},\"query-input\":{\"@type\":\"PropertyValueSpecification\",\"valueRequired\":true,\"valueName\":\"search_term_string\"}}],\"inLanguage\":\"fr-FR\"},{\"@type\":\"Organization\",\"@id\":\"https:\\\/\\\/garobulles.com\\\/#organization\",\"name\":\"Savonnerie garobulles\",\"url\":\"https:\\\/\\\/garobulles.com\\\/\",\"logo\":{\"@type\":\"ImageObject\",\"inLanguage\":\"fr-FR\",\"@id\":\"https:\\\/\\\/garobulles.com\\\/#\\\/schema\\\/logo\\\/image\\\/\",\"url\":\"https:\\\/\\\/i0.wp.com\\\/garobulles.com\\\/wp-content\\\/uploads\\\/2020\\\/10\\\/cropped-garobulle-blanc-4.png?fit=582%2C524&ssl=1\",\"contentUrl\":\"https:\\\/\\\/i0.wp.com\\\/garobulles.com\\\/wp-content\\\/uploads\\\/2020\\\/10\\\/cropped-garobulle-blanc-4.png?fit=582%2C524&ssl=1\",\"width\":582,\"height\":524,\"caption\":\"Savonnerie garobulles\"},\"image\":{\"@id\":\"https:\\\/\\\/garobulles.com\\\/#\\\/schema\\\/logo\\\/image\\\/\"}}]}<\/script>\n<!-- \/ Yoast SEO plugin. -->","yoast_head_json":{"title":"Coffret Baume et ses Savons - Savonnerie garobulles","description":"Coffret compos\u00e9 d'un baume r\u00e9parateur au mac\u00e9rat de calendula et mono\u00ef 30 ml et 2 savons de 50g d\u00e9lice de siam et sweetsunset .","robots":{"index":"index","follow":"follow","max-snippet":"max-snippet:-1","max-image-preview":"max-image-preview:large","max-video-preview":"max-video-preview:-1"},"canonical":"https:\/\/garobulles.com\/index.php\/produit\/coffret-baume-et-ses-savons\/","og_locale":"fr_FR","og_type":"article","og_title":"Coffret Baume et ses Savons - Savonnerie garobulles","og_description":"Coffret compos\u00e9 d'un baume r\u00e9parateur au mac\u00e9rat de calendula et mono\u00ef 30 ml et 2 savons de 50g d\u00e9lice de siam et sweetsunset .","og_url":"https:\/\/garobulles.com\/index.php\/produit\/coffret-baume-et-ses-savons\/","og_site_name":"Savonnerie garobulles","article_modified_time":"2026-03-26T13:45:32+00:00","og_image":[{"width":1920,"height":1659,"url":"https:\/\/garobulles.com\/wp-content\/uploads\/2021\/01\/IMG20250118133840-scaled-e1737281607579.jpg","type":"image\/jpeg"}],"twitter_card":"summary_large_image","twitter_misc":{"Dur\u00e9e de lecture estim\u00e9e":"3 minutes"},"schema":{"@context":"https:\/\/schema.org","@graph":[{"@type":"WebPage","@id":"https:\/\/garobulles.com\/index.php\/produit\/coffret-baume-et-ses-savons\/","url":"https:\/\/garobulles.com\/index.php\/produit\/coffret-baume-et-ses-savons\/","name":"Coffret Baume et ses Savons - Savonnerie garobulles","isPartOf":{"@id":"https:\/\/garobulles.com\/#website"},"primaryImageOfPage":{"@id":"https:\/\/garobulles.com\/index.php\/produit\/coffret-baume-et-ses-savons\/#primaryimage"},"image":{"@id":"https:\/\/garobulles.com\/index.php\/produit\/coffret-baume-et-ses-savons\/#primaryimage"},"thumbnailUrl":"https:\/\/i0.wp.com\/garobulles.com\/wp-content\/uploads\/2021\/01\/IMG20250118133840-scaled-e1737281607579.jpg?fit=1920%2C1659&ssl=1","datePublished":"2021-01-13T17:20:56+00:00","dateModified":"2026-03-26T13:45:32+00:00","description":"Coffret compos\u00e9 d'un baume r\u00e9parateur au mac\u00e9rat de calendula et mono\u00ef 30 ml et 2 savons de 50g d\u00e9lice de siam et sweetsunset .","breadcrumb":{"@id":"https:\/\/garobulles.com\/index.php\/produit\/coffret-baume-et-ses-savons\/#breadcrumb"},"inLanguage":"fr-FR","potentialAction":[{"@type":"ReadAction","target":["https:\/\/garobulles.com\/index.php\/produit\/coffret-baume-et-ses-savons\/"]}]},{"@type":"ImageObject","inLanguage":"fr-FR","@id":"https:\/\/garobulles.com\/index.php\/produit\/coffret-baume-et-ses-savons\/#primaryimage","url":"https:\/\/i0.wp.com\/garobulles.com\/wp-content\/uploads\/2021\/01\/IMG20250118133840-scaled-e1737281607579.jpg?fit=1920%2C1659&ssl=1","contentUrl":"https:\/\/i0.wp.com\/garobulles.com\/wp-content\/uploads\/2021\/01\/IMG20250118133840-scaled-e1737281607579.jpg?fit=1920%2C1659&ssl=1","width":1920,"height":1659,"caption":"coffret duo de savons et son baume"},{"@type":"BreadcrumbList","@id":"https:\/\/garobulles.com\/index.php\/produit\/coffret-baume-et-ses-savons\/#breadcrumb","itemListElement":[{"@type":"ListItem","position":1,"name":"Accueil","item":"https:\/\/garobulles.com\/"},{"@type":"ListItem","position":2,"name":"Boutique","item":"https:\/\/garobulles.com\/index.php\/boutique-garobulles\/"},{"@type":"ListItem","position":3,"name":"Coffret Baume et ses Savons"}]},{"@type":"WebSite","@id":"https:\/\/garobulles.com\/#website","url":"https:\/\/garobulles.com\/","name":"Savonnerie garobulles","description":"&quot;Une exp\u00e9rience sensorielle, un moment de bien \u00eatre.","publisher":{"@id":"https:\/\/garobulles.com\/#organization"},"potentialAction":[{"@type":"SearchAction","target":{"@type":"EntryPoint","urlTemplate":"https:\/\/garobulles.com\/?s={search_term_string}"},"query-input":{"@type":"PropertyValueSpecification","valueRequired":true,"valueName":"search_term_string"}}],"inLanguage":"fr-FR"},{"@type":"Organization","@id":"https:\/\/garobulles.com\/#organization","name":"Savonnerie garobulles","url":"https:\/\/garobulles.com\/","logo":{"@type":"ImageObject","inLanguage":"fr-FR","@id":"https:\/\/garobulles.com\/#\/schema\/logo\/image\/","url":"https:\/\/i0.wp.com\/garobulles.com\/wp-content\/uploads\/2020\/10\/cropped-garobulle-blanc-4.png?fit=582%2C524&ssl=1","contentUrl":"https:\/\/i0.wp.com\/garobulles.com\/wp-content\/uploads\/2020\/10\/cropped-garobulle-blanc-4.png?fit=582%2C524&ssl=1","width":582,"height":524,"caption":"Savonnerie garobulles"},"image":{"@id":"https:\/\/garobulles.com\/#\/schema\/logo\/image\/"}}]}},"jetpack_sharing_enabled":true,"_links":{"self":[{"href":"https:\/\/garobulles.com\/index.php\/wp-json\/wp\/v2\/product\/2160","targetHints":{"allow":["GET"]}}],"collection":[{"href":"https:\/\/garobulles.com\/index.php\/wp-json\/wp\/v2\/product"}],"about":[{"href":"https:\/\/garobulles.com\/index.php\/wp-json\/wp\/v2\/types\/product"}],"wp:featuredmedia":[{"embeddable":true,"href":"https:\/\/garobulles.com\/index.php\/wp-json\/wp\/v2\/media\/3319"}],"wp:attachment":[{"href":"https:\/\/garobulles.com\/index.php\/wp-json\/wp\/v2\/media?parent=2160"}],"wp:term":[{"taxonomy":"product_brand","embeddable":true,"href":"https:\/\/garobulles.com\/index.php\/wp-json\/wp\/v2\/product_brand?post=2160"},{"taxonomy":"product_cat","embeddable":true,"href":"https:\/\/garobulles.com\/index.php\/wp-json\/wp\/v2\/product_cat?post=2160"},{"taxonomy":"product_tag","embeddable":true,"href":"https:\/\/garobulles.com\/index.php\/wp-json\/wp\/v2\/product_tag?post=2160"}],"curies":[{"name":"wp","href":"https:\/\/api.w.org\/{rel}","templated":true}]}}