{"id":1002,"date":"2021-01-15T13:51:59","date_gmt":"2021-01-15T12:51:59","guid":{"rendered":"https:\/\/garobulles.com\/?post_type=product&#038;p=1002"},"modified":"2026-03-26T14:44:30","modified_gmt":"2026-03-26T13:44:30","slug":"eponge-vegetale-luffa","status":"publish","type":"product","link":"https:\/\/garobulles.com\/index.php\/produit\/eponge-vegetale-luffa\/","title":{"rendered":"Luffa enti\u00e8re"},"content":{"rendered":"<p>\u00e9ponge v\u00e9g\u00e9tale Luffa<\/p>\n<div class=\"cc-m-hgrid-column\">\n<div id=\"cc-matrix-2335234384\">\n<div id=\"cc-m-9266270284\" class=\"j-module n j-text \">\n<ul>\n<li>Stimulent la circulation sanguine<\/li>\n<li>Agissent en pr\u00e9vention de la cellulite<\/li>\n<li>R\u00e9duisent les points noirs<\/li>\n<li>Agissent en pr\u00e9vention des poils incarn\u00e9s<\/li>\n<li>\u00c9liminent les peaux mortes<\/li>\n<\/ul>\n<\/div>\n<\/div>\n<\/div>\n<div class=\"cc-m-hgrid-column last\">\n<div id=\"cc-matrix-2335234484\">\n<div id=\"cc-m-9266270384\" class=\"j-module n j-text \">\n<ul>\n<li>\u00a0100 % naturelles<\/li>\n<li>100 % biod\u00e9gradables<\/li>\n<li>\u00a0r\u00e9sistantes dans le temps<\/li>\n<li>\u00a0produites de mani\u00e8re artisanale<\/li>\n<li>\u00a0id\u00e9ales pour une utilisation avec des gels douche ou du savon<\/li>\n<li>un excellent exfoliant aussi bien \u00e0 sec que sur peau humide<\/li>\n<\/ul>\n<\/div>\n<\/div>\n<\/div>\n","protected":false},"excerpt":{"rendered":"<p>Luffa enti\u00e8re \u00e9ponge v\u00e9g\u00e9tale pour faire des gommages corporels.longueur 50 \u00e0 60 cm environ.<\/p>\n","protected":false},"featured_media":2568,"template":"","meta":[],"product_brand":[],"product_cat":[26],"product_tag":[],"class_list":{"0":"post-1002","1":"product","2":"type-product","3":"status-publish","4":"has-post-thumbnail","6":"product_cat-accessoires","8":"entry","9":"has-media","11":"first","12":"instock","13":"taxable","14":"shipping-taxable","15":"purchasable","16":"product-type-simple","17":"has-product-nav","18":"col","19":"span_1_of_3","20":"owp-content-center","21":"owp-thumbs-layout-horizontal","22":"owp-btn-normal","23":"owp-tabs-layout-horizontal","24":"has-no-thumbnails"},"yoast_head":"<!-- This site is optimized with the Yoast SEO plugin v27.4 - https:\/\/yoast.com\/product\/yoast-seo-wordpress\/ -->\n<title>Luffa enti\u00e8re - Savonnerie garobulles<\/title>\n<meta name=\"description\" content=\"\u00e9ponge v\u00e9g\u00e9tale luffa ,exfoliante elle vous permettra de faire des gommages corporels. Elle peux servir aussi de porte savon. Tr\u00e8s r\u00e9sistant .\" \/>\n<meta name=\"robots\" content=\"index, follow, max-snippet:-1, max-image-preview:large, max-video-preview:-1\" \/>\n<link rel=\"canonical\" href=\"https:\/\/garobulles.com\/index.php\/produit\/eponge-vegetale-luffa\/\" \/>\n<meta property=\"og:locale\" content=\"fr_FR\" \/>\n<meta property=\"og:type\" content=\"article\" \/>\n<meta property=\"og:title\" content=\"Luffa enti\u00e8re - Savonnerie garobulles\" \/>\n<meta property=\"og:description\" content=\"\u00e9ponge v\u00e9g\u00e9tale luffa ,exfoliante elle vous permettra de faire des gommages corporels. Elle peux servir aussi de porte savon. Tr\u00e8s r\u00e9sistant .\" \/>\n<meta property=\"og:url\" content=\"https:\/\/garobulles.com\/index.php\/produit\/eponge-vegetale-luffa\/\" \/>\n<meta property=\"og:site_name\" content=\"Savonnerie garobulles\" \/>\n<meta property=\"article:modified_time\" content=\"2026-03-26T13:44:30+00:00\" \/>\n<meta property=\"og:image\" content=\"https:\/\/garobulles.com\/wp-content\/uploads\/2021\/01\/Luffa-768x768.png\" \/>\n\t<meta property=\"og:image:width\" content=\"768\" \/>\n\t<meta property=\"og:image:height\" content=\"768\" \/>\n\t<meta property=\"og:image:type\" content=\"image\/png\" \/>\n<meta name=\"twitter:card\" content=\"summary_large_image\" \/>\n<meta name=\"twitter:label1\" content=\"Dur\u00e9e de lecture estim\u00e9e\" \/>\n\t<meta name=\"twitter:data1\" content=\"1 minute\" \/>\n<script type=\"application\/ld+json\" class=\"yoast-schema-graph\">{\"@context\":\"https:\\\/\\\/schema.org\",\"@graph\":[{\"@type\":\"WebPage\",\"@id\":\"https:\\\/\\\/garobulles.com\\\/index.php\\\/produit\\\/eponge-vegetale-luffa\\\/\",\"url\":\"https:\\\/\\\/garobulles.com\\\/index.php\\\/produit\\\/eponge-vegetale-luffa\\\/\",\"name\":\"Luffa enti\u00e8re - Savonnerie garobulles\",\"isPartOf\":{\"@id\":\"https:\\\/\\\/garobulles.com\\\/#website\"},\"primaryImageOfPage\":{\"@id\":\"https:\\\/\\\/garobulles.com\\\/index.php\\\/produit\\\/eponge-vegetale-luffa\\\/#primaryimage\"},\"image\":{\"@id\":\"https:\\\/\\\/garobulles.com\\\/index.php\\\/produit\\\/eponge-vegetale-luffa\\\/#primaryimage\"},\"thumbnailUrl\":\"https:\\\/\\\/i0.wp.com\\\/garobulles.com\\\/wp-content\\\/uploads\\\/2021\\\/01\\\/Luffa.png?fit=2000%2C2000&ssl=1\",\"datePublished\":\"2021-01-15T12:51:59+00:00\",\"dateModified\":\"2026-03-26T13:44:30+00:00\",\"description\":\"\u00e9ponge v\u00e9g\u00e9tale luffa ,exfoliante elle vous permettra de faire des gommages corporels. Elle peux servir aussi de porte savon. Tr\u00e8s r\u00e9sistant .\",\"breadcrumb\":{\"@id\":\"https:\\\/\\\/garobulles.com\\\/index.php\\\/produit\\\/eponge-vegetale-luffa\\\/#breadcrumb\"},\"inLanguage\":\"fr-FR\",\"potentialAction\":[{\"@type\":\"ReadAction\",\"target\":[\"https:\\\/\\\/garobulles.com\\\/index.php\\\/produit\\\/eponge-vegetale-luffa\\\/\"]}]},{\"@type\":\"ImageObject\",\"inLanguage\":\"fr-FR\",\"@id\":\"https:\\\/\\\/garobulles.com\\\/index.php\\\/produit\\\/eponge-vegetale-luffa\\\/#primaryimage\",\"url\":\"https:\\\/\\\/i0.wp.com\\\/garobulles.com\\\/wp-content\\\/uploads\\\/2021\\\/01\\\/Luffa.png?fit=2000%2C2000&ssl=1\",\"contentUrl\":\"https:\\\/\\\/i0.wp.com\\\/garobulles.com\\\/wp-content\\\/uploads\\\/2021\\\/01\\\/Luffa.png?fit=2000%2C2000&ssl=1\",\"width\":2000,\"height\":2000,\"caption\":\"luffa enti\u00e8re\"},{\"@type\":\"BreadcrumbList\",\"@id\":\"https:\\\/\\\/garobulles.com\\\/index.php\\\/produit\\\/eponge-vegetale-luffa\\\/#breadcrumb\",\"itemListElement\":[{\"@type\":\"ListItem\",\"position\":1,\"name\":\"Accueil\",\"item\":\"https:\\\/\\\/garobulles.com\\\/\"},{\"@type\":\"ListItem\",\"position\":2,\"name\":\"Boutique\",\"item\":\"https:\\\/\\\/garobulles.com\\\/index.php\\\/boutique-garobulles\\\/\"},{\"@type\":\"ListItem\",\"position\":3,\"name\":\"Luffa enti\u00e8re\"}]},{\"@type\":\"WebSite\",\"@id\":\"https:\\\/\\\/garobulles.com\\\/#website\",\"url\":\"https:\\\/\\\/garobulles.com\\\/\",\"name\":\"Savonnerie garobulles\",\"description\":\"&quot;Une exp\u00e9rience sensorielle, un moment de bien \u00eatre.\",\"publisher\":{\"@id\":\"https:\\\/\\\/garobulles.com\\\/#organization\"},\"potentialAction\":[{\"@type\":\"SearchAction\",\"target\":{\"@type\":\"EntryPoint\",\"urlTemplate\":\"https:\\\/\\\/garobulles.com\\\/?s={search_term_string}\"},\"query-input\":{\"@type\":\"PropertyValueSpecification\",\"valueRequired\":true,\"valueName\":\"search_term_string\"}}],\"inLanguage\":\"fr-FR\"},{\"@type\":\"Organization\",\"@id\":\"https:\\\/\\\/garobulles.com\\\/#organization\",\"name\":\"Savonnerie garobulles\",\"url\":\"https:\\\/\\\/garobulles.com\\\/\",\"logo\":{\"@type\":\"ImageObject\",\"inLanguage\":\"fr-FR\",\"@id\":\"https:\\\/\\\/garobulles.com\\\/#\\\/schema\\\/logo\\\/image\\\/\",\"url\":\"https:\\\/\\\/i0.wp.com\\\/garobulles.com\\\/wp-content\\\/uploads\\\/2020\\\/10\\\/cropped-garobulle-blanc-4.png?fit=582%2C524&ssl=1\",\"contentUrl\":\"https:\\\/\\\/i0.wp.com\\\/garobulles.com\\\/wp-content\\\/uploads\\\/2020\\\/10\\\/cropped-garobulle-blanc-4.png?fit=582%2C524&ssl=1\",\"width\":582,\"height\":524,\"caption\":\"Savonnerie garobulles\"},\"image\":{\"@id\":\"https:\\\/\\\/garobulles.com\\\/#\\\/schema\\\/logo\\\/image\\\/\"}}]}<\/script>\n<!-- \/ Yoast SEO plugin. -->","yoast_head_json":{"title":"Luffa enti\u00e8re - Savonnerie garobulles","description":"\u00e9ponge v\u00e9g\u00e9tale luffa ,exfoliante elle vous permettra de faire des gommages corporels. Elle peux servir aussi de porte savon. Tr\u00e8s r\u00e9sistant .","robots":{"index":"index","follow":"follow","max-snippet":"max-snippet:-1","max-image-preview":"max-image-preview:large","max-video-preview":"max-video-preview:-1"},"canonical":"https:\/\/garobulles.com\/index.php\/produit\/eponge-vegetale-luffa\/","og_locale":"fr_FR","og_type":"article","og_title":"Luffa enti\u00e8re - Savonnerie garobulles","og_description":"\u00e9ponge v\u00e9g\u00e9tale luffa ,exfoliante elle vous permettra de faire des gommages corporels. Elle peux servir aussi de porte savon. Tr\u00e8s r\u00e9sistant .","og_url":"https:\/\/garobulles.com\/index.php\/produit\/eponge-vegetale-luffa\/","og_site_name":"Savonnerie garobulles","article_modified_time":"2026-03-26T13:44:30+00:00","og_image":[{"width":768,"height":768,"url":"https:\/\/garobulles.com\/wp-content\/uploads\/2021\/01\/Luffa-768x768.png","type":"image\/png"}],"twitter_card":"summary_large_image","twitter_misc":{"Dur\u00e9e de lecture estim\u00e9e":"1 minute"},"schema":{"@context":"https:\/\/schema.org","@graph":[{"@type":"WebPage","@id":"https:\/\/garobulles.com\/index.php\/produit\/eponge-vegetale-luffa\/","url":"https:\/\/garobulles.com\/index.php\/produit\/eponge-vegetale-luffa\/","name":"Luffa enti\u00e8re - Savonnerie garobulles","isPartOf":{"@id":"https:\/\/garobulles.com\/#website"},"primaryImageOfPage":{"@id":"https:\/\/garobulles.com\/index.php\/produit\/eponge-vegetale-luffa\/#primaryimage"},"image":{"@id":"https:\/\/garobulles.com\/index.php\/produit\/eponge-vegetale-luffa\/#primaryimage"},"thumbnailUrl":"https:\/\/i0.wp.com\/garobulles.com\/wp-content\/uploads\/2021\/01\/Luffa.png?fit=2000%2C2000&ssl=1","datePublished":"2021-01-15T12:51:59+00:00","dateModified":"2026-03-26T13:44:30+00:00","description":"\u00e9ponge v\u00e9g\u00e9tale luffa ,exfoliante elle vous permettra de faire des gommages corporels. Elle peux servir aussi de porte savon. Tr\u00e8s r\u00e9sistant .","breadcrumb":{"@id":"https:\/\/garobulles.com\/index.php\/produit\/eponge-vegetale-luffa\/#breadcrumb"},"inLanguage":"fr-FR","potentialAction":[{"@type":"ReadAction","target":["https:\/\/garobulles.com\/index.php\/produit\/eponge-vegetale-luffa\/"]}]},{"@type":"ImageObject","inLanguage":"fr-FR","@id":"https:\/\/garobulles.com\/index.php\/produit\/eponge-vegetale-luffa\/#primaryimage","url":"https:\/\/i0.wp.com\/garobulles.com\/wp-content\/uploads\/2021\/01\/Luffa.png?fit=2000%2C2000&ssl=1","contentUrl":"https:\/\/i0.wp.com\/garobulles.com\/wp-content\/uploads\/2021\/01\/Luffa.png?fit=2000%2C2000&ssl=1","width":2000,"height":2000,"caption":"luffa enti\u00e8re"},{"@type":"BreadcrumbList","@id":"https:\/\/garobulles.com\/index.php\/produit\/eponge-vegetale-luffa\/#breadcrumb","itemListElement":[{"@type":"ListItem","position":1,"name":"Accueil","item":"https:\/\/garobulles.com\/"},{"@type":"ListItem","position":2,"name":"Boutique","item":"https:\/\/garobulles.com\/index.php\/boutique-garobulles\/"},{"@type":"ListItem","position":3,"name":"Luffa enti\u00e8re"}]},{"@type":"WebSite","@id":"https:\/\/garobulles.com\/#website","url":"https:\/\/garobulles.com\/","name":"Savonnerie garobulles","description":"&quot;Une exp\u00e9rience sensorielle, un moment de bien \u00eatre.","publisher":{"@id":"https:\/\/garobulles.com\/#organization"},"potentialAction":[{"@type":"SearchAction","target":{"@type":"EntryPoint","urlTemplate":"https:\/\/garobulles.com\/?s={search_term_string}"},"query-input":{"@type":"PropertyValueSpecification","valueRequired":true,"valueName":"search_term_string"}}],"inLanguage":"fr-FR"},{"@type":"Organization","@id":"https:\/\/garobulles.com\/#organization","name":"Savonnerie garobulles","url":"https:\/\/garobulles.com\/","logo":{"@type":"ImageObject","inLanguage":"fr-FR","@id":"https:\/\/garobulles.com\/#\/schema\/logo\/image\/","url":"https:\/\/i0.wp.com\/garobulles.com\/wp-content\/uploads\/2020\/10\/cropped-garobulle-blanc-4.png?fit=582%2C524&ssl=1","contentUrl":"https:\/\/i0.wp.com\/garobulles.com\/wp-content\/uploads\/2020\/10\/cropped-garobulle-blanc-4.png?fit=582%2C524&ssl=1","width":582,"height":524,"caption":"Savonnerie garobulles"},"image":{"@id":"https:\/\/garobulles.com\/#\/schema\/logo\/image\/"}}]}},"jetpack_sharing_enabled":true,"_links":{"self":[{"href":"https:\/\/garobulles.com\/index.php\/wp-json\/wp\/v2\/product\/1002","targetHints":{"allow":["GET"]}}],"collection":[{"href":"https:\/\/garobulles.com\/index.php\/wp-json\/wp\/v2\/product"}],"about":[{"href":"https:\/\/garobulles.com\/index.php\/wp-json\/wp\/v2\/types\/product"}],"wp:featuredmedia":[{"embeddable":true,"href":"https:\/\/garobulles.com\/index.php\/wp-json\/wp\/v2\/media\/2568"}],"wp:attachment":[{"href":"https:\/\/garobulles.com\/index.php\/wp-json\/wp\/v2\/media?parent=1002"}],"wp:term":[{"taxonomy":"product_brand","embeddable":true,"href":"https:\/\/garobulles.com\/index.php\/wp-json\/wp\/v2\/product_brand?post=1002"},{"taxonomy":"product_cat","embeddable":true,"href":"https:\/\/garobulles.com\/index.php\/wp-json\/wp\/v2\/product_cat?post=1002"},{"taxonomy":"product_tag","embeddable":true,"href":"https:\/\/garobulles.com\/index.php\/wp-json\/wp\/v2\/product_tag?post=1002"}],"curies":[{"name":"wp","href":"https:\/\/api.w.org\/{rel}","templated":true}]}}