{"id":82,"date":"2020-10-23T18:08:16","date_gmt":"2020-10-23T16:08:16","guid":{"rendered":"http:\/\/garobulles.com\/?page_id=82"},"modified":"2025-11-14T17:40:21","modified_gmt":"2025-11-14T16:40:21","slug":"mes-savons-liquides","status":"publish","type":"page","link":"https:\/\/garobulles.com\/index.php\/mes-savons-liquides\/","title":{"rendered":"Savons liquides"},"content":{"rendered":"\t\t<div data-elementor-type=\"wp-page\" data-elementor-id=\"82\" class=\"elementor elementor-82\">\n\t\t\t\t\t\t<section class=\"elementor-section elementor-top-section elementor-element elementor-element-5437387 elementor-section-boxed elementor-section-height-default elementor-section-height-default\" data-id=\"5437387\" data-element_type=\"section\" data-e-type=\"section\">\n\t\t\t\t\t\t<div class=\"elementor-container elementor-column-gap-default\">\n\t\t\t\t\t<div class=\"elementor-column elementor-col-100 elementor-top-column elementor-element elementor-element-59a002c\" data-id=\"59a002c\" data-element_type=\"column\" data-e-type=\"column\">\n\t\t\t<div class=\"elementor-widget-wrap elementor-element-populated\">\n\t\t\t\t\t\t<div class=\"elementor-element elementor-element-4555429 elementor-widget elementor-widget-spacer\" data-id=\"4555429\" data-element_type=\"widget\" data-e-type=\"widget\" data-widget_type=\"spacer.default\">\n\t\t\t\t<div class=\"elementor-widget-container\">\n\t\t\t\t\t\t\t<div class=\"elementor-spacer\">\n\t\t\t<div class=\"elementor-spacer-inner\"><\/div>\n\t\t<\/div>\n\t\t\t\t\t\t<\/div>\n\t\t\t\t<\/div>\n\t\t\t\t\t<\/div>\n\t\t<\/div>\n\t\t\t\t\t<\/div>\n\t\t<\/section>\n\t\t\t\t<section class=\"elementor-section elementor-top-section elementor-element elementor-element-893512a elementor-section-boxed elementor-section-height-default elementor-section-height-default\" data-id=\"893512a\" data-element_type=\"section\" data-e-type=\"section\">\n\t\t\t\t\t\t<div class=\"elementor-container elementor-column-gap-default\">\n\t\t\t\t\t<div class=\"elementor-column elementor-col-100 elementor-top-column elementor-element elementor-element-3fdcb7d\" data-id=\"3fdcb7d\" data-element_type=\"column\" data-e-type=\"column\">\n\t\t\t<div class=\"elementor-widget-wrap\">\n\t\t\t\t\t\t\t<\/div>\n\t\t<\/div>\n\t\t\t\t\t<\/div>\n\t\t<\/section>\n\t\t\t\t<section class=\"elementor-section elementor-top-section elementor-element elementor-element-16fed9f elementor-section-boxed elementor-section-height-default elementor-section-height-default\" data-id=\"16fed9f\" data-element_type=\"section\" data-e-type=\"section\">\n\t\t\t\t\t\t\t<div class=\"elementor-background-overlay\"><\/div>\n\t\t\t\t\t\t\t<div class=\"elementor-container elementor-column-gap-default\">\n\t\t\t\t\t<div class=\"elementor-column elementor-col-100 elementor-top-column elementor-element elementor-element-388d747\" data-id=\"388d747\" data-element_type=\"column\" data-e-type=\"column\">\n\t\t\t<div class=\"elementor-widget-wrap elementor-element-populated\">\n\t\t\t\t\t\t<div class=\"elementor-element elementor-element-3ea6282 elementor-widget elementor-widget-text-editor\" data-id=\"3ea6282\" data-element_type=\"widget\" data-e-type=\"widget\" data-widget_type=\"text-editor.default\">\n\t\t\t\t<div class=\"elementor-widget-container\">\n\t\t\t\t\t\t\t\t\t<h1><u>Les savons liquides P&rsquo;ti Antoine<\/u><\/h1><p>\u00a0J\u2019ai choisi de produire des savons liquides pour le corps qualitatif et utilisant le plus de mati\u00e8re premi\u00e8re locale.Pour cela j&rsquo;utilise 3 huiles: L&rsquo;huile de colza de l&rsquo;huile\u00a0 de coco et de l&rsquo;huile de ricin\u00a0 que je\u00a0 saponifie \u00e0 chaud avec de l&rsquo;hydroxyde dans un chaudron. Apr\u00e8s quelques heures de cuisson \u00e0 basse temp\u00e9rature\u00a0 une p\u00e2te dure apparait puis je la dilue pour obtenir du savon liquide. Nous sommes tr\u00e8s peu de savonnier en France \u00e0 fabriquer ce type de savon .<\/p><p>Ainsi tous mes produits que je fabrique ne contiennent\u00a0 aucun conservateur ni perturbateur endocrinien. Par cons\u00e9quent Ils sont yuka compatible. Mes savons contiennent un fort taux de glyc\u00e9rine\u00a0 essentielle pour bien hydrater la peau et l\u2019adoucir.<\/p><p>Le savon liquide P&rsquo;ti Antoine verveine exotique a \u00e9t\u00e9 \u00e9lu meilleur produit bio et meilleur eco produit de l&rsquo;ann\u00e9e 2020 avec une note 17.2\/20 par un jury de 100 consommateurs.<\/p><h2>Le flacon\u00a0<\/h2><p>J\u2019ai choisi de ne pas utiliser le PET (trop de pollution et trop de migration d&rsquo;\u00e9l\u00e9ment chimique vers mon produit). J&rsquo;ai donc opt\u00e9 pour un emballage v\u00e9g\u00e9tal issu de la canne \u00e0 sucre. Le flacon est compostable en centre de tri. Il est fabriqu\u00e9 en Charente et non pas \u00e0 l&rsquo;autre bout de la plan\u00e8te. ce qui permet d&rsquo;avoir un bilan carbone le plus neutre possible.<\/p><h3><a href=\"https:\/\/www.passeportsante.net\/portail\/huiles-essentielles\">Mes savons liquides sont parfum\u00e9s aux\u00a0 huiles essentielles<\/a><\/h3><p>-J&rsquo;ai choisi l\u2019huile essentielle de <a href=\"https:\/\/garobulles.com\/index.php\/produit\/savon-liquide-pti-antoine-orange-douce-petitgrain-bigaradier\/\">petitgrain bigaradier<\/a>\u00a0 car elle est d\u00e9stressante mais aussi relaxante et calmante.<\/p><p>-Et aussi l\u2019huile essentielle <a href=\"https:\/\/garobulles.com\/index.php\/produit\/savon-liquide-pti-antoine-eucalyptus\/\">d\u2019eucalyptus<\/a> qui est positivante et rafraichissante, antibact\u00e9rienne et antifongique. Son parfum vous rappellera le parfum des hammams.<\/p><p>J&rsquo;ai opt\u00e9 pour l\u2019huile essentielle de <a href=\"https:\/\/garobulles.com\/index.php\/produit\/savon-liquide-pti-antoine-verveine-exotique\/\">verveine exotique\u00a0<\/a>diminue l\u2019angoisse et l\u2019anxi\u00e9t\u00e9. Elle favorise aussi la concentration et le sommeil.<\/p><p>Et enfin j&rsquo;ai choisi l\u2019huile essentielle<a href=\"https:\/\/garobulles.com\/index.php\/produit\/savon-liquide-pti-antoine-orange-douce-petitgrain-bigaradier\/\"> d\u2019orange douce <\/a>car elle procure un r\u00e9el bien-\u00eatre. V\u00e9hicule bonne humeur et optimiste et elle apaise aussi les tensions<\/p>\t\t\t\t\t\t\t\t<\/div>\n\t\t\t\t<\/div>\n\t\t\t\t\t<\/div>\n\t\t<\/div>\n\t\t\t\t\t<\/div>\n\t\t<\/section>\n\t\t\t\t<section class=\"elementor-section elementor-top-section elementor-element elementor-element-10fb156 elementor-section-boxed elementor-section-height-default elementor-section-height-default\" data-id=\"10fb156\" data-element_type=\"section\" data-e-type=\"section\">\n\t\t\t\t\t\t<div class=\"elementor-container elementor-column-gap-default\">\n\t\t\t\t\t<div class=\"elementor-column elementor-col-100 elementor-top-column elementor-element elementor-element-3197fb3\" data-id=\"3197fb3\" data-element_type=\"column\" data-e-type=\"column\">\n\t\t\t<div class=\"elementor-widget-wrap elementor-element-populated\">\n\t\t\t\t\t\t<div class=\"elementor-element elementor-element-dd8266d elementor-widget elementor-widget-spacer\" data-id=\"dd8266d\" data-element_type=\"widget\" data-e-type=\"widget\" data-widget_type=\"spacer.default\">\n\t\t\t\t<div class=\"elementor-widget-container\">\n\t\t\t\t\t\t\t<div class=\"elementor-spacer\">\n\t\t\t<div class=\"elementor-spacer-inner\"><\/div>\n\t\t<\/div>\n\t\t\t\t\t\t<\/div>\n\t\t\t\t<\/div>\n\t\t\t\t\t<\/div>\n\t\t<\/div>\n\t\t\t\t\t<\/div>\n\t\t<\/section>\n\t\t\t\t<section class=\"elementor-section elementor-top-section elementor-element elementor-element-cb6c77b elementor-section-boxed elementor-section-height-default elementor-section-height-default\" data-id=\"cb6c77b\" data-element_type=\"section\" data-e-type=\"section\">\n\t\t\t\t\t\t<div class=\"elementor-container elementor-column-gap-default\">\n\t\t\t\t\t<div class=\"elementor-column elementor-col-100 elementor-top-column elementor-element elementor-element-2f69ab9\" data-id=\"2f69ab9\" data-element_type=\"column\" data-e-type=\"column\">\n\t\t\t<div class=\"elementor-widget-wrap elementor-element-populated\">\n\t\t\t\t\t\t<div class=\"elementor-element elementor-element-ce47aa5 elementor-widget elementor-widget-button\" data-id=\"ce47aa5\" data-element_type=\"widget\" data-e-type=\"widget\" data-widget_type=\"button.default\">\n\t\t\t\t<div class=\"elementor-widget-container\">\n\t\t\t\t\t\t\t\t\t<div class=\"elementor-button-wrapper\">\n\t\t\t\t\t<a class=\"elementor-button elementor-button-link elementor-size-sm\" href=\"https:\/\/garobulles.com\/index.php\/boutique-garobulles\/\">\n\t\t\t\t\t\t<span class=\"elementor-button-content-wrapper\">\n\t\t\t\t\t\t\t\t\t<span class=\"elementor-button-text\">retrouvez nos produits ici<\/span>\n\t\t\t\t\t<\/span>\n\t\t\t\t\t<\/a>\n\t\t\t\t<\/div>\n\t\t\t\t\t\t\t\t<\/div>\n\t\t\t\t<\/div>\n\t\t\t\t\t<\/div>\n\t\t<\/div>\n\t\t\t\t\t<\/div>\n\t\t<\/section>\n\t\t\t\t<section class=\"elementor-section elementor-top-section elementor-element elementor-element-edb0b69 elementor-section-boxed elementor-section-height-default elementor-section-height-default\" data-id=\"edb0b69\" data-element_type=\"section\" data-e-type=\"section\">\n\t\t\t\t\t\t<div class=\"elementor-container elementor-column-gap-default\">\n\t\t\t\t\t<div class=\"elementor-column elementor-col-100 elementor-top-column elementor-element elementor-element-671ebad\" data-id=\"671ebad\" data-element_type=\"column\" data-e-type=\"column\">\n\t\t\t<div class=\"elementor-widget-wrap elementor-element-populated\">\n\t\t\t\t\t\t<div class=\"elementor-element elementor-element-c804784 elementor-widget elementor-widget-image-carousel\" data-id=\"c804784\" data-element_type=\"widget\" data-e-type=\"widget\" data-settings=\"{&quot;slides_to_show&quot;:&quot;1&quot;,&quot;navigation&quot;:&quot;none&quot;,&quot;autoplay&quot;:&quot;yes&quot;,&quot;pause_on_hover&quot;:&quot;yes&quot;,&quot;pause_on_interaction&quot;:&quot;yes&quot;,&quot;autoplay_speed&quot;:5000,&quot;infinite&quot;:&quot;yes&quot;,&quot;effect&quot;:&quot;slide&quot;,&quot;speed&quot;:500}\" data-widget_type=\"image-carousel.default\">\n\t\t\t\t<div class=\"elementor-widget-container\">\n\t\t\t\t\t\t\t<div class=\"elementor-image-carousel-wrapper swiper\" role=\"region\" aria-roledescription=\"carousel\" aria-label=\"Carrousel d\u2019images\" dir=\"ltr\">\n\t\t\t<div class=\"elementor-image-carousel swiper-wrapper\" aria-live=\"off\">\n\t\t\t\t\t\t\t\t<div class=\"swiper-slide\" role=\"group\" aria-roledescription=\"slide\" aria-label=\"1 sur 4\"><figure class=\"swiper-slide-inner\"><img decoding=\"async\" class=\"swiper-slide-image\" src=\"https:\/\/i0.wp.com\/garobulles.com\/wp-content\/uploads\/2021\/01\/DSC_7383-scaled.jpg?resize=150%2C150&amp;ssl=1\" alt=\"savon liquide P&#039;ti Antoine\" \/><\/figure><\/div><div class=\"swiper-slide\" role=\"group\" aria-roledescription=\"slide\" aria-label=\"2 sur 4\"><figure class=\"swiper-slide-inner\"><img decoding=\"async\" class=\"swiper-slide-image\" src=\"https:\/\/i0.wp.com\/garobulles.com\/wp-content\/uploads\/2022\/07\/DSC_7402-scaled.jpg?resize=150%2C150&amp;ssl=1\" alt=\"P&#039;ti antoine verveine\" \/><\/figure><\/div><div class=\"swiper-slide\" role=\"group\" aria-roledescription=\"slide\" aria-label=\"3 sur 4\"><figure class=\"swiper-slide-inner\"><img decoding=\"async\" class=\"swiper-slide-image\" src=\"https:\/\/i0.wp.com\/garobulles.com\/wp-content\/uploads\/2022\/07\/DSC_7779-scaled.jpg?resize=150%2C150&amp;ssl=1\" alt=\"savons liquides\" \/><\/figure><\/div><div class=\"swiper-slide\" role=\"group\" aria-roledescription=\"slide\" aria-label=\"4 sur 4\"><figure class=\"swiper-slide-inner\"><img data-recalc-dims=\"1\" decoding=\"async\" class=\"swiper-slide-image\" src=\"https:\/\/i0.wp.com\/garobulles.com\/wp-content\/uploads\/2022\/07\/DSC_7411-scaled.jpg?w=1200&#038;ssl=1\" alt=\"\" \/><\/figure><\/div>\t\t\t<\/div>\n\t\t\t\t\t\t\t\n\t\t\t\t\t\t\t\t\t<\/div>\n\t\t\t\t\t\t<\/div>\n\t\t\t\t<\/div>\n\t\t\t\t\t<\/div>\n\t\t<\/div>\n\t\t\t\t\t<\/div>\n\t\t<\/section>\n\t\t\t\t<\/div>\n\t\t","protected":false},"excerpt":{"rendered":"<p>Les savons liquides P&rsquo;ti Antoine \u00a0J\u2019ai choisi de produire des savons liquides pour le corps qualitatif et utilisant le plus de mati\u00e8re premi\u00e8re locale.Pour cela j&rsquo;utilise 3 huiles: L&rsquo;huile de colza de l&rsquo;huile\u00a0 de coco et de l&rsquo;huile de ricin\u00a0 que je\u00a0 saponifie \u00e0 chaud avec de l&rsquo;hydroxyde dans un chaudron. Apr\u00e8s quelques heures de [&hellip;]<\/p>\n","protected":false},"author":1,"featured_media":0,"parent":0,"menu_order":0,"comment_status":"closed","ping_status":"closed","template":"","meta":{"footnotes":""},"class_list":["post-82","page","type-page","status-publish","hentry","entry","owp-thumbs-layout-horizontal","owp-btn-normal","owp-tabs-layout-horizontal","has-no-thumbnails","has-product-nav"],"yoast_head":"<!-- This site is optimized with the Yoast SEO plugin v27.4 - https:\/\/yoast.com\/product\/yoast-seo-wordpress\/ -->\n<title>Savons Liquides pour le corps cuit au chaudron avec recharge.<\/title>\n<meta name=\"description\" content=\"la savonnerie garobulles fabrique des savons liquides pour le corps saponifi\u00e9s \u00e0 chaud ils sont riche en glyc\u00e9rine et hydratant.\" \/>\n<meta name=\"robots\" content=\"index, follow, max-snippet:-1, max-image-preview:large, max-video-preview:-1\" \/>\n<link rel=\"canonical\" href=\"https:\/\/garobulles.com\/index.php\/mes-savons-liquides\/\" \/>\n<meta property=\"og:locale\" content=\"fr_FR\" \/>\n<meta property=\"og:type\" content=\"article\" \/>\n<meta property=\"og:title\" content=\"Savons Liquides pour le corps cuit au chaudron avec recharge.\" \/>\n<meta property=\"og:description\" content=\"la savonnerie garobulles fabrique des savons liquides pour le corps saponifi\u00e9s \u00e0 chaud ils sont riche en glyc\u00e9rine et hydratant.\" \/>\n<meta property=\"og:url\" content=\"https:\/\/garobulles.com\/index.php\/mes-savons-liquides\/\" \/>\n<meta property=\"og:site_name\" content=\"Savonnerie garobulles\" \/>\n<meta property=\"article:modified_time\" content=\"2025-11-14T16:40:21+00:00\" \/>\n<meta property=\"og:image\" content=\"https:\/\/garobulles.com\/wp-content\/uploads\/2021\/01\/DSC_7383-150x150.jpg\" \/>\n<meta name=\"twitter:card\" content=\"summary_large_image\" \/>\n<meta name=\"twitter:label1\" content=\"Dur\u00e9e de lecture estim\u00e9e\" \/>\n\t<meta name=\"twitter:data1\" content=\"3 minutes\" \/>\n<script type=\"application\/ld+json\" class=\"yoast-schema-graph\">{\"@context\":\"https:\\\/\\\/schema.org\",\"@graph\":[{\"@type\":\"WebPage\",\"@id\":\"https:\\\/\\\/garobulles.com\\\/index.php\\\/mes-savons-liquides\\\/\",\"url\":\"https:\\\/\\\/garobulles.com\\\/index.php\\\/mes-savons-liquides\\\/\",\"name\":\"Savons Liquides pour le corps cuit au chaudron avec recharge.\",\"isPartOf\":{\"@id\":\"https:\\\/\\\/garobulles.com\\\/#website\"},\"primaryImageOfPage\":{\"@id\":\"https:\\\/\\\/garobulles.com\\\/index.php\\\/mes-savons-liquides\\\/#primaryimage\"},\"image\":{\"@id\":\"https:\\\/\\\/garobulles.com\\\/index.php\\\/mes-savons-liquides\\\/#primaryimage\"},\"thumbnailUrl\":\"https:\\\/\\\/garobulles.com\\\/wp-content\\\/uploads\\\/2021\\\/01\\\/DSC_7383-150x150.jpg\",\"datePublished\":\"2020-10-23T16:08:16+00:00\",\"dateModified\":\"2025-11-14T16:40:21+00:00\",\"description\":\"la savonnerie garobulles fabrique des savons liquides pour le corps saponifi\u00e9s \u00e0 chaud ils sont riche en glyc\u00e9rine et hydratant.\",\"breadcrumb\":{\"@id\":\"https:\\\/\\\/garobulles.com\\\/index.php\\\/mes-savons-liquides\\\/#breadcrumb\"},\"inLanguage\":\"fr-FR\",\"potentialAction\":[{\"@type\":\"ReadAction\",\"target\":[\"https:\\\/\\\/garobulles.com\\\/index.php\\\/mes-savons-liquides\\\/\"]}]},{\"@type\":\"ImageObject\",\"inLanguage\":\"fr-FR\",\"@id\":\"https:\\\/\\\/garobulles.com\\\/index.php\\\/mes-savons-liquides\\\/#primaryimage\",\"url\":\"https:\\\/\\\/i0.wp.com\\\/garobulles.com\\\/wp-content\\\/uploads\\\/2021\\\/01\\\/DSC_7383-scaled.jpg?fit=1709%2C2560&ssl=1\",\"contentUrl\":\"https:\\\/\\\/i0.wp.com\\\/garobulles.com\\\/wp-content\\\/uploads\\\/2021\\\/01\\\/DSC_7383-scaled.jpg?fit=1709%2C2560&ssl=1\",\"width\":1709,\"height\":2560,\"caption\":\"savon liquide P'ti Antoine\"},{\"@type\":\"BreadcrumbList\",\"@id\":\"https:\\\/\\\/garobulles.com\\\/index.php\\\/mes-savons-liquides\\\/#breadcrumb\",\"itemListElement\":[{\"@type\":\"ListItem\",\"position\":1,\"name\":\"Accueil\",\"item\":\"https:\\\/\\\/garobulles.com\\\/\"},{\"@type\":\"ListItem\",\"position\":2,\"name\":\"Savons liquides\"}]},{\"@type\":\"WebSite\",\"@id\":\"https:\\\/\\\/garobulles.com\\\/#website\",\"url\":\"https:\\\/\\\/garobulles.com\\\/\",\"name\":\"Savonnerie garobulles\",\"description\":\"&quot;Une exp\u00e9rience sensorielle, un moment de bien \u00eatre.\",\"publisher\":{\"@id\":\"https:\\\/\\\/garobulles.com\\\/#organization\"},\"potentialAction\":[{\"@type\":\"SearchAction\",\"target\":{\"@type\":\"EntryPoint\",\"urlTemplate\":\"https:\\\/\\\/garobulles.com\\\/?s={search_term_string}\"},\"query-input\":{\"@type\":\"PropertyValueSpecification\",\"valueRequired\":true,\"valueName\":\"search_term_string\"}}],\"inLanguage\":\"fr-FR\"},{\"@type\":\"Organization\",\"@id\":\"https:\\\/\\\/garobulles.com\\\/#organization\",\"name\":\"Savonnerie garobulles\",\"url\":\"https:\\\/\\\/garobulles.com\\\/\",\"logo\":{\"@type\":\"ImageObject\",\"inLanguage\":\"fr-FR\",\"@id\":\"https:\\\/\\\/garobulles.com\\\/#\\\/schema\\\/logo\\\/image\\\/\",\"url\":\"https:\\\/\\\/i0.wp.com\\\/garobulles.com\\\/wp-content\\\/uploads\\\/2020\\\/10\\\/cropped-garobulle-blanc-4.png?fit=582%2C524&ssl=1\",\"contentUrl\":\"https:\\\/\\\/i0.wp.com\\\/garobulles.com\\\/wp-content\\\/uploads\\\/2020\\\/10\\\/cropped-garobulle-blanc-4.png?fit=582%2C524&ssl=1\",\"width\":582,\"height\":524,\"caption\":\"Savonnerie garobulles\"},\"image\":{\"@id\":\"https:\\\/\\\/garobulles.com\\\/#\\\/schema\\\/logo\\\/image\\\/\"}}]}<\/script>\n<!-- \/ Yoast SEO plugin. -->","yoast_head_json":{"title":"Savons Liquides pour le corps cuit au chaudron avec recharge.","description":"la savonnerie garobulles fabrique des savons liquides pour le corps saponifi\u00e9s \u00e0 chaud ils sont riche en glyc\u00e9rine et hydratant.","robots":{"index":"index","follow":"follow","max-snippet":"max-snippet:-1","max-image-preview":"max-image-preview:large","max-video-preview":"max-video-preview:-1"},"canonical":"https:\/\/garobulles.com\/index.php\/mes-savons-liquides\/","og_locale":"fr_FR","og_type":"article","og_title":"Savons Liquides pour le corps cuit au chaudron avec recharge.","og_description":"la savonnerie garobulles fabrique des savons liquides pour le corps saponifi\u00e9s \u00e0 chaud ils sont riche en glyc\u00e9rine et hydratant.","og_url":"https:\/\/garobulles.com\/index.php\/mes-savons-liquides\/","og_site_name":"Savonnerie garobulles","article_modified_time":"2025-11-14T16:40:21+00:00","og_image":[{"url":"https:\/\/garobulles.com\/wp-content\/uploads\/2021\/01\/DSC_7383-150x150.jpg","type":"","width":"","height":""}],"twitter_card":"summary_large_image","twitter_misc":{"Dur\u00e9e de lecture estim\u00e9e":"3 minutes"},"schema":{"@context":"https:\/\/schema.org","@graph":[{"@type":"WebPage","@id":"https:\/\/garobulles.com\/index.php\/mes-savons-liquides\/","url":"https:\/\/garobulles.com\/index.php\/mes-savons-liquides\/","name":"Savons Liquides pour le corps cuit au chaudron avec recharge.","isPartOf":{"@id":"https:\/\/garobulles.com\/#website"},"primaryImageOfPage":{"@id":"https:\/\/garobulles.com\/index.php\/mes-savons-liquides\/#primaryimage"},"image":{"@id":"https:\/\/garobulles.com\/index.php\/mes-savons-liquides\/#primaryimage"},"thumbnailUrl":"https:\/\/garobulles.com\/wp-content\/uploads\/2021\/01\/DSC_7383-150x150.jpg","datePublished":"2020-10-23T16:08:16+00:00","dateModified":"2025-11-14T16:40:21+00:00","description":"la savonnerie garobulles fabrique des savons liquides pour le corps saponifi\u00e9s \u00e0 chaud ils sont riche en glyc\u00e9rine et hydratant.","breadcrumb":{"@id":"https:\/\/garobulles.com\/index.php\/mes-savons-liquides\/#breadcrumb"},"inLanguage":"fr-FR","potentialAction":[{"@type":"ReadAction","target":["https:\/\/garobulles.com\/index.php\/mes-savons-liquides\/"]}]},{"@type":"ImageObject","inLanguage":"fr-FR","@id":"https:\/\/garobulles.com\/index.php\/mes-savons-liquides\/#primaryimage","url":"https:\/\/i0.wp.com\/garobulles.com\/wp-content\/uploads\/2021\/01\/DSC_7383-scaled.jpg?fit=1709%2C2560&ssl=1","contentUrl":"https:\/\/i0.wp.com\/garobulles.com\/wp-content\/uploads\/2021\/01\/DSC_7383-scaled.jpg?fit=1709%2C2560&ssl=1","width":1709,"height":2560,"caption":"savon liquide P'ti Antoine"},{"@type":"BreadcrumbList","@id":"https:\/\/garobulles.com\/index.php\/mes-savons-liquides\/#breadcrumb","itemListElement":[{"@type":"ListItem","position":1,"name":"Accueil","item":"https:\/\/garobulles.com\/"},{"@type":"ListItem","position":2,"name":"Savons liquides"}]},{"@type":"WebSite","@id":"https:\/\/garobulles.com\/#website","url":"https:\/\/garobulles.com\/","name":"Savonnerie garobulles","description":"&quot;Une exp\u00e9rience sensorielle, un moment de bien \u00eatre.","publisher":{"@id":"https:\/\/garobulles.com\/#organization"},"potentialAction":[{"@type":"SearchAction","target":{"@type":"EntryPoint","urlTemplate":"https:\/\/garobulles.com\/?s={search_term_string}"},"query-input":{"@type":"PropertyValueSpecification","valueRequired":true,"valueName":"search_term_string"}}],"inLanguage":"fr-FR"},{"@type":"Organization","@id":"https:\/\/garobulles.com\/#organization","name":"Savonnerie garobulles","url":"https:\/\/garobulles.com\/","logo":{"@type":"ImageObject","inLanguage":"fr-FR","@id":"https:\/\/garobulles.com\/#\/schema\/logo\/image\/","url":"https:\/\/i0.wp.com\/garobulles.com\/wp-content\/uploads\/2020\/10\/cropped-garobulle-blanc-4.png?fit=582%2C524&ssl=1","contentUrl":"https:\/\/i0.wp.com\/garobulles.com\/wp-content\/uploads\/2020\/10\/cropped-garobulle-blanc-4.png?fit=582%2C524&ssl=1","width":582,"height":524,"caption":"Savonnerie garobulles"},"image":{"@id":"https:\/\/garobulles.com\/#\/schema\/logo\/image\/"}}]}},"jetpack_sharing_enabled":true,"_links":{"self":[{"href":"https:\/\/garobulles.com\/index.php\/wp-json\/wp\/v2\/pages\/82","targetHints":{"allow":["GET"]}}],"collection":[{"href":"https:\/\/garobulles.com\/index.php\/wp-json\/wp\/v2\/pages"}],"about":[{"href":"https:\/\/garobulles.com\/index.php\/wp-json\/wp\/v2\/types\/page"}],"author":[{"embeddable":true,"href":"https:\/\/garobulles.com\/index.php\/wp-json\/wp\/v2\/users\/1"}],"replies":[{"embeddable":true,"href":"https:\/\/garobulles.com\/index.php\/wp-json\/wp\/v2\/comments?post=82"}],"version-history":[{"count":159,"href":"https:\/\/garobulles.com\/index.php\/wp-json\/wp\/v2\/pages\/82\/revisions"}],"predecessor-version":[{"id":3487,"href":"https:\/\/garobulles.com\/index.php\/wp-json\/wp\/v2\/pages\/82\/revisions\/3487"}],"wp:attachment":[{"href":"https:\/\/garobulles.com\/index.php\/wp-json\/wp\/v2\/media?parent=82"}],"curies":[{"name":"wp","href":"https:\/\/api.w.org\/{rel}","templated":true}]}}