{"id":77,"date":"2020-10-23T18:03:29","date_gmt":"2020-10-23T16:03:29","guid":{"rendered":"http:\/\/garobulles.com\/?page_id=77"},"modified":"2024-04-02T16:56:36","modified_gmt":"2024-04-02T14:56:36","slug":"savons-solides-saponifie-a-froid","status":"publish","type":"page","link":"https:\/\/garobulles.com\/index.php\/savons-solides-saponifie-a-froid\/","title":{"rendered":"Savons solides"},"content":{"rendered":"\t\t<div data-elementor-type=\"wp-page\" data-elementor-id=\"77\" class=\"elementor elementor-77\">\n\t\t\t\t\t\t<section class=\"elementor-section elementor-top-section elementor-element elementor-element-bbb9c10 elementor-section-boxed elementor-section-height-default elementor-section-height-default\" data-id=\"bbb9c10\" data-element_type=\"section\" data-e-type=\"section\">\n\t\t\t\t\t\t<div class=\"elementor-container elementor-column-gap-default\">\n\t\t\t\t\t<div class=\"elementor-column elementor-col-100 elementor-top-column elementor-element elementor-element-53bd1d7\" data-id=\"53bd1d7\" data-element_type=\"column\" data-e-type=\"column\">\n\t\t\t<div class=\"elementor-widget-wrap elementor-element-populated\">\n\t\t\t\t\t\t<div class=\"elementor-element elementor-element-5abeaf6 elementor-widget elementor-widget-spacer\" data-id=\"5abeaf6\" data-element_type=\"widget\" data-e-type=\"widget\" data-widget_type=\"spacer.default\">\n\t\t\t\t<div class=\"elementor-widget-container\">\n\t\t\t\t\t\t\t<div class=\"elementor-spacer\">\n\t\t\t<div class=\"elementor-spacer-inner\"><\/div>\n\t\t<\/div>\n\t\t\t\t\t\t<\/div>\n\t\t\t\t<\/div>\n\t\t\t\t\t<\/div>\n\t\t<\/div>\n\t\t\t\t\t<\/div>\n\t\t<\/section>\n\t\t\t\t<section class=\"elementor-section elementor-top-section elementor-element elementor-element-5f5c5cc elementor-section-boxed elementor-section-height-default elementor-section-height-default\" data-id=\"5f5c5cc\" data-element_type=\"section\" data-e-type=\"section\">\n\t\t\t\t\t\t\t<div class=\"elementor-background-overlay\"><\/div>\n\t\t\t\t\t\t\t<div class=\"elementor-container elementor-column-gap-default\">\n\t\t\t\t\t<div class=\"elementor-column elementor-col-100 elementor-top-column elementor-element elementor-element-195e7f6\" data-id=\"195e7f6\" data-element_type=\"column\" data-e-type=\"column\">\n\t\t\t<div class=\"elementor-widget-wrap elementor-element-populated\">\n\t\t\t\t\t\t<div class=\"elementor-element elementor-element-e1f6594 elementor-widget elementor-widget-text-editor\" data-id=\"e1f6594\" data-element_type=\"widget\" data-e-type=\"widget\" data-widget_type=\"text-editor.default\">\n\t\t\t\t<div class=\"elementor-widget-container\">\n\t\t\t\t\t\t\t\t\t<h1><u>Mes savons solides<\/u><\/h1><p>Je fabrique des savons par saponification \u00e0 froid avec un surgras \u00e0 l\u2019huile d\u2019olive de 5 % et un taux de glyc\u00e9rine de 8% qui vous permettent ainsi de vous laver tout en hydratant la peau. Plus qu\u2019un savon un v\u00e9ritable soin.<\/p><p>Ils sont <a href=\"https:\/\/garobulles.com\/index.php\/2020\/10\/24\/la-saponification-a-froid\/\">saponifi\u00e9s \u00e0 froid. <\/a>C&rsquo;est \u00e0 dire que je m\u00e9lange des huiles v\u00e9g\u00e9tales avec de l&rsquo;hydroxyde de sodium. La r\u00e9action de ces 2 produits donnent du savon !<\/p><h2>Savons\u00a0 surgras<\/h2><p>L\u2019huile d\u2019olive est tr\u00e8s douce elle est donc parfaitement tol\u00e9r\u00e9e par les peaux les plus sensibles et est la plus adapt\u00e9e \u00e0 notre peau. De ce fait elle est aussi \u00e9molliente et riche, elle nourrit la peau en profondeur et r\u00e9gule le syst\u00e8me naturel d&rsquo;hydratation de la peau. Elle est aussi antioxydante, Calmante, elle apaise les rougeurs et les irritations.<\/p><h3>Les argiles<\/h3><p>j&rsquo;utilise aussi des argiles qui purifient et assainissent la peau. Elles sont \u00e9galement cicatrisantes et adoucissantes.<\/p><h4>Savon au curcuma<\/h4><p><a href=\"https:\/\/garobulles.com\/index.php\/produit\/savon-delice-de-siam-cedre-orange-douce-curcuma\/\">Le curcuma<\/a> est un puissant anti-\u00e2ge et antioxydant, il est anti-inflammatoire. La curcumine apaise les irritations.<\/p><h4>Savon \u00e0 l&rsquo;urucum<\/h4><p><a href=\"https:\/\/garobulles.com\/index.php\/produit\/savons-sweetsunset-pour-le-corps\/\">L\u2019urucum<\/a> pr\u00e9pare la peau au bronzage et favorise ainsi la pigmentation (fabrication de m\u00e9lanine responsable du bronzage), c\u2019est un antioxydant naturel, Pr\u00e9vient le vieillissement cutan\u00e9, notamment d\u00fb \u00e0 l&rsquo;exposition aux UV, et est aussi un r\u00e9pulsif des insectes. L&rsquo;urucum est tr\u00e8s riche en b\u00eata-carot\u00e8ne (100 fois plus que la carotte).<\/p><h2><a href=\"https:\/\/www.passeportsante.net\/portail\/huiles-essentielles\" target=\"_blank\" rel=\"noopener\">Les huiles essentielles<\/a><\/h2><p>L\u2019huile essentielle<a href=\"https:\/\/garobulles.com\/index.php\/produit\/savon-garobulles\/\"> d\u2019eucalyptus<\/a> est positivante autant que rafraichissante, antibact\u00e9rienne et antifongique. Son parfum vous rappellera le parfum des hammams.<\/p><p>L\u2019huile essentielle<a href=\"https:\/\/garobulles.com\/index.php\/produit\/savon-delice-de-siam-cedre-orange-douce-curcuma\/\"> de c\u00e8dre de l\u2019atlas<\/a> est r\u00e9g\u00e9n\u00e9rante favorise aussi la relaxation.<\/p><p>L\u2019huile essentielle<a href=\"https:\/\/garobulles.com\/index.php\/produit\/savons-sweetsunset-pour-le-corps\/\"> d\u2019orange douce<\/a> procure un r\u00e9el bien-\u00eatre, v\u00e9hicule bonne humeur et optimiste. Elle apaise aussi les tensions.<\/p><p>L\u2019huile essentielle de <a href=\"https:\/\/garobulles.com\/index.php\/produit\/savons-sweetsunset-pour-le-corps\/\">petitgrain bigaradier<\/a> est relaxante, calmante et anti stress.<\/p><p>L&rsquo;huile essentielle de <a href=\"https:\/\/garobulles.com\/index.php\/produit\/savon-le-temps-dun-regard\/\">patchouli<\/a> est cicatrisante , r\u00e9g\u00e9n\u00e9ratrice cutan\u00e9, tonique.<\/p><p>L&rsquo;huile essentielle de<a href=\"https:\/\/garobulles.com\/index.php\/produit\/savon-le-temps-dun-regard\/\"> verveine exotique<\/a> diminue l&rsquo;angoisse et l&rsquo;anxi\u00e9t\u00e9, favorise la concentration et le sommeil.<\/p><p>J&rsquo;utilise aussi <a href=\"https:\/\/garobulles.com\/index.php\/produit\/savon-solena\/\">des fleurs de lavande et des feuilles de menthe <\/a>qui sont broy\u00e9es et infus\u00e9es dans les huiles ce qui donne un savon l\u00e9g\u00e8rement exfoliant et sans allerg\u00e8ne.<\/p><p>Chaque savon est unique et vous n&rsquo;aurez ainsi jamais le m\u00eame marbrage<\/p>\t\t\t\t\t\t\t\t<\/div>\n\t\t\t\t<\/div>\n\t\t\t\t\t<\/div>\n\t\t<\/div>\n\t\t\t\t\t<\/div>\n\t\t<\/section>\n\t\t\t\t<section class=\"elementor-section elementor-top-section elementor-element elementor-element-71c8612 elementor-section-boxed elementor-section-height-default elementor-section-height-default\" data-id=\"71c8612\" data-element_type=\"section\" data-e-type=\"section\">\n\t\t\t\t\t\t<div class=\"elementor-container elementor-column-gap-default\">\n\t\t\t\t\t<div class=\"elementor-column elementor-col-100 elementor-top-column elementor-element elementor-element-f53fea3\" data-id=\"f53fea3\" data-element_type=\"column\" data-e-type=\"column\">\n\t\t\t<div class=\"elementor-widget-wrap elementor-element-populated\">\n\t\t\t\t\t\t<div class=\"elementor-element elementor-element-ab50ccf elementor-widget elementor-widget-spacer\" data-id=\"ab50ccf\" data-element_type=\"widget\" data-e-type=\"widget\" data-widget_type=\"spacer.default\">\n\t\t\t\t<div class=\"elementor-widget-container\">\n\t\t\t\t\t\t\t<div class=\"elementor-spacer\">\n\t\t\t<div class=\"elementor-spacer-inner\"><\/div>\n\t\t<\/div>\n\t\t\t\t\t\t<\/div>\n\t\t\t\t<\/div>\n\t\t\t\t\t<\/div>\n\t\t<\/div>\n\t\t\t\t\t<\/div>\n\t\t<\/section>\n\t\t\t\t<section class=\"elementor-section elementor-top-section elementor-element elementor-element-8ac2ba2 elementor-section-boxed elementor-section-height-default elementor-section-height-default\" data-id=\"8ac2ba2\" data-element_type=\"section\" data-e-type=\"section\">\n\t\t\t\t\t\t<div class=\"elementor-container elementor-column-gap-default\">\n\t\t\t\t\t<div class=\"elementor-column elementor-col-100 elementor-top-column elementor-element elementor-element-c165e4f\" data-id=\"c165e4f\" data-element_type=\"column\" data-e-type=\"column\">\n\t\t\t<div class=\"elementor-widget-wrap elementor-element-populated\">\n\t\t\t\t\t\t<div class=\"elementor-element elementor-element-4418641 elementor-widget elementor-widget-button\" data-id=\"4418641\" data-element_type=\"widget\" data-e-type=\"widget\" data-widget_type=\"button.default\">\n\t\t\t\t<div class=\"elementor-widget-container\">\n\t\t\t\t\t\t\t\t\t<div class=\"elementor-button-wrapper\">\n\t\t\t\t\t<a class=\"elementor-button elementor-button-link elementor-size-sm\" href=\"https:\/\/garobulles.com\/index.php\/boutique-garobulles\/\" id=\"pour retrouvez mes savons\">\n\t\t\t\t\t\t<span class=\"elementor-button-content-wrapper\">\n\t\t\t\t\t\t\t\t\t<span class=\"elementor-button-text\">retrouvez nos produit ici<\/span>\n\t\t\t\t\t<\/span>\n\t\t\t\t\t<\/a>\n\t\t\t\t<\/div>\n\t\t\t\t\t\t\t\t<\/div>\n\t\t\t\t<\/div>\n\t\t\t\t\t<\/div>\n\t\t<\/div>\n\t\t\t\t\t<\/div>\n\t\t<\/section>\n\t\t\t\t<\/div>\n\t\t","protected":false},"excerpt":{"rendered":"<p>Mes savons solides Je fabrique des savons par saponification \u00e0 froid avec un surgras \u00e0 l\u2019huile d\u2019olive de 5 % et un taux de glyc\u00e9rine de 8% qui vous permettent ainsi de vous laver tout en hydratant la peau. Plus qu\u2019un savon un v\u00e9ritable soin. Ils sont saponifi\u00e9s \u00e0 froid. C&rsquo;est \u00e0 dire que je [&hellip;]<\/p>\n","protected":false},"author":1,"featured_media":0,"parent":0,"menu_order":0,"comment_status":"closed","ping_status":"closed","template":"","meta":{"footnotes":""},"class_list":["post-77","page","type-page","status-publish","hentry","entry","owp-thumbs-layout-horizontal","owp-btn-normal","owp-tabs-layout-horizontal","has-no-thumbnails","has-product-nav"],"yoast_head":"<!-- This site is optimized with the Yoast SEO plugin v27.4 - https:\/\/yoast.com\/product\/yoast-seo-wordpress\/ -->\n<title>Savons Solides fabriqu\u00e9 \u00e0 la main par saponification \u00e0 froid.<\/title>\n<meta name=\"description\" content=\"Savons solides saponifi\u00e9 \u00e0 froid riche en glyc\u00e9rine naturelle avec un surgras \u00e0 l&#039;huile d&#039;olive pour nettoyer et hydrater votre peaux,\" \/>\n<meta name=\"robots\" content=\"index, follow, max-snippet:-1, max-image-preview:large, max-video-preview:-1\" \/>\n<link rel=\"canonical\" href=\"https:\/\/garobulles.com\/index.php\/savons-solides-saponifie-a-froid\/\" \/>\n<meta property=\"og:locale\" content=\"fr_FR\" \/>\n<meta property=\"og:type\" content=\"article\" \/>\n<meta property=\"og:title\" content=\"Savons Solides fabriqu\u00e9 \u00e0 la main par saponification \u00e0 froid.\" \/>\n<meta property=\"og:description\" content=\"Savons solides saponifi\u00e9 \u00e0 froid riche en glyc\u00e9rine naturelle avec un surgras \u00e0 l&#039;huile d&#039;olive pour nettoyer et hydrater votre peaux,\" \/>\n<meta property=\"og:url\" content=\"https:\/\/garobulles.com\/index.php\/savons-solides-saponifie-a-froid\/\" \/>\n<meta property=\"og:site_name\" content=\"Savonnerie garobulles\" \/>\n<meta property=\"article:modified_time\" content=\"2024-04-02T14:56:36+00:00\" \/>\n<meta name=\"twitter:card\" content=\"summary_large_image\" \/>\n<meta name=\"twitter:label1\" content=\"Dur\u00e9e de lecture estim\u00e9e\" \/>\n\t<meta name=\"twitter:data1\" content=\"2 minutes\" \/>\n<script type=\"application\/ld+json\" class=\"yoast-schema-graph\">{\"@context\":\"https:\\\/\\\/schema.org\",\"@graph\":[{\"@type\":\"WebPage\",\"@id\":\"https:\\\/\\\/garobulles.com\\\/index.php\\\/savons-solides-saponifie-a-froid\\\/\",\"url\":\"https:\\\/\\\/garobulles.com\\\/index.php\\\/savons-solides-saponifie-a-froid\\\/\",\"name\":\"Savons Solides fabriqu\u00e9 \u00e0 la main par saponification \u00e0 froid.\",\"isPartOf\":{\"@id\":\"https:\\\/\\\/garobulles.com\\\/#website\"},\"datePublished\":\"2020-10-23T16:03:29+00:00\",\"dateModified\":\"2024-04-02T14:56:36+00:00\",\"description\":\"Savons solides saponifi\u00e9 \u00e0 froid riche en glyc\u00e9rine naturelle avec un surgras \u00e0 l'huile d'olive pour nettoyer et hydrater votre peaux,\",\"breadcrumb\":{\"@id\":\"https:\\\/\\\/garobulles.com\\\/index.php\\\/savons-solides-saponifie-a-froid\\\/#breadcrumb\"},\"inLanguage\":\"fr-FR\",\"potentialAction\":[{\"@type\":\"ReadAction\",\"target\":[\"https:\\\/\\\/garobulles.com\\\/index.php\\\/savons-solides-saponifie-a-froid\\\/\"]}]},{\"@type\":\"BreadcrumbList\",\"@id\":\"https:\\\/\\\/garobulles.com\\\/index.php\\\/savons-solides-saponifie-a-froid\\\/#breadcrumb\",\"itemListElement\":[{\"@type\":\"ListItem\",\"position\":1,\"name\":\"Accueil\",\"item\":\"https:\\\/\\\/garobulles.com\\\/\"},{\"@type\":\"ListItem\",\"position\":2,\"name\":\"Savons solides\"}]},{\"@type\":\"WebSite\",\"@id\":\"https:\\\/\\\/garobulles.com\\\/#website\",\"url\":\"https:\\\/\\\/garobulles.com\\\/\",\"name\":\"Savonnerie garobulles\",\"description\":\"&quot;Une exp\u00e9rience sensorielle, un moment de bien \u00eatre.\",\"publisher\":{\"@id\":\"https:\\\/\\\/garobulles.com\\\/#organization\"},\"potentialAction\":[{\"@type\":\"SearchAction\",\"target\":{\"@type\":\"EntryPoint\",\"urlTemplate\":\"https:\\\/\\\/garobulles.com\\\/?s={search_term_string}\"},\"query-input\":{\"@type\":\"PropertyValueSpecification\",\"valueRequired\":true,\"valueName\":\"search_term_string\"}}],\"inLanguage\":\"fr-FR\"},{\"@type\":\"Organization\",\"@id\":\"https:\\\/\\\/garobulles.com\\\/#organization\",\"name\":\"Savonnerie garobulles\",\"url\":\"https:\\\/\\\/garobulles.com\\\/\",\"logo\":{\"@type\":\"ImageObject\",\"inLanguage\":\"fr-FR\",\"@id\":\"https:\\\/\\\/garobulles.com\\\/#\\\/schema\\\/logo\\\/image\\\/\",\"url\":\"https:\\\/\\\/i0.wp.com\\\/garobulles.com\\\/wp-content\\\/uploads\\\/2020\\\/10\\\/cropped-garobulle-blanc-4.png?fit=582%2C524&ssl=1\",\"contentUrl\":\"https:\\\/\\\/i0.wp.com\\\/garobulles.com\\\/wp-content\\\/uploads\\\/2020\\\/10\\\/cropped-garobulle-blanc-4.png?fit=582%2C524&ssl=1\",\"width\":582,\"height\":524,\"caption\":\"Savonnerie garobulles\"},\"image\":{\"@id\":\"https:\\\/\\\/garobulles.com\\\/#\\\/schema\\\/logo\\\/image\\\/\"}}]}<\/script>\n<!-- \/ Yoast SEO plugin. -->","yoast_head_json":{"title":"Savons Solides fabriqu\u00e9 \u00e0 la main par saponification \u00e0 froid.","description":"Savons solides saponifi\u00e9 \u00e0 froid riche en glyc\u00e9rine naturelle avec un surgras \u00e0 l'huile d'olive pour nettoyer et hydrater votre peaux,","robots":{"index":"index","follow":"follow","max-snippet":"max-snippet:-1","max-image-preview":"max-image-preview:large","max-video-preview":"max-video-preview:-1"},"canonical":"https:\/\/garobulles.com\/index.php\/savons-solides-saponifie-a-froid\/","og_locale":"fr_FR","og_type":"article","og_title":"Savons Solides fabriqu\u00e9 \u00e0 la main par saponification \u00e0 froid.","og_description":"Savons solides saponifi\u00e9 \u00e0 froid riche en glyc\u00e9rine naturelle avec un surgras \u00e0 l'huile d'olive pour nettoyer et hydrater votre peaux,","og_url":"https:\/\/garobulles.com\/index.php\/savons-solides-saponifie-a-froid\/","og_site_name":"Savonnerie garobulles","article_modified_time":"2024-04-02T14:56:36+00:00","twitter_card":"summary_large_image","twitter_misc":{"Dur\u00e9e de lecture estim\u00e9e":"2 minutes"},"schema":{"@context":"https:\/\/schema.org","@graph":[{"@type":"WebPage","@id":"https:\/\/garobulles.com\/index.php\/savons-solides-saponifie-a-froid\/","url":"https:\/\/garobulles.com\/index.php\/savons-solides-saponifie-a-froid\/","name":"Savons Solides fabriqu\u00e9 \u00e0 la main par saponification \u00e0 froid.","isPartOf":{"@id":"https:\/\/garobulles.com\/#website"},"datePublished":"2020-10-23T16:03:29+00:00","dateModified":"2024-04-02T14:56:36+00:00","description":"Savons solides saponifi\u00e9 \u00e0 froid riche en glyc\u00e9rine naturelle avec un surgras \u00e0 l'huile d'olive pour nettoyer et hydrater votre peaux,","breadcrumb":{"@id":"https:\/\/garobulles.com\/index.php\/savons-solides-saponifie-a-froid\/#breadcrumb"},"inLanguage":"fr-FR","potentialAction":[{"@type":"ReadAction","target":["https:\/\/garobulles.com\/index.php\/savons-solides-saponifie-a-froid\/"]}]},{"@type":"BreadcrumbList","@id":"https:\/\/garobulles.com\/index.php\/savons-solides-saponifie-a-froid\/#breadcrumb","itemListElement":[{"@type":"ListItem","position":1,"name":"Accueil","item":"https:\/\/garobulles.com\/"},{"@type":"ListItem","position":2,"name":"Savons solides"}]},{"@type":"WebSite","@id":"https:\/\/garobulles.com\/#website","url":"https:\/\/garobulles.com\/","name":"Savonnerie garobulles","description":"&quot;Une exp\u00e9rience sensorielle, un moment de bien \u00eatre.","publisher":{"@id":"https:\/\/garobulles.com\/#organization"},"potentialAction":[{"@type":"SearchAction","target":{"@type":"EntryPoint","urlTemplate":"https:\/\/garobulles.com\/?s={search_term_string}"},"query-input":{"@type":"PropertyValueSpecification","valueRequired":true,"valueName":"search_term_string"}}],"inLanguage":"fr-FR"},{"@type":"Organization","@id":"https:\/\/garobulles.com\/#organization","name":"Savonnerie garobulles","url":"https:\/\/garobulles.com\/","logo":{"@type":"ImageObject","inLanguage":"fr-FR","@id":"https:\/\/garobulles.com\/#\/schema\/logo\/image\/","url":"https:\/\/i0.wp.com\/garobulles.com\/wp-content\/uploads\/2020\/10\/cropped-garobulle-blanc-4.png?fit=582%2C524&ssl=1","contentUrl":"https:\/\/i0.wp.com\/garobulles.com\/wp-content\/uploads\/2020\/10\/cropped-garobulle-blanc-4.png?fit=582%2C524&ssl=1","width":582,"height":524,"caption":"Savonnerie garobulles"},"image":{"@id":"https:\/\/garobulles.com\/#\/schema\/logo\/image\/"}}]}},"jetpack_sharing_enabled":true,"_links":{"self":[{"href":"https:\/\/garobulles.com\/index.php\/wp-json\/wp\/v2\/pages\/77","targetHints":{"allow":["GET"]}}],"collection":[{"href":"https:\/\/garobulles.com\/index.php\/wp-json\/wp\/v2\/pages"}],"about":[{"href":"https:\/\/garobulles.com\/index.php\/wp-json\/wp\/v2\/types\/page"}],"author":[{"embeddable":true,"href":"https:\/\/garobulles.com\/index.php\/wp-json\/wp\/v2\/users\/1"}],"replies":[{"embeddable":true,"href":"https:\/\/garobulles.com\/index.php\/wp-json\/wp\/v2\/comments?post=77"}],"version-history":[{"count":162,"href":"https:\/\/garobulles.com\/index.php\/wp-json\/wp\/v2\/pages\/77\/revisions"}],"predecessor-version":[{"id":3160,"href":"https:\/\/garobulles.com\/index.php\/wp-json\/wp\/v2\/pages\/77\/revisions\/3160"}],"wp:attachment":[{"href":"https:\/\/garobulles.com\/index.php\/wp-json\/wp\/v2\/media?parent=77"}],"curies":[{"name":"wp","href":"https:\/\/api.w.org\/{rel}","templated":true}]}}