{"id":1910,"date":"2022-04-12T11:46:07","date_gmt":"2022-04-12T09:46:07","guid":{"rendered":"https:\/\/garobulles.com\/?page_id=1910"},"modified":"2026-02-05T10:24:41","modified_gmt":"2026-02-05T09:24:41","slug":"endemik-by-garobulles","status":"publish","type":"page","link":"https:\/\/garobulles.com\/index.php\/endemik-by-garobulles\/","title":{"rendered":"End\u00e9mik"},"content":{"rendered":"\t\t<div data-elementor-type=\"wp-page\" data-elementor-id=\"1910\" class=\"elementor elementor-1910\">\n\t\t\t\t\t\t<section class=\"elementor-section elementor-top-section elementor-element elementor-element-0d8bcf4 elementor-section-boxed elementor-section-height-default elementor-section-height-default\" data-id=\"0d8bcf4\" data-element_type=\"section\" data-e-type=\"section\">\n\t\t\t\t\t\t<div class=\"elementor-container elementor-column-gap-default\">\n\t\t\t\t\t<div class=\"elementor-column elementor-col-100 elementor-top-column elementor-element elementor-element-1c0dcdd\" data-id=\"1c0dcdd\" data-element_type=\"column\" data-e-type=\"column\">\n\t\t\t<div class=\"elementor-widget-wrap elementor-element-populated\">\n\t\t\t\t\t\t<div class=\"elementor-element elementor-element-16f42c0 elementor-widget elementor-widget-heading\" data-id=\"16f42c0\" data-element_type=\"widget\" data-e-type=\"widget\" data-widget_type=\"heading.default\">\n\t\t\t\t<div class=\"elementor-widget-container\">\n\t\t\t\t\t<h1 class=\"elementor-heading-title elementor-size-default\">End\u00e9mik by garobulles<\/h1>\t\t\t\t<\/div>\n\t\t\t\t<\/div>\n\t\t\t\t\t<\/div>\n\t\t<\/div>\n\t\t\t\t\t<\/div>\n\t\t<\/section>\n\t\t\t\t<section class=\"elementor-section elementor-top-section elementor-element elementor-element-5ce7207d elementor-section-boxed elementor-section-height-default elementor-section-height-default\" data-id=\"5ce7207d\" data-element_type=\"section\" data-e-type=\"section\">\n\t\t\t\t\t\t<div class=\"elementor-container elementor-column-gap-default\">\n\t\t\t\t\t<div class=\"elementor-column elementor-col-100 elementor-top-column elementor-element elementor-element-3bbefe92\" data-id=\"3bbefe92\" data-element_type=\"column\" data-e-type=\"column\">\n\t\t\t<div class=\"elementor-widget-wrap elementor-element-populated\">\n\t\t\t\t\t\t<div class=\"elementor-element elementor-element-6acc27d elementor-widget elementor-widget-text-editor\" data-id=\"6acc27d\" data-element_type=\"widget\" data-e-type=\"widget\" data-widget_type=\"text-editor.default\">\n\t\t\t\t<div class=\"elementor-widget-container\">\n\t\t\t\t\t\t\t\t\t<p>C&rsquo;est la nouvelle gamme de produit naturel que nous proposons et 100% YUKA !\u00a0 Les 2 premiers produits sont \u00e0 base de mac\u00e9r\u00e2t de <a href=\"https:\/\/www.vidal.fr\/parapharmacie\/phytotherapie-plantes.html\">plante\u00a0<\/a>.<\/p>\n<p>Un baume r\u00e9parateur (Calendula-Mono\u00ef)\u00a0<\/p>\n<p>\u00a0Un baume de massage (Harpagophytum-H\u00e9lichryse-Arnica)<\/p>\n<p>End\u00e9mik pour \u00eatre encore plus pr\u00e8s de la nature !<\/p>\n<p>\u00a0<\/p>\n<h5>Qu&rsquo;est ce qu&rsquo;un mac\u00e9rat huileux ?<\/h5>\n<p><span class=\"ILfuVd\"><span class=\"hgKElc\">\u00a0Un\u00a0<b>mac\u00e9rat huileux<\/b> est une technique d&rsquo;extraction d&rsquo;une partie des principes actifs d&rsquo;une plante, en \u201cl&rsquo;infusant\u201d dans une huile. Cette huile se comporte alors comme un solvant et devient le s<\/span><\/span><span class=\"ILfuVd\"><span class=\"hgKElc\">upport des propri\u00e9t\u00e9s actives du v\u00e9g\u00e9tal.<\/span><\/span><\/p>\n<h2>Propri\u00e9t\u00e9s des Mac\u00e9rats que nous utilisons:<\/h2>\n<p><strong>Le mac\u00e9r\u00e2t huileux de calendula bio<\/strong> est reconnu pour\u00a0 \u00eatre <strong>Riche en actifs anti-inflammatoires puissants<\/strong>.<img fetchpriority=\"high\" decoding=\"async\" data-recalc-dims=\"1\" class=\"size-medium wp-image-1966 alignright\" src=\"https:\/\/i0.wp.com\/garobulles.com\/wp-content\/uploads\/2022\/04\/P_20200418_164058_vHDR_On.jpg?resize=300%2C169&#038;ssl=1\" alt=\"fleur de calendula end\u00e9mik by garobulles\" width=\"300\" height=\"169\" \/> Car les fleurs de Calendula sont utilis\u00e9es depuis des si\u00e8cles pour soulager les oed\u00e8mes et les congestions intervenant suite \u00e0 une br\u00fblure.<\/p>\n<p>Le mac\u00e9r\u00e2t de calendula\u00a0 apaise les zones sensibles\u00a0et d\u00e9licates de la peau.<\/p>\n<p>\u00a0<\/p>\n<p>Il est aussi Riche en antioxydants ainsi il prot\u00e8ge la peau et limite l&rsquo;apparition des signes du vieillissement cutan\u00e9. Et il Aide aussi \u00e0 la r\u00e9g\u00e9n\u00e9ration du tissu cutan\u00e9 alt\u00e9r\u00e9. Le mac\u00e9r\u00e2t de calendula apporte douceur et \u00e9lasticit\u00e9 \u00e0 la peau.<\/p>\n<p><strong>\u00a0Le mono\u00ef <\/strong>est lui reconnu pour ces propri\u00e9t\u00e9s Nourrissante, adoucissante et apaisante de la peau. Enfin, le mac\u00e9r\u00e2t de mono\u00ef exhale un parfum s\u00e9duisant et envoutant. Il associe des notes de coco, de vanille et de fleurs de tiar\u00e9 .<\/p>\n<p>Ainsi il Prot\u00e8ge la peau des agressions ext\u00e9rieures et Aide \u00e0 maintenir l<strong>&lsquo;<\/strong>hydratation de la peau .En plus il rend la peau plus lisse et plus \u00e9lastique et am\u00e9liore ainsi la fermet\u00e9 de la peau.<\/p>\n<p><b>Le mac\u00e9r\u00e2t d&rsquo;arnica<\/b><\/p>\n<p>Il\u00a0 est riche en compos\u00e9s<strong>\u00a0anti-inflammatoires puissants<\/strong>. Son mac\u00e9r\u00e2t huileux est recommand\u00e9 en compl\u00e9ment des traitements pour apaiser les inflammations. Il diminue la formation des bleus et facilite leur r\u00e9sorption. Et il Apaise et\u00a0soulage les zones endolories.<\/p>\n<p>R\u00e9parateur et Riche en actifs antioxydants, il lutte contre les signes du vieillissement cutan\u00e9.<\/p>\n<p><b>Le mac\u00e9r\u00e2t d&rsquo;H\u00e9lichryse<\/b><\/p>\n<p>Ses propri\u00e9t\u00e9s sont extr\u00eamement puissantes et tr\u00e8s appr\u00e9ci\u00e9es, elle est anti-\u0153d\u00e9mateuse*, antichocs, anti-h\u00e9matomes*, elle s&rsquo;av\u00e8re tr\u00e8s utile dans toutes les formes de traumatismes, coups, bleus, accidentologie et contrairement \u00e0 l&rsquo;huile essentielle le mac\u00e9r\u00e2t peut s&rsquo;appliquer \u00e0 proximit\u00e9 des yeux en cas de troubles \u0153d\u00e9mateux .<\/p>\n<p><strong>Le mac\u00e9rat d&rsquo;Harpagophytum<\/strong>\u00a0<\/p>\n<p>L&rsquo;harpagophytum est l&rsquo;un des traitements naturels les plus efficaces pour traiter les douleurs articulaires. Elle est notamment tr\u00e8s efficace contre les inflammations et les douleurs chroniques des articulations, telles que l&rsquo;arthrose (moins inflammatoire que l\u2019arthrite, mais certaines \u00e9tudes d\u00e9montrent n\u00e9anmoins une composante inflammatoire \u00e0 cette pathologie) l\u2019arthrite ou les rhumatismes. Les rhumatismes constituent un terme g\u00e9n\u00e9rique pour tout type de douleurs li\u00e9es aux articulations, aux os et aux muscles ; ces douleurs ne sont pas forc\u00e9ment li\u00e9es \u00e0 l&rsquo;\u00e2ge, mais peuvent \u00eatre dues \u00e0 des efforts physiques r\u00e9p\u00e9t\u00e9s ou \u00e0 des maladies chroniques. Les racines d&rsquo;harpagophytum poss\u00e8dent de puissantes propri\u00e9t\u00e9s anti-inflammatoires et analg\u00e9siques reconnues. Ces propri\u00e9t\u00e9s sont particuli\u00e8rement efficaces pour les articulations douloureuses. L&rsquo;harpagophytum contient en effet des irido\u00efdes, ainsi que des flavono\u00efdes et des phytost\u00e9rols. C&rsquo;est cette combinaison d&rsquo;actifs qui g\u00e9n\u00e8re l\u2019effet anti-inflammatoire. Le plus souvent, l&rsquo;harpagophytum est prescrit en traitement de fond, chez les personnes souffrant de probl\u00e8mes articulatoires chroniques (arthrose, arthrite ou rhumatismes) pour permettre de diminuer la dose ou la fr\u00e9quence de prise d\u2019anti-inflammatoires classiques. L&rsquo;harpagophytum est \u00e9galement recommand\u00e9 en cas de douleurs dorsales et lombaires.<\/p>\n<p><!-- \/wp:paragraph --><\/p>\n<p><!-- wp:paragraph --><\/p>\n<p>Cette racine est particuli\u00e8rement appr\u00e9ci\u00e9e des sportifs, afin de faciliter la mobilit\u00e9 de leurs articulations.\u00a0 L&rsquo;harpagophytum est par exemple conseill\u00e9 en cas d&rsquo;entorse ou de tendinite, afin de calmer la douleur et l\u2019inflammation et de diminuer le temps n\u00e9cessaire pour le r\u00e9tablissement. Cette plante aide \u00e9galement \u00e0 maintenir une bonne flexibilit\u00e9 des tendons chez les personnes amen\u00e9es \u00e0 r\u00e9aliser des efforts physiques importants, ou faisant des gestes identiques de fa\u00e7on r\u00e9p\u00e9t\u00e9e (par exemple pour les personnes pratiquant un sport comportant des mouvements de torsions<\/p>\n<p>\u00a0<\/p>\n<p><!-- \/wp:paragraph --><\/p>\n<p><!-- wp:paragraph --><\/p>\n<p>\u00a0<\/p>\n<p><!-- \/wp:paragraph --><\/p>\t\t\t\t\t\t\t\t<\/div>\n\t\t\t\t<\/div>\n\t\t\t\t\t<\/div>\n\t\t<\/div>\n\t\t\t\t\t<\/div>\n\t\t<\/section>\n\t\t\t\t<section class=\"elementor-section elementor-top-section elementor-element elementor-element-0a4ff0c elementor-section-boxed elementor-section-height-default elementor-section-height-default\" data-id=\"0a4ff0c\" data-element_type=\"section\" data-e-type=\"section\">\n\t\t\t\t\t\t<div class=\"elementor-container elementor-column-gap-default\">\n\t\t\t\t\t<div class=\"elementor-column elementor-col-100 elementor-top-column elementor-element elementor-element-5a95bf9\" data-id=\"5a95bf9\" data-element_type=\"column\" data-e-type=\"column\">\n\t\t\t<div class=\"elementor-widget-wrap elementor-element-populated\">\n\t\t\t\t\t\t<div class=\"elementor-element elementor-element-342ccac elementor-arrows-position-inside elementor-pagination-position-outside elementor-invisible elementor-widget elementor-widget-image-carousel\" data-id=\"342ccac\" data-element_type=\"widget\" data-e-type=\"widget\" data-settings=\"{&quot;slides_to_show&quot;:&quot;1&quot;,&quot;_animation&quot;:&quot;zoomIn&quot;,&quot;_animation_delay&quot;:700,&quot;autoplay_speed&quot;:1000,&quot;navigation&quot;:&quot;both&quot;,&quot;autoplay&quot;:&quot;yes&quot;,&quot;pause_on_hover&quot;:&quot;yes&quot;,&quot;pause_on_interaction&quot;:&quot;yes&quot;,&quot;infinite&quot;:&quot;yes&quot;,&quot;effect&quot;:&quot;slide&quot;,&quot;speed&quot;:500}\" data-widget_type=\"image-carousel.default\">\n\t\t\t\t<div class=\"elementor-widget-container\">\n\t\t\t\t\t\t\t<div class=\"elementor-image-carousel-wrapper swiper\" role=\"region\" aria-roledescription=\"carousel\" aria-label=\"Carrousel d\u2019images\" dir=\"ltr\">\n\t\t\t<div class=\"elementor-image-carousel swiper-wrapper\" aria-live=\"off\">\n\t\t\t\t\t\t\t\t<div class=\"swiper-slide\" role=\"group\" aria-roledescription=\"slide\" aria-label=\"1 sur 4\"><figure class=\"swiper-slide-inner\"><img decoding=\"async\" class=\"swiper-slide-image\" src=\"https:\/\/i0.wp.com\/garobulles.com\/wp-content\/uploads\/2022\/08\/baume-reparateur-photo-off.png?fit=700%2C700&amp;ssl=1\" alt=\"baume r\u00e9parateur end\u00e9mik\" \/><\/figure><\/div><div class=\"swiper-slide\" role=\"group\" aria-roledescription=\"slide\" aria-label=\"2 sur 4\"><figure class=\"swiper-slide-inner\"><img decoding=\"async\" class=\"swiper-slide-image\" src=\"https:\/\/i0.wp.com\/garobulles.com\/wp-content\/uploads\/2021\/01\/baume-massage-canva-e1661439702300.png?fit=700%2C700&amp;ssl=1\" alt=\"baume de massage end\u00e9mik\" \/><\/figure><\/div><div class=\"swiper-slide\" role=\"group\" aria-roledescription=\"slide\" aria-label=\"3 sur 4\"><figure class=\"swiper-slide-inner\"><img decoding=\"async\" class=\"swiper-slide-image\" src=\"https:\/\/i0.wp.com\/garobulles.com\/wp-content\/uploads\/2022\/08\/P_20180624_160757_vHDR_Auto_1.jpg?fit=700%2C700&amp;ssl=1\" alt=\"mac\u00e9rat de calendula\" \/><\/figure><\/div><div class=\"swiper-slide\" role=\"group\" aria-roledescription=\"slide\" aria-label=\"4 sur 4\"><figure class=\"swiper-slide-inner\"><img decoding=\"async\" class=\"swiper-slide-image\" src=\"https:\/\/i0.wp.com\/garobulles.com\/wp-content\/uploads\/2022\/08\/DSC_7734-scaled.jpg?fit=700%2C700&amp;ssl=1\" alt=\"mortier de curcuma\" \/><\/figure><\/div>\t\t\t<\/div>\n\t\t\t\t\t\t\t\t\t\t\t\t<div class=\"elementor-swiper-button elementor-swiper-button-prev\" role=\"button\" tabindex=\"0\">\n\t\t\t\t\t\t<i aria-hidden=\"true\" class=\"eicon-chevron-left\"><\/i>\t\t\t\t\t<\/div>\n\t\t\t\t\t<div class=\"elementor-swiper-button elementor-swiper-button-next\" role=\"button\" tabindex=\"0\">\n\t\t\t\t\t\t<i aria-hidden=\"true\" class=\"eicon-chevron-right\"><\/i>\t\t\t\t\t<\/div>\n\t\t\t\t\n\t\t\t\t\t\t\t\t\t<div class=\"swiper-pagination\"><\/div>\n\t\t\t\t\t\t\t\t\t<\/div>\n\t\t\t\t\t\t<\/div>\n\t\t\t\t<\/div>\n\t\t\t\t\t<\/div>\n\t\t<\/div>\n\t\t\t\t\t<\/div>\n\t\t<\/section>\n\t\t\t\t<section class=\"elementor-section elementor-top-section elementor-element elementor-element-461af4f elementor-section-boxed elementor-section-height-default elementor-section-height-default\" data-id=\"461af4f\" data-element_type=\"section\" data-e-type=\"section\">\n\t\t\t\t\t\t<div class=\"elementor-container elementor-column-gap-default\">\n\t\t\t\t\t<div class=\"elementor-column elementor-col-100 elementor-top-column elementor-element elementor-element-70aac91\" data-id=\"70aac91\" data-element_type=\"column\" data-e-type=\"column\">\n\t\t\t<div class=\"elementor-widget-wrap elementor-element-populated\">\n\t\t\t\t\t\t<div class=\"elementor-element elementor-element-3ab3fd2 elementor-button-danger elementor-align-center elementor-widget elementor-widget-button\" data-id=\"3ab3fd2\" data-element_type=\"widget\" data-e-type=\"widget\" data-widget_type=\"button.default\">\n\t\t\t\t<div class=\"elementor-widget-container\">\n\t\t\t\t\t\t\t\t\t<div class=\"elementor-button-wrapper\">\n\t\t\t\t\t<a class=\"elementor-button elementor-button-link elementor-size-md\" href=\"https:\/\/garobulles.com\/index.php\/boutique-garobulles\/\" target=\"_blank\">\n\t\t\t\t\t\t<span class=\"elementor-button-content-wrapper\">\n\t\t\t\t\t\t\t\t\t<span class=\"elementor-button-text\">C'est part ici !!!<\/span>\n\t\t\t\t\t<\/span>\n\t\t\t\t\t<\/a>\n\t\t\t\t<\/div>\n\t\t\t\t\t\t\t\t<\/div>\n\t\t\t\t<\/div>\n\t\t\t\t\t<\/div>\n\t\t<\/div>\n\t\t\t\t\t<\/div>\n\t\t<\/section>\n\t\t\t\t<\/div>\n\t\t","protected":false},"excerpt":{"rendered":"<p>End\u00e9mik by garobulles C&rsquo;est la nouvelle gamme de produit naturel que nous proposons et 100% YUKA !\u00a0 Les 2 premiers produits sont \u00e0 base de mac\u00e9r\u00e2t de plante\u00a0. Un baume r\u00e9parateur (Calendula-Mono\u00ef)\u00a0 \u00a0Un baume de massage (Harpagophytum-H\u00e9lichryse-Arnica) End\u00e9mik pour \u00eatre encore plus pr\u00e8s de la nature ! \u00a0 Qu&rsquo;est ce qu&rsquo;un mac\u00e9rat huileux ? \u00a0Un\u00a0mac\u00e9rat [&hellip;]<\/p>\n","protected":false},"author":1,"featured_media":0,"parent":0,"menu_order":0,"comment_status":"closed","ping_status":"closed","template":"","meta":{"footnotes":""},"class_list":["post-1910","page","type-page","status-publish","hentry","entry","owp-thumbs-layout-horizontal","owp-btn-normal","owp-tabs-layout-horizontal","has-no-thumbnails","has-product-nav"],"yoast_head":"<!-- This site is optimized with the Yoast SEO plugin v27.4 - https:\/\/yoast.com\/product\/yoast-seo-wordpress\/ -->\n<title>End\u00e9mik by garobulles<\/title>\n<meta name=\"description\" content=\"End\u00e9mik by garobulles c&#039;est la nouvelle gamme de cosm\u00e9tique naturel fabriqu\u00e9 \u00e0 partir d&#039;ingr\u00e9dient issu de l&#039;agriculture biologique.\" \/>\n<meta name=\"robots\" content=\"index, follow, max-snippet:-1, max-image-preview:large, max-video-preview:-1\" \/>\n<link rel=\"canonical\" href=\"https:\/\/garobulles.com\/index.php\/endemik-by-garobulles\/\" \/>\n<meta property=\"og:locale\" content=\"fr_FR\" \/>\n<meta property=\"og:type\" content=\"article\" \/>\n<meta property=\"og:title\" content=\"End\u00e9mik by garobulles\" \/>\n<meta property=\"og:description\" content=\"End\u00e9mik by garobulles c&#039;est la nouvelle gamme de cosm\u00e9tique naturel fabriqu\u00e9 \u00e0 partir d&#039;ingr\u00e9dient issu de l&#039;agriculture biologique.\" \/>\n<meta property=\"og:url\" content=\"https:\/\/garobulles.com\/index.php\/endemik-by-garobulles\/\" \/>\n<meta property=\"og:site_name\" content=\"Savonnerie garobulles\" \/>\n<meta property=\"article:modified_time\" content=\"2026-02-05T09:24:41+00:00\" \/>\n<meta property=\"og:image\" content=\"https:\/\/garobulles.com\/wp-content\/uploads\/2022\/04\/P_20200418_164058_vHDR_On-300x169.jpg\" \/>\n<meta name=\"twitter:card\" content=\"summary_large_image\" \/>\n<meta name=\"twitter:label1\" content=\"Dur\u00e9e de lecture estim\u00e9e\" \/>\n\t<meta name=\"twitter:data1\" content=\"5 minutes\" \/>\n<script type=\"application\/ld+json\" class=\"yoast-schema-graph\">{\"@context\":\"https:\\\/\\\/schema.org\",\"@graph\":[{\"@type\":\"WebPage\",\"@id\":\"https:\\\/\\\/garobulles.com\\\/index.php\\\/endemik-by-garobulles\\\/\",\"url\":\"https:\\\/\\\/garobulles.com\\\/index.php\\\/endemik-by-garobulles\\\/\",\"name\":\"End\u00e9mik by garobulles\",\"isPartOf\":{\"@id\":\"https:\\\/\\\/garobulles.com\\\/#website\"},\"primaryImageOfPage\":{\"@id\":\"https:\\\/\\\/garobulles.com\\\/index.php\\\/endemik-by-garobulles\\\/#primaryimage\"},\"image\":{\"@id\":\"https:\\\/\\\/garobulles.com\\\/index.php\\\/endemik-by-garobulles\\\/#primaryimage\"},\"thumbnailUrl\":\"https:\\\/\\\/garobulles.com\\\/wp-content\\\/uploads\\\/2022\\\/04\\\/P_20200418_164058_vHDR_On-300x169.jpg\",\"datePublished\":\"2022-04-12T09:46:07+00:00\",\"dateModified\":\"2026-02-05T09:24:41+00:00\",\"description\":\"End\u00e9mik by garobulles c'est la nouvelle gamme de cosm\u00e9tique naturel fabriqu\u00e9 \u00e0 partir d'ingr\u00e9dient issu de l'agriculture biologique.\",\"breadcrumb\":{\"@id\":\"https:\\\/\\\/garobulles.com\\\/index.php\\\/endemik-by-garobulles\\\/#breadcrumb\"},\"inLanguage\":\"fr-FR\",\"potentialAction\":[{\"@type\":\"ReadAction\",\"target\":[\"https:\\\/\\\/garobulles.com\\\/index.php\\\/endemik-by-garobulles\\\/\"]}]},{\"@type\":\"ImageObject\",\"inLanguage\":\"fr-FR\",\"@id\":\"https:\\\/\\\/garobulles.com\\\/index.php\\\/endemik-by-garobulles\\\/#primaryimage\",\"url\":\"https:\\\/\\\/i0.wp.com\\\/garobulles.com\\\/wp-content\\\/uploads\\\/2022\\\/04\\\/P_20200418_164058_vHDR_On-scaled.jpg?fit=2560%2C1441&ssl=1\",\"contentUrl\":\"https:\\\/\\\/i0.wp.com\\\/garobulles.com\\\/wp-content\\\/uploads\\\/2022\\\/04\\\/P_20200418_164058_vHDR_On-scaled.jpg?fit=2560%2C1441&ssl=1\",\"width\":2560,\"height\":1441,\"caption\":\"fleur de calendula end\u00e9mik by garobulles\"},{\"@type\":\"BreadcrumbList\",\"@id\":\"https:\\\/\\\/garobulles.com\\\/index.php\\\/endemik-by-garobulles\\\/#breadcrumb\",\"itemListElement\":[{\"@type\":\"ListItem\",\"position\":1,\"name\":\"Accueil\",\"item\":\"https:\\\/\\\/garobulles.com\\\/\"},{\"@type\":\"ListItem\",\"position\":2,\"name\":\"End\u00e9mik\"}]},{\"@type\":\"WebSite\",\"@id\":\"https:\\\/\\\/garobulles.com\\\/#website\",\"url\":\"https:\\\/\\\/garobulles.com\\\/\",\"name\":\"Savonnerie garobulles\",\"description\":\"&quot;Une exp\u00e9rience sensorielle, un moment de bien \u00eatre.\",\"publisher\":{\"@id\":\"https:\\\/\\\/garobulles.com\\\/#organization\"},\"potentialAction\":[{\"@type\":\"SearchAction\",\"target\":{\"@type\":\"EntryPoint\",\"urlTemplate\":\"https:\\\/\\\/garobulles.com\\\/?s={search_term_string}\"},\"query-input\":{\"@type\":\"PropertyValueSpecification\",\"valueRequired\":true,\"valueName\":\"search_term_string\"}}],\"inLanguage\":\"fr-FR\"},{\"@type\":\"Organization\",\"@id\":\"https:\\\/\\\/garobulles.com\\\/#organization\",\"name\":\"Savonnerie garobulles\",\"url\":\"https:\\\/\\\/garobulles.com\\\/\",\"logo\":{\"@type\":\"ImageObject\",\"inLanguage\":\"fr-FR\",\"@id\":\"https:\\\/\\\/garobulles.com\\\/#\\\/schema\\\/logo\\\/image\\\/\",\"url\":\"https:\\\/\\\/i0.wp.com\\\/garobulles.com\\\/wp-content\\\/uploads\\\/2020\\\/10\\\/cropped-garobulle-blanc-4.png?fit=582%2C524&ssl=1\",\"contentUrl\":\"https:\\\/\\\/i0.wp.com\\\/garobulles.com\\\/wp-content\\\/uploads\\\/2020\\\/10\\\/cropped-garobulle-blanc-4.png?fit=582%2C524&ssl=1\",\"width\":582,\"height\":524,\"caption\":\"Savonnerie garobulles\"},\"image\":{\"@id\":\"https:\\\/\\\/garobulles.com\\\/#\\\/schema\\\/logo\\\/image\\\/\"}}]}<\/script>\n<!-- \/ Yoast SEO plugin. -->","yoast_head_json":{"title":"End\u00e9mik by garobulles","description":"End\u00e9mik by garobulles c'est la nouvelle gamme de cosm\u00e9tique naturel fabriqu\u00e9 \u00e0 partir d'ingr\u00e9dient issu de l'agriculture biologique.","robots":{"index":"index","follow":"follow","max-snippet":"max-snippet:-1","max-image-preview":"max-image-preview:large","max-video-preview":"max-video-preview:-1"},"canonical":"https:\/\/garobulles.com\/index.php\/endemik-by-garobulles\/","og_locale":"fr_FR","og_type":"article","og_title":"End\u00e9mik by garobulles","og_description":"End\u00e9mik by garobulles c'est la nouvelle gamme de cosm\u00e9tique naturel fabriqu\u00e9 \u00e0 partir d'ingr\u00e9dient issu de l'agriculture biologique.","og_url":"https:\/\/garobulles.com\/index.php\/endemik-by-garobulles\/","og_site_name":"Savonnerie garobulles","article_modified_time":"2026-02-05T09:24:41+00:00","og_image":[{"url":"https:\/\/garobulles.com\/wp-content\/uploads\/2022\/04\/P_20200418_164058_vHDR_On-300x169.jpg","type":"","width":"","height":""}],"twitter_card":"summary_large_image","twitter_misc":{"Dur\u00e9e de lecture estim\u00e9e":"5 minutes"},"schema":{"@context":"https:\/\/schema.org","@graph":[{"@type":"WebPage","@id":"https:\/\/garobulles.com\/index.php\/endemik-by-garobulles\/","url":"https:\/\/garobulles.com\/index.php\/endemik-by-garobulles\/","name":"End\u00e9mik by garobulles","isPartOf":{"@id":"https:\/\/garobulles.com\/#website"},"primaryImageOfPage":{"@id":"https:\/\/garobulles.com\/index.php\/endemik-by-garobulles\/#primaryimage"},"image":{"@id":"https:\/\/garobulles.com\/index.php\/endemik-by-garobulles\/#primaryimage"},"thumbnailUrl":"https:\/\/garobulles.com\/wp-content\/uploads\/2022\/04\/P_20200418_164058_vHDR_On-300x169.jpg","datePublished":"2022-04-12T09:46:07+00:00","dateModified":"2026-02-05T09:24:41+00:00","description":"End\u00e9mik by garobulles c'est la nouvelle gamme de cosm\u00e9tique naturel fabriqu\u00e9 \u00e0 partir d'ingr\u00e9dient issu de l'agriculture biologique.","breadcrumb":{"@id":"https:\/\/garobulles.com\/index.php\/endemik-by-garobulles\/#breadcrumb"},"inLanguage":"fr-FR","potentialAction":[{"@type":"ReadAction","target":["https:\/\/garobulles.com\/index.php\/endemik-by-garobulles\/"]}]},{"@type":"ImageObject","inLanguage":"fr-FR","@id":"https:\/\/garobulles.com\/index.php\/endemik-by-garobulles\/#primaryimage","url":"https:\/\/i0.wp.com\/garobulles.com\/wp-content\/uploads\/2022\/04\/P_20200418_164058_vHDR_On-scaled.jpg?fit=2560%2C1441&ssl=1","contentUrl":"https:\/\/i0.wp.com\/garobulles.com\/wp-content\/uploads\/2022\/04\/P_20200418_164058_vHDR_On-scaled.jpg?fit=2560%2C1441&ssl=1","width":2560,"height":1441,"caption":"fleur de calendula end\u00e9mik by garobulles"},{"@type":"BreadcrumbList","@id":"https:\/\/garobulles.com\/index.php\/endemik-by-garobulles\/#breadcrumb","itemListElement":[{"@type":"ListItem","position":1,"name":"Accueil","item":"https:\/\/garobulles.com\/"},{"@type":"ListItem","position":2,"name":"End\u00e9mik"}]},{"@type":"WebSite","@id":"https:\/\/garobulles.com\/#website","url":"https:\/\/garobulles.com\/","name":"Savonnerie garobulles","description":"&quot;Une exp\u00e9rience sensorielle, un moment de bien \u00eatre.","publisher":{"@id":"https:\/\/garobulles.com\/#organization"},"potentialAction":[{"@type":"SearchAction","target":{"@type":"EntryPoint","urlTemplate":"https:\/\/garobulles.com\/?s={search_term_string}"},"query-input":{"@type":"PropertyValueSpecification","valueRequired":true,"valueName":"search_term_string"}}],"inLanguage":"fr-FR"},{"@type":"Organization","@id":"https:\/\/garobulles.com\/#organization","name":"Savonnerie garobulles","url":"https:\/\/garobulles.com\/","logo":{"@type":"ImageObject","inLanguage":"fr-FR","@id":"https:\/\/garobulles.com\/#\/schema\/logo\/image\/","url":"https:\/\/i0.wp.com\/garobulles.com\/wp-content\/uploads\/2020\/10\/cropped-garobulle-blanc-4.png?fit=582%2C524&ssl=1","contentUrl":"https:\/\/i0.wp.com\/garobulles.com\/wp-content\/uploads\/2020\/10\/cropped-garobulle-blanc-4.png?fit=582%2C524&ssl=1","width":582,"height":524,"caption":"Savonnerie garobulles"},"image":{"@id":"https:\/\/garobulles.com\/#\/schema\/logo\/image\/"}}]}},"jetpack_sharing_enabled":true,"_links":{"self":[{"href":"https:\/\/garobulles.com\/index.php\/wp-json\/wp\/v2\/pages\/1910","targetHints":{"allow":["GET"]}}],"collection":[{"href":"https:\/\/garobulles.com\/index.php\/wp-json\/wp\/v2\/pages"}],"about":[{"href":"https:\/\/garobulles.com\/index.php\/wp-json\/wp\/v2\/types\/page"}],"author":[{"embeddable":true,"href":"https:\/\/garobulles.com\/index.php\/wp-json\/wp\/v2\/users\/1"}],"replies":[{"embeddable":true,"href":"https:\/\/garobulles.com\/index.php\/wp-json\/wp\/v2\/comments?post=1910"}],"version-history":[{"count":156,"href":"https:\/\/garobulles.com\/index.php\/wp-json\/wp\/v2\/pages\/1910\/revisions"}],"predecessor-version":[{"id":3524,"href":"https:\/\/garobulles.com\/index.php\/wp-json\/wp\/v2\/pages\/1910\/revisions\/3524"}],"wp:attachment":[{"href":"https:\/\/garobulles.com\/index.php\/wp-json\/wp\/v2\/media?parent=1910"}],"curies":[{"name":"wp","href":"https:\/\/api.w.org\/{rel}","templated":true}]}}